{"id":332,"date":"2015-10-13T14:23:53","date_gmt":"2015-10-13T11:23:53","guid":{"rendered":"http:\/\/ee.mlfmonde.org\/rauma-areva\/?page_id=332"},"modified":"2015-10-13T14:23:53","modified_gmt":"2015-10-13T11:23:53","slug":"hugo-simberg","status":"publish","type":"page","link":"https:\/\/ee.mlfmonde.org\/rauma-areva\/hugo-simberg\/","title":{"rendered":"Hugo Simberg"},"content":{"rendered":"<p>Notre guide <strong>Eeva<\/strong> nous fait d\u00e9couvrir <strong>Hugo Simberg<\/strong>, et plus particuli\u00e8rement une de ses peintures, <i>\u00ab\u00a0l\u2019ange bless\u00e9\u00a0\u00bb.<\/i> Suivez le guide\u00a0!<\/p>\n<p><a href=\"http:\/\/ee.mlfmonde.org\/rauma-areva\/wp-content\/uploads\/sites\/3\/2015\/10\/hugo_simberg.jpg\"><img fetchpriority=\"high\" decoding=\"async\" class=\"size-medium wp-image-333 aligncenter\" src=\"http:\/\/ee.mlfmonde.org\/rauma-areva\/wp-content\/uploads\/sites\/3\/2015\/10\/hugo_simberg-300x244.jpg\" alt=\"hugo_simberg\" width=\"300\" height=\"244\" srcset=\"https:\/\/ee.mlfmonde.org\/rauma-areva\/wp-content\/uploads\/sites\/3\/2015\/10\/hugo_simberg-300x244.jpg 300w, https:\/\/ee.mlfmonde.org\/rauma-areva\/wp-content\/uploads\/sites\/3\/2015\/10\/hugo_simberg.jpg 702w\" sizes=\"(max-width: 300px) 100vw, 300px\" \/><\/a><\/p>\n<p style=\"text-align: justify\">Hugo Simberg (n\u00e9 en 1873, mort en 1917) \u00e9tait un peintre symboliste finlandais. Il a introduit le symbolisme en Finlande et s\u2019est essay\u00e9 \u00e0 de nouveaux courants artistiques europ\u00e9ens au d\u00e9but de 20\u00e8me si\u00e8cle. Les symbolistes ne peignent pas fid\u00e8lement l\u2019objet mais recherchent une impression et une sensation qui ressemblent au monde id\u00e9al.<\/p>\n<p style=\"text-align: justify\">Hugo Simberg a peint son oeuvre \u00ab\u00a0L\u2019Ange bless\u00e9\u00a0\u00bb en 1903 apr\u00e8s avoir \u00e9t\u00e9 malade tout l\u2019hiver. Il a pass\u00e9 six mois \u00e0 l\u2019h\u00f4pital et a lutt\u00e9 contre la maladie pour pouvoir faire cette peinture. Il ne voulait jamais commenter ses oeuvres. Il incitait les gens \u00e0 faire leurs propres interpr\u00e9tations et il esp\u00e9rait que ses peintures touchent au plus profond et fassent pleurer les gens en leur for int\u00e9rieur. A son avis on ne devait pas r\u00e9fl\u00e9chir \u00e0 ce que le peintre avait pens\u00e9 quand il a fait son oeuvre ou ce qui se passe dans la peinture\u00a0: le plus important, c\u2019est la sensation du spectateur.<\/p>\n<p style=\"text-align: justify\">En 1905 l\u2019artiste a commenc\u00e9 le plus grand travail de sa carri\u00e8re. Il a peint les vitraux et le plafond de la cath\u00e9drale de Tampere et il a aussi peint sur les murs trois fresques dont une est sa peinture favorite, \u00ab\u00a0L\u2019Ange bless\u00e9\u00a0\u00bb.<\/p>\n","protected":false},"excerpt":{"rendered":"<p>Notre guide Eeva nous fait d\u00e9couvrir Hugo Simberg, et plus particuli\u00e8rement une de ses peintures, \u00ab\u00a0l\u2019ange bless\u00e9\u00a0\u00bb. Suivez le guide\u00a0! Hugo Simberg (n\u00e9 en 1873, mort en 1917) \u00e9tait un peintre symboliste finlandais. Il a introduit le symbolisme en Finlande et s\u2019est essay\u00e9 \u00e0 de nouveaux courants artistiques europ\u00e9ens au d\u00e9but de 20\u00e8me si\u00e8cle. Les [&hellip;]<\/p>\n","protected":false},"author":5,"featured_media":0,"parent":0,"menu_order":0,"comment_status":"closed","ping_status":"closed","template":"","meta":{"_acf_changed":false,"footnotes":""},"class_list":["post-332","page","type-page","status-publish","czr-hentry"],"acf":[],"_links":{"self":[{"href":"https:\/\/ee.mlfmonde.org\/rauma-areva\/wp-json\/wp\/v2\/pages\/332","targetHints":{"allow":["GET"]}}],"collection":[{"href":"https:\/\/ee.mlfmonde.org\/rauma-areva\/wp-json\/wp\/v2\/pages"}],"about":[{"href":"https:\/\/ee.mlfmonde.org\/rauma-areva\/wp-json\/wp\/v2\/types\/page"}],"author":[{"embeddable":true,"href":"https:\/\/ee.mlfmonde.org\/rauma-areva\/wp-json\/wp\/v2\/users\/5"}],"replies":[{"embeddable":true,"href":"https:\/\/ee.mlfmonde.org\/rauma-areva\/wp-json\/wp\/v2\/comments?post=332"}],"version-history":[{"count":1,"href":"https:\/\/ee.mlfmonde.org\/rauma-areva\/wp-json\/wp\/v2\/pages\/332\/revisions"}],"predecessor-version":[{"id":334,"href":"https:\/\/ee.mlfmonde.org\/rauma-areva\/wp-json\/wp\/v2\/pages\/332\/revisions\/334"}],"wp:attachment":[{"href":"https:\/\/ee.mlfmonde.org\/rauma-areva\/wp-json\/wp\/v2\/media?parent=332"}],"curies":[{"name":"wp","href":"https:\/\/api.w.org\/{rel}","templated":true}]}}