{"id":326,"date":"2015-10-13T14:09:49","date_gmt":"2015-10-13T11:09:49","guid":{"rendered":"http:\/\/ee.mlfmonde.org\/rauma-areva\/?page_id=326"},"modified":"2015-10-13T14:26:34","modified_gmt":"2015-10-13T11:26:34","slug":"eero-jarnefelt","status":"publish","type":"page","link":"https:\/\/ee.mlfmonde.org\/rauma-areva\/eero-jarnefelt\/","title":{"rendered":"Eero J\u00e4rnefelt"},"content":{"rendered":"<h3 class=\"spip\" style=\"text-align: center\"><strong>Eero J\u00e4rnefelt\u00a0: \u00ab\u00a0Le brulis\u00a0\u00bb<\/strong><\/h3>\n<p><a href=\"http:\/\/ee.mlfmonde.org\/rauma-areva\/wp-content\/uploads\/sites\/3\/2015\/10\/Jarnefelt_Eero_Kaski_1893.jpg\"><img fetchpriority=\"high\" decoding=\"async\" class=\"alignnone size-medium wp-image-327 aligncenter\" src=\"http:\/\/ee.mlfmonde.org\/rauma-areva\/wp-content\/uploads\/sites\/3\/2015\/10\/Jarnefelt_Eero_Kaski_1893-300x230.jpg\" alt=\"Jarnefelt_Eero_Kaski_1893\" width=\"300\" height=\"230\" srcset=\"https:\/\/ee.mlfmonde.org\/rauma-areva\/wp-content\/uploads\/sites\/3\/2015\/10\/Jarnefelt_Eero_Kaski_1893-300x230.jpg 300w, https:\/\/ee.mlfmonde.org\/rauma-areva\/wp-content\/uploads\/sites\/3\/2015\/10\/Jarnefelt_Eero_Kaski_1893.jpg 600w\" sizes=\"(max-width: 300px) 100vw, 300px\" \/><\/a><\/p>\n<p style=\"text-align: justify\">Eero J\u00e4rnefelt (n\u00e9 en 1863, mort en 1937) \u00e9tait un peintre finlandais et professeur d\u2019universit\u00e9 \u00e0 Helsinki. Il a \u00e9tudi\u00e9 l\u2019art \u00e0 St. Petersburg, \u00e0 l\u2019Acad\u00e9mie Julian \u00e0 Paris et en Italie. Ses peintures les plus connues sont les paysages de Koli (\u00e0 l\u2019est de la Finlande) et des portraits de personnes connues.<\/p>\n<p style=\"text-align: justify\">Sa peinture la plus connue est <strong>\u00ab\u00a0Kaski\u00a0\u00bb (Le br\u00fblis)<\/strong>, qu\u2019il a peint en \u00e9t\u00e9 1893. L\u2019artiste a voulu qu\u2019en regardant cette oeuvre les gens se rappellent, m\u00eame apr\u00e8s cent ans, que le br\u00fblis \u00e0 feu courant \u00e9tait un travail tr\u00e8s dur et que toute la famille y participait.<\/p>\n<p style=\"text-align: justify\">A cette \u00e9poque on br\u00fblait des arbres et des for\u00eats pour avoir des champs. Il n\u2019y avait pas beaucoup de nourriture en Finlande et les gens essayaient d\u2019avoir des endroits pour cultiver des c\u00e9r\u00e9ales. Les gens dans cette peinture sont pauvres et ils ont faim. Beaucoup de gens sont morts de faim dans les ann\u00e9es 1800 en Finlande. Eero J\u00e4rnefelt a peint son oeuvre en plein air parce qu\u2019il a voulu montrer avec pr\u00e9cision les nuances des couleurs et la lumi\u00e8re. Il a voulu peindre des gens ordinaires mais aussi de beaux paysages qu\u2019on distingue dans le lointain.<\/p>\n","protected":false},"excerpt":{"rendered":"<p>Eero J\u00e4rnefelt\u00a0: \u00ab\u00a0Le brulis\u00a0\u00bb Eero J\u00e4rnefelt (n\u00e9 en 1863, mort en 1937) \u00e9tait un peintre finlandais et professeur d\u2019universit\u00e9 \u00e0 Helsinki. Il a \u00e9tudi\u00e9 l\u2019art \u00e0 St. Petersburg, \u00e0 l\u2019Acad\u00e9mie Julian \u00e0 Paris et en Italie. Ses peintures les plus connues sont les paysages de Koli (\u00e0 l\u2019est de la Finlande) et des portraits de [&hellip;]<\/p>\n","protected":false},"author":5,"featured_media":0,"parent":0,"menu_order":0,"comment_status":"closed","ping_status":"closed","template":"","meta":{"_acf_changed":false,"footnotes":""},"class_list":["post-326","page","type-page","status-publish","czr-hentry"],"acf":[],"_links":{"self":[{"href":"https:\/\/ee.mlfmonde.org\/rauma-areva\/wp-json\/wp\/v2\/pages\/326","targetHints":{"allow":["GET"]}}],"collection":[{"href":"https:\/\/ee.mlfmonde.org\/rauma-areva\/wp-json\/wp\/v2\/pages"}],"about":[{"href":"https:\/\/ee.mlfmonde.org\/rauma-areva\/wp-json\/wp\/v2\/types\/page"}],"author":[{"embeddable":true,"href":"https:\/\/ee.mlfmonde.org\/rauma-areva\/wp-json\/wp\/v2\/users\/5"}],"replies":[{"embeddable":true,"href":"https:\/\/ee.mlfmonde.org\/rauma-areva\/wp-json\/wp\/v2\/comments?post=326"}],"version-history":[{"count":2,"href":"https:\/\/ee.mlfmonde.org\/rauma-areva\/wp-json\/wp\/v2\/pages\/326\/revisions"}],"predecessor-version":[{"id":339,"href":"https:\/\/ee.mlfmonde.org\/rauma-areva\/wp-json\/wp\/v2\/pages\/326\/revisions\/339"}],"wp:attachment":[{"href":"https:\/\/ee.mlfmonde.org\/rauma-areva\/wp-json\/wp\/v2\/media?parent=326"}],"curies":[{"name":"wp","href":"https:\/\/api.w.org\/{rel}","templated":true}]}}