{"id":314,"date":"2015-10-13T13:59:50","date_gmt":"2015-10-13T10:59:50","guid":{"rendered":"http:\/\/ee.mlfmonde.org\/rauma-areva\/?page_id=314"},"modified":"2015-10-13T14:27:02","modified_gmt":"2015-10-13T11:27:02","slug":"helene-schjerfbeck","status":"publish","type":"page","link":"https:\/\/ee.mlfmonde.org\/rauma-areva\/helene-schjerfbeck\/","title":{"rendered":"H\u00e9l\u00e8ne Schjerfbeck"},"content":{"rendered":"<p style=\"text-align: justify\">Quand vous croiserez Eeva, n\u2019h\u00e9sitez pas \u00e0 vous faire pr\u00e9ciser la prononciation exacte de <i>Schjerfbeck<\/i>\u00a0! Cette semaine, notre guide nous entra\u00eene sur les pas d\u2019un des principaux peintres modernistes d\u2019Europe du Nord.<\/p>\n<p><a href=\"http:\/\/ee.mlfmonde.org\/rauma-areva\/wp-content\/uploads\/sites\/3\/2015\/10\/H\u00e9l\u00e8ne-Schjerfbeck.jpg\"><img fetchpriority=\"high\" decoding=\"async\" class=\"alignnone size-medium wp-image-317\" src=\"http:\/\/ee.mlfmonde.org\/rauma-areva\/wp-content\/uploads\/sites\/3\/2015\/10\/H\u00e9l\u00e8ne-Schjerfbeck-300x258.jpg\" alt=\"H\u00e9l\u00e8ne Schjerfbeck\" width=\"300\" height=\"258\" srcset=\"https:\/\/ee.mlfmonde.org\/rauma-areva\/wp-content\/uploads\/sites\/3\/2015\/10\/H\u00e9l\u00e8ne-Schjerfbeck-300x258.jpg 300w, https:\/\/ee.mlfmonde.org\/rauma-areva\/wp-content\/uploads\/sites\/3\/2015\/10\/H\u00e9l\u00e8ne-Schjerfbeck.jpg 466w\" sizes=\"(max-width: 300px) 100vw, 300px\" \/><\/a> <a href=\"http:\/\/ee.mlfmonde.org\/rauma-areva\/wp-content\/uploads\/sites\/3\/2015\/10\/Helene_Schjerfbeck_Pikkusiskoaan_ruokkiva_poika.jpg\"><img decoding=\"async\" class=\"alignnone size-medium wp-image-318\" src=\"http:\/\/ee.mlfmonde.org\/rauma-areva\/wp-content\/uploads\/sites\/3\/2015\/10\/Helene_Schjerfbeck_Pikkusiskoaan_ruokkiva_poika-246x300.jpg\" alt=\"Helene_Schjerfbeck_Pikkusiskoaan_ruokkiva_poika\" width=\"246\" height=\"300\" srcset=\"https:\/\/ee.mlfmonde.org\/rauma-areva\/wp-content\/uploads\/sites\/3\/2015\/10\/Helene_Schjerfbeck_Pikkusiskoaan_ruokkiva_poika-246x300.jpg 246w, https:\/\/ee.mlfmonde.org\/rauma-areva\/wp-content\/uploads\/sites\/3\/2015\/10\/Helene_Schjerfbeck_Pikkusiskoaan_ruokkiva_poika.jpg 573w\" sizes=\"(max-width: 246px) 100vw, 246px\" \/><\/a><\/p>\n<p style=\"text-align: justify\">H\u00e9l\u00e8ne Schjerfbeck (n\u00e9e en 1862, morte en 1946) est une artiste finlandaise qui est consider\u00e9e comme l\u2019un des principaux peintres modernistes de l\u2019Europe du Nord.<\/p>\n<p style=\"text-align: justify\">A quatre ans elle s\u2019est fractur\u00e9e la hanche gauche et a d\u00fb passer six ann\u00e9es de convalescence \u00e0 la maison. Elle \u00e9tait un enfant prodige et elle est admise \u00e0 l\u2019\u00e9cole de dessin de la Soci\u00e9t\u00e9 des Beaux-Arts de Finlande \u00e0 onze ans. Elle \u00e9tait tr\u00e8s brave parce que la plupart des peintres \u00e9taient hommes \u00e0 cette \u00e9poque. Elle a \u00e9tudi\u00e9 et peint aussi en Angleterre, en Russie, en Italie et en France, surtout en Bretagne.<\/p>\n<p style=\"text-align: justify\">En 1889 elle a re\u00e7u la m\u00e9daille de bronze \u00e0 l\u2019Exposition universelle de Paris pour son oeuvre \u201cLa convalescente\u201d qu\u2019on peut voir ici en haut. L\u2019artiste a peint une petite fille qui s\u2019est amelior\u00e9e apr\u00e8s la maladie. Dans la main elle a une petite branche avec des feuilles vertes, des symboles de la vie qui a recommenc\u00e9 apr\u00e8s la maladie. Quand la petite H\u00e9l\u00e8ne Schjerfbeck \u00e9tait malade pendant plusieurs ann\u00e9es elle aimait regarder les fleurs par la fen\u00eatre.<\/p>\n<p style=\"text-align: justify\">En Bretagne l\u2019artiste a fait la connaissance d\u2019une petite fille et de son fr\u00e8re qu\u2019on peut voir ici en dessous\u00a0: \u201dGar\u00e7on faisant manger sa petite soeur\u201d. H\u00e9l\u00e8ne Schjerfbeck a voulu peindre ce qu\u2019elle a vu, m\u00eame des gens pauvres. Jusque l\u00e0 les artistes peignaient presque seulement des portraits des personnes riches. Ici on peut voir ce qui est plus important que la richesse\u00a0: le gar\u00e7on s\u2019occupe de sa petite soeur et lui donne du courage m\u00eame si la vie est dure et qu\u2019ils sont pauvres.<\/p>\n","protected":false},"excerpt":{"rendered":"<p>Quand vous croiserez Eeva, n\u2019h\u00e9sitez pas \u00e0 vous faire pr\u00e9ciser la prononciation exacte de Schjerfbeck\u00a0! Cette semaine, notre guide nous entra\u00eene sur les pas d\u2019un des principaux peintres modernistes d\u2019Europe du Nord. H\u00e9l\u00e8ne Schjerfbeck (n\u00e9e en 1862, morte en 1946) est une artiste finlandaise qui est consider\u00e9e comme l\u2019un des principaux peintres modernistes de l\u2019Europe [&hellip;]<\/p>\n","protected":false},"author":5,"featured_media":0,"parent":0,"menu_order":0,"comment_status":"closed","ping_status":"closed","template":"","meta":{"_acf_changed":false,"footnotes":""},"class_list":["post-314","page","type-page","status-publish","czr-hentry"],"acf":[],"_links":{"self":[{"href":"https:\/\/ee.mlfmonde.org\/rauma-areva\/wp-json\/wp\/v2\/pages\/314","targetHints":{"allow":["GET"]}}],"collection":[{"href":"https:\/\/ee.mlfmonde.org\/rauma-areva\/wp-json\/wp\/v2\/pages"}],"about":[{"href":"https:\/\/ee.mlfmonde.org\/rauma-areva\/wp-json\/wp\/v2\/types\/page"}],"author":[{"embeddable":true,"href":"https:\/\/ee.mlfmonde.org\/rauma-areva\/wp-json\/wp\/v2\/users\/5"}],"replies":[{"embeddable":true,"href":"https:\/\/ee.mlfmonde.org\/rauma-areva\/wp-json\/wp\/v2\/comments?post=314"}],"version-history":[{"count":4,"href":"https:\/\/ee.mlfmonde.org\/rauma-areva\/wp-json\/wp\/v2\/pages\/314\/revisions"}],"predecessor-version":[{"id":340,"href":"https:\/\/ee.mlfmonde.org\/rauma-areva\/wp-json\/wp\/v2\/pages\/314\/revisions\/340"}],"wp:attachment":[{"href":"https:\/\/ee.mlfmonde.org\/rauma-areva\/wp-json\/wp\/v2\/media?parent=314"}],"curies":[{"name":"wp","href":"https:\/\/api.w.org\/{rel}","templated":true}]}}