{"id":310,"date":"2015-10-13T13:57:36","date_gmt":"2015-10-13T10:57:36","guid":{"rendered":"http:\/\/ee.mlfmonde.org\/rauma-areva\/?page_id=310"},"modified":"2015-10-14T15:52:31","modified_gmt":"2015-10-14T12:52:31","slug":"pekka-halonen","status":"publish","type":"page","link":"https:\/\/ee.mlfmonde.org\/rauma-areva\/pekka-halonen\/","title":{"rendered":"Pekka Halonen"},"content":{"rendered":"<p style=\"text-align: center\"><strong>Lumisia m\u00e4nnyntaimia (Jeunes pins enneig\u00e9s)<\/strong><\/p>\n<p><a href=\"http:\/\/ee.mlfmonde.org\/rauma-areva\/wp-content\/uploads\/sites\/3\/2015\/10\/pine-seedling-covered-with-snow.jpg\"><img fetchpriority=\"high\" decoding=\"async\" class=\"size-medium wp-image-311 aligncenter\" src=\"http:\/\/ee.mlfmonde.org\/rauma-areva\/wp-content\/uploads\/sites\/3\/2015\/10\/pine-seedling-covered-with-snow-193x300.jpg\" alt=\"pine-seedling-covered-with-snow\" width=\"193\" height=\"300\" srcset=\"https:\/\/ee.mlfmonde.org\/rauma-areva\/wp-content\/uploads\/sites\/3\/2015\/10\/pine-seedling-covered-with-snow-193x300.jpg 193w, https:\/\/ee.mlfmonde.org\/rauma-areva\/wp-content\/uploads\/sites\/3\/2015\/10\/pine-seedling-covered-with-snow.jpg 300w\" sizes=\"(max-width: 193px) 100vw, 193px\" \/><\/a><\/p>\n<p style=\"text-align: justify\">L\u2019artiste finlandais <strong>Pekka Halonen<\/strong> a aim\u00e9 peindre des paysages en hiver\u00a0: les bords d\u2019un lac gel\u00e9, la lumi\u00e8re d\u2019hiver sur une rivi\u00e8re, un soup\u00e7on de printemps sur les saules et des arbres gel\u00e9s. En 1899 il a peint \u00ab\u00a0Jeunes pins enneig\u00e9s\u00a0\u00bb. Il faisait tr\u00e8s froid mais il a voulu peindre son oeuvre dehors, dans la neige. Ses mains ont pris froid, sont devenues gourdes et la peinture s&rsquo;est \u00e9paissie.<\/p>\n<p style=\"text-align: justify\">Le motif de ses oeuvres \u00e9tait souvent tr\u00e8s simple. On peut trouver des arbres comme ceux-ci partout dans la nature. Pourtant il a pu repr\u00e9senter le poids de l\u2019hiver sur les branches. On peut voir seulement quelques aiguilles vertes. Il n\u2019y a plus de neige sur elles, la neige a fondu. C\u2019est un signe du printemps. Pekka Halonen a pr\u00e9sent\u00e9 plusieurs nuances de blanc et les ombres de la neige. Il aimait la puret\u00e9 de la neige. Les historiens de l\u2019art pensent que l\u2019hiver et la neige lourde ici sont un symbole de l\u2019\u00e9poque pendant laquelle les Finlandais \u00e9taient sous oppression russe.<\/p>\n<p style=\"text-align: justify\">Pekka Halonen (n\u00e9 en 1865, mort en 1933) \u00e9tait originaire d\u2019une famille pauvre et il a \u00e9tudi\u00e9 l\u2019art en Finlande comme boursier. En 1890, il a voyag\u00e9 \u00e0 Paris pour \u00e9tudier \u00e0 l\u2019Acad\u00e9mie Julian. Quelques ann\u00e9es plus tard, lors de son second s\u00e9jour \u00e0 Paris, son professeur \u00e9tait Paul Gauguin.<\/p>\n<p style=\"text-align: justify\">Pekka Halonen est mort chez lui \u00e0 Tuusula en Finlande en d\u00e9cembre 1933. Cette nuit-l\u00e0, la temp\u00eate a renvers\u00e9 le petit pin qu\u2019il avait peint sur son dernier paysage.<\/p>\n<p style=\"text-align: justify\">Eeva Salo-Tammivuori<\/p>\n","protected":false},"excerpt":{"rendered":"<p>Lumisia m\u00e4nnyntaimia (Jeunes pins enneig\u00e9s) L\u2019artiste finlandais Pekka Halonen a aim\u00e9 peindre des paysages en hiver\u00a0: les bords d\u2019un lac gel\u00e9, la lumi\u00e8re d\u2019hiver sur une rivi\u00e8re, un soup\u00e7on de printemps sur les saules et des arbres gel\u00e9s. En 1899 il a peint \u00ab\u00a0Jeunes pins enneig\u00e9s\u00a0\u00bb. Il faisait tr\u00e8s froid mais il a voulu peindre [&hellip;]<\/p>\n","protected":false},"author":5,"featured_media":0,"parent":0,"menu_order":0,"comment_status":"closed","ping_status":"closed","template":"","meta":{"_acf_changed":false,"footnotes":""},"class_list":["post-310","page","type-page","status-publish","czr-hentry"],"acf":[],"_links":{"self":[{"href":"https:\/\/ee.mlfmonde.org\/rauma-areva\/wp-json\/wp\/v2\/pages\/310","targetHints":{"allow":["GET"]}}],"collection":[{"href":"https:\/\/ee.mlfmonde.org\/rauma-areva\/wp-json\/wp\/v2\/pages"}],"about":[{"href":"https:\/\/ee.mlfmonde.org\/rauma-areva\/wp-json\/wp\/v2\/types\/page"}],"author":[{"embeddable":true,"href":"https:\/\/ee.mlfmonde.org\/rauma-areva\/wp-json\/wp\/v2\/users\/5"}],"replies":[{"embeddable":true,"href":"https:\/\/ee.mlfmonde.org\/rauma-areva\/wp-json\/wp\/v2\/comments?post=310"}],"version-history":[{"count":4,"href":"https:\/\/ee.mlfmonde.org\/rauma-areva\/wp-json\/wp\/v2\/pages\/310\/revisions"}],"predecessor-version":[{"id":361,"href":"https:\/\/ee.mlfmonde.org\/rauma-areva\/wp-json\/wp\/v2\/pages\/310\/revisions\/361"}],"wp:attachment":[{"href":"https:\/\/ee.mlfmonde.org\/rauma-areva\/wp-json\/wp\/v2\/media?parent=310"}],"curies":[{"name":"wp","href":"https:\/\/api.w.org\/{rel}","templated":true}]}}