{"id":294,"date":"2015-10-13T12:58:06","date_gmt":"2015-10-13T09:58:06","guid":{"rendered":"http:\/\/ee.mlfmonde.org\/rauma-areva\/?page_id=294"},"modified":"2015-10-14T21:33:46","modified_gmt":"2015-10-14T18:33:46","slug":"albert-edelfelt","status":"publish","type":"page","link":"https:\/\/ee.mlfmonde.org\/rauma-areva\/albert-edelfelt\/","title":{"rendered":"Albert Edelfelt"},"content":{"rendered":"<p>Eeva nous parle aujourd\u2019hui d\u2019<strong>Albert Edelfelt <\/strong>et de sa peinture\u00a0: <strong>La fille qui tricote une chaussette.<\/strong><\/p>\n<p><img fetchpriority=\"high\" decoding=\"async\" class=\"size-medium wp-image-295 aligncenter\" src=\"http:\/\/ee.mlfmonde.org\/rauma-areva\/wp-content\/uploads\/sites\/3\/2015\/10\/edelfelt-la-fille-qui-tricote-une-chaussette-300x222.jpg\" alt=\"edelfelt, la fille qui tricote une chaussette\" width=\"300\" height=\"222\" srcset=\"https:\/\/ee.mlfmonde.org\/rauma-areva\/wp-content\/uploads\/sites\/3\/2015\/10\/edelfelt-la-fille-qui-tricote-une-chaussette-300x222.jpg 300w, https:\/\/ee.mlfmonde.org\/rauma-areva\/wp-content\/uploads\/sites\/3\/2015\/10\/edelfelt-la-fille-qui-tricote-une-chaussette.jpg 700w\" sizes=\"(max-width: 300px) 100vw, 300px\" \/><\/p>\n<p style=\"text-align: justify\">Dans cette peinture, on peut voir une petite berg\u00e8re. Elle s\u2019occupe des vaches ou des moutons dans la for\u00eat et en m\u00eame temps elle tricote une chaussette. A l\u2019\u00e9poque toutes les filles apprenaient \u00e0 tricoter \u00e0 la maison. Les couleurs de cette peinture ne sont pas claires et pures et l\u2019artiste a d\u00fb m\u00e9langer plusieurs couleurs pour obtenir diff\u00e9rentes nuances de brun.<\/p>\n<p style=\"text-align: justify\">Le peintre Albert Edelfelt (n\u00e9 en 1854, mort en 1905) est all\u00e9, \u00e0 l\u2019\u00e2ge de 20 ans, \u00e9tudier l\u2019art \u00e0 Paris comme plusieurs autres peintres finlandais \u00e0 cette \u00e9poque. Il a \u00e9tudi\u00e9 \u00e0 l\u2019Ecole nationale des Beaux-Arts. Apr\u00e8s ses \u00e9tudes \u00e0 Paris, il a surtout peint des portraits et des paysages. Ici on peut voir tous les deux.<\/p>\n<p style=\"text-align: justify\">Albert Edelfelt est, aux alentours de 1885, un peintre tr\u00e8s connu \u00e0 Paris\u00a0<a class=\"spip_out\" href=\"http:\/\/fr.wikipedia.org\/wiki\/Albert_Edelfelt\" target=\"_blank\" rel=\"external\">o\u00f9 il cotoie Zola, Daudet<\/a>&#8230; Il permettra \u00e0 d\u2019autres artistes finlandais d\u2019\u00eatre expos\u00e9s \u00e0 Paris. Une sorte de trait d\u2019union entre nos pays\u00a0! Il peindra Louis Pasteur, tableau visible au mus\u00e9e d\u2019Orsay et \u00e9galement <a class=\"spip_out\" href=\"http:\/\/www.musee-orsay.fr\/fr\/collections\/oeuvres-commentees\/peinture\/commentaire_id\/louis-pasteur-234.html?tx_commentaire_pi1%5BpidLi%5D=509&amp;tx_commentaire_pi1%5Bfrom%5D=841&amp;cHash=bfb7d64221\" target=\"_blank\" rel=\"external\">l\u00e0<\/a>.<\/p>\n<p style=\"text-align: justify\">Notons enfin que c&rsquo;est \u00e0 Albert Edelfelt que l&rsquo;on doit les oeuvres qui illustrent la page d&rsquo;accueil de notre site :<\/p>\n<p><a href=\"http:\/\/ee.mlfmonde.org\/rauma-areva\/wp-content\/uploads\/sites\/3\/2015\/09\/Albert-Edelfelt-Leikkivi\u00e4-poikia-rannalla-1884.jpg\"><img decoding=\"async\" class=\"size-medium wp-image-68 alignnone\" src=\"http:\/\/ee.mlfmonde.org\/rauma-areva\/wp-content\/uploads\/sites\/3\/2015\/09\/Albert-Edelfelt-Leikkivi\u00e4-poikia-rannalla-1884-300x252.jpg\" alt=\"Albert Edelfelt, Leikkivi\u00e4 poikia rannalla, 1884\" width=\"300\" height=\"252\" srcset=\"https:\/\/ee.mlfmonde.org\/rauma-areva\/wp-content\/uploads\/sites\/3\/2015\/09\/Albert-Edelfelt-Leikkivi\u00e4-poikia-rannalla-1884-300x252.jpg 300w, https:\/\/ee.mlfmonde.org\/rauma-areva\/wp-content\/uploads\/sites\/3\/2015\/09\/Albert-Edelfelt-Leikkivi\u00e4-poikia-rannalla-1884.jpg 900w\" sizes=\"(max-width: 300px) 100vw, 300px\" \/><\/a>\u00a0 \u00a0\u00a0<a href=\"http:\/\/ee.mlfmonde.org\/rauma-areva\/wp-content\/uploads\/sites\/3\/2015\/09\/albert-edelfelt-the-boys-workhouse.jpg\"><img decoding=\"async\" class=\"alignnone size-medium wp-image-73\" src=\"http:\/\/ee.mlfmonde.org\/rauma-areva\/wp-content\/uploads\/sites\/3\/2015\/09\/albert-edelfelt-the-boys-workhouse-300x246.jpg\" alt=\"albert edelfelt the-boys-workhouse\" width=\"300\" height=\"246\" srcset=\"https:\/\/ee.mlfmonde.org\/rauma-areva\/wp-content\/uploads\/sites\/3\/2015\/09\/albert-edelfelt-the-boys-workhouse-300x246.jpg 300w, https:\/\/ee.mlfmonde.org\/rauma-areva\/wp-content\/uploads\/sites\/3\/2015\/09\/albert-edelfelt-the-boys-workhouse.jpg 780w\" sizes=\"(max-width: 300px) 100vw, 300px\" \/><\/a><\/p>\n<p><a href=\"http:\/\/ee.mlfmonde.org\/rauma-areva\/wp-content\/uploads\/sites\/3\/2015\/09\/Albert-Edelfelt-Little-Boat-1884.jpg\"><img loading=\"lazy\" decoding=\"async\" class=\"size-medium wp-image-106 alignleft\" src=\"http:\/\/ee.mlfmonde.org\/rauma-areva\/wp-content\/uploads\/sites\/3\/2015\/09\/Albert-Edelfelt-Little-Boat-1884-300x240.jpg\" alt=\"Albert Edelfelt Little Boat 1884\" width=\"300\" height=\"240\" srcset=\"https:\/\/ee.mlfmonde.org\/rauma-areva\/wp-content\/uploads\/sites\/3\/2015\/09\/Albert-Edelfelt-Little-Boat-1884-300x240.jpg 300w, https:\/\/ee.mlfmonde.org\/rauma-areva\/wp-content\/uploads\/sites\/3\/2015\/09\/Albert-Edelfelt-Little-Boat-1884.jpg 996w\" sizes=\"(max-width: 300px) 100vw, 300px\" \/><\/a><\/p>\n","protected":false},"excerpt":{"rendered":"<p>Eeva nous parle aujourd\u2019hui d\u2019Albert Edelfelt et de sa peinture\u00a0: La fille qui tricote une chaussette. Dans cette peinture, on peut voir une petite berg\u00e8re. Elle s\u2019occupe des vaches ou des moutons dans la for\u00eat et en m\u00eame temps elle tricote une chaussette. A l\u2019\u00e9poque toutes les filles apprenaient \u00e0 tricoter \u00e0 la maison. Les [&hellip;]<\/p>\n","protected":false},"author":5,"featured_media":0,"parent":0,"menu_order":0,"comment_status":"closed","ping_status":"closed","template":"","meta":{"_acf_changed":false,"footnotes":""},"class_list":["post-294","page","type-page","status-publish","czr-hentry"],"acf":[],"_links":{"self":[{"href":"https:\/\/ee.mlfmonde.org\/rauma-areva\/wp-json\/wp\/v2\/pages\/294","targetHints":{"allow":["GET"]}}],"collection":[{"href":"https:\/\/ee.mlfmonde.org\/rauma-areva\/wp-json\/wp\/v2\/pages"}],"about":[{"href":"https:\/\/ee.mlfmonde.org\/rauma-areva\/wp-json\/wp\/v2\/types\/page"}],"author":[{"embeddable":true,"href":"https:\/\/ee.mlfmonde.org\/rauma-areva\/wp-json\/wp\/v2\/users\/5"}],"replies":[{"embeddable":true,"href":"https:\/\/ee.mlfmonde.org\/rauma-areva\/wp-json\/wp\/v2\/comments?post=294"}],"version-history":[{"count":10,"href":"https:\/\/ee.mlfmonde.org\/rauma-areva\/wp-json\/wp\/v2\/pages\/294\/revisions"}],"predecessor-version":[{"id":362,"href":"https:\/\/ee.mlfmonde.org\/rauma-areva\/wp-json\/wp\/v2\/pages\/294\/revisions\/362"}],"wp:attachment":[{"href":"https:\/\/ee.mlfmonde.org\/rauma-areva\/wp-json\/wp\/v2\/media?parent=294"}],"curies":[{"name":"wp","href":"https:\/\/api.w.org\/{rel}","templated":true}]}}