{"id":291,"date":"2015-10-13T12:57:55","date_gmt":"2015-10-13T09:57:55","guid":{"rendered":"http:\/\/ee.mlfmonde.org\/rauma-areva\/?page_id=291"},"modified":"2018-12-12T15:33:10","modified_gmt":"2018-12-12T13:33:10","slug":"lart-finlandais-et-des-pays-nordiques","status":"publish","type":"page","link":"https:\/\/ee.mlfmonde.org\/rauma-areva\/lart-finlandais-et-des-pays-nordiques\/","title":{"rendered":"L\u2019art finlandais"},"content":{"rendered":"<p>Les coll\u00e9giens, les \u00e9l\u00e8ves de l\u2019\u00e9cole \u00e9l\u00e9mentaire et m\u00eame de maternelle ont pu d\u00e9couvrir, en classe avec <strong>Mme\u00a0Eeva Salo-Tammivuori<\/strong>, certaines \u0153uvres majeures du patrimoine finlandais.<\/p>\n<p>A votre tour de faire connaissance avec quelques grands peintres finlandais. En cliquant sur les noms des artistes ci-dessous, vous trouverez ainsi des textes \u00e9crits par notre professeure de finnois.<\/p>\n<p>&nbsp;<\/p>\n<p style=\"text-align: center\"><a href=\"http:\/\/ee.mlfmonde.org\/rauma-areva\/albert-edelfelt\/\" target=\"_blank\" rel=\"noopener\">Albert Edelfelt<\/a><\/p>\n<p style=\"text-align: center\"><a href=\"http:\/\/ee.mlfmonde.org\/rauma-areva\/pekka-halonen\/\" target=\"_blank\" rel=\"noopener\">Pekka Halonen<\/a><\/p>\n<p style=\"text-align: center\"><a href=\"http:\/\/ee.mlfmonde.org\/rauma-areva\/helene-schjerfbeck\/\" target=\"_blank\" rel=\"noopener\">H\u00e9l\u00e8ne Schjerfbeck<\/a><\/p>\n<p style=\"text-align: center\"><a href=\"http:\/\/ee.mlfmonde.org\/rauma-areva\/akseli-gallen-kallela\/\" target=\"_blank\" rel=\"noopener\">Akseli Gallen-Kallela<\/a><\/p>\n<p style=\"text-align: center\"><a href=\"http:\/\/ee.mlfmonde.org\/rauma-areva\/eero-jarnefelt\/\" target=\"_blank\" rel=\"noopener\">Eero J\u00e4rnefelt<\/a><\/p>\n<p style=\"text-align: center\"><a href=\"http:\/\/ee.mlfmonde.org\/rauma-areva\/hugo-simberg\/\" target=\"_blank\" rel=\"noopener\">Hugo Simberg<\/a><\/p>\n<p style=\"text-align: center\"><a href=\"https:\/\/ee.mlfmonde.org\/rauma-areva\/?page_id=3546&amp;preview=true\" target=\"_blank\" rel=\"noopener\">Jenny Nystr\u00f6m<\/a><\/p>\n<p>&nbsp;<\/p>\n<p>&nbsp;<\/p>\n","protected":false},"excerpt":{"rendered":"<p>Les coll\u00e9giens, les \u00e9l\u00e8ves de l\u2019\u00e9cole \u00e9l\u00e9mentaire et m\u00eame de maternelle ont pu d\u00e9couvrir, en classe avec Mme\u00a0Eeva Salo-Tammivuori, certaines \u0153uvres majeures du patrimoine finlandais. A votre tour de faire connaissance avec quelques grands peintres finlandais. En cliquant sur les noms des artistes ci-dessous, vous trouverez ainsi des textes \u00e9crits par notre professeure de finnois. [&hellip;]<\/p>\n","protected":false},"author":5,"featured_media":68,"parent":0,"menu_order":0,"comment_status":"closed","ping_status":"closed","template":"","meta":{"_acf_changed":false,"footnotes":""},"class_list":["post-291","page","type-page","status-publish","has-post-thumbnail","czr-hentry"],"acf":[],"_links":{"self":[{"href":"https:\/\/ee.mlfmonde.org\/rauma-areva\/wp-json\/wp\/v2\/pages\/291","targetHints":{"allow":["GET"]}}],"collection":[{"href":"https:\/\/ee.mlfmonde.org\/rauma-areva\/wp-json\/wp\/v2\/pages"}],"about":[{"href":"https:\/\/ee.mlfmonde.org\/rauma-areva\/wp-json\/wp\/v2\/types\/page"}],"author":[{"embeddable":true,"href":"https:\/\/ee.mlfmonde.org\/rauma-areva\/wp-json\/wp\/v2\/users\/5"}],"replies":[{"embeddable":true,"href":"https:\/\/ee.mlfmonde.org\/rauma-areva\/wp-json\/wp\/v2\/comments?post=291"}],"version-history":[{"count":17,"href":"https:\/\/ee.mlfmonde.org\/rauma-areva\/wp-json\/wp\/v2\/pages\/291\/revisions"}],"predecessor-version":[{"id":3551,"href":"https:\/\/ee.mlfmonde.org\/rauma-areva\/wp-json\/wp\/v2\/pages\/291\/revisions\/3551"}],"wp:featuredmedia":[{"embeddable":true,"href":"https:\/\/ee.mlfmonde.org\/rauma-areva\/wp-json\/wp\/v2\/media\/68"}],"wp:attachment":[{"href":"https:\/\/ee.mlfmonde.org\/rauma-areva\/wp-json\/wp\/v2\/media?parent=291"}],"curies":[{"name":"wp","href":"https:\/\/api.w.org\/{rel}","templated":true}]}}