{"id":216,"date":"2015-09-30T10:32:09","date_gmt":"2015-09-30T07:32:09","guid":{"rendered":"http:\/\/ee.mlfmonde.org\/rauma-areva\/?page_id=216"},"modified":"2024-06-12T17:12:07","modified_gmt":"2024-06-12T15:12:07","slug":"projet-decole","status":"publish","type":"page","link":"https:\/\/ee.mlfmonde.org\/rauma-areva\/projet-decole\/","title":{"rendered":"Projet d&rsquo;\u00e9cole"},"content":{"rendered":"<p>Voici notre projet d&rsquo;\u00e9cole 2015-2018, adopt\u00e9\u00a0lors du conseil d&rsquo;\u00e9cole du 30 septembre 2015 et mis \u00e0 jour le 04 octobre 2017 :<\/p>\n<p><a href=\"http:\/\/ee.mlfmonde.org\/rauma-areva\/wp-content\/uploads\/sites\/3\/2015\/09\/Projet-d\u00e9cole-2017-18.pdf\" target=\"_blank\" rel=\"noopener\">Projet d&rsquo;\u00e9cole 2015-18 &#8211; Mise \u00e0 jour 2017-2018<\/a><\/p>\n<p>Cliquez ci-dessous pour lire les avenants au projet d&rsquo;\u00e9cole :<\/p>\n<p><a href=\"http:\/\/ee.mlfmonde.org\/rauma-areva\/wp-content\/uploads\/sites\/3\/2020\/11\/Avenant-au-projet-d\u00e9cole-19-20.pdf\" target=\"_blank\" rel=\"noopener\">Avenant au projet d&rsquo;\u00e9cole 19-20<\/a><\/p>\n<p><a href=\"http:\/\/ee.mlfmonde.org\/rauma-areva\/wp-content\/uploads\/sites\/3\/2021\/12\/Avenant-au-projet-d\u00e9cole-20-21.pdf\" target=\"_blank\" rel=\"noopener\">Avenant au projet d&rsquo;\u00e9cole 20-21<\/a><\/p>\n<p><a href=\"http:\/\/ee.mlfmonde.org\/rauma-areva\/wp-content\/uploads\/sites\/3\/2021\/12\/Mise-\u00e0-jour-PE-21-22-avenant.pdf\" target=\"_blank\" rel=\"noopener\">Avenant au projet d&rsquo;\u00e9cole 21-22<\/a><\/p>\n<p><a href=\"http:\/\/ee.mlfmonde.org\/rauma-areva\/wp-content\/uploads\/sites\/3\/2024\/06\/Mise-\u00e0-jour-PE-22-23-avenant-1.pdf\" target=\"_blank\" rel=\"noopener\">Avenant au projet d&rsquo;\u00e9cole 22-23<\/a><\/p>\n<p>&nbsp;<\/p>\n","protected":false},"excerpt":{"rendered":"<p>Voici notre projet d&rsquo;\u00e9cole 2015-2018, adopt\u00e9\u00a0lors du conseil d&rsquo;\u00e9cole du 30 septembre 2015 et mis \u00e0 jour le 04 octobre 2017 : Projet d&rsquo;\u00e9cole 2015-18 &#8211; Mise \u00e0 jour 2017-2018 Cliquez ci-dessous pour lire les avenants au projet d&rsquo;\u00e9cole : Avenant au projet d&rsquo;\u00e9cole 19-20 Avenant au projet d&rsquo;\u00e9cole 20-21 Avenant au projet d&rsquo;\u00e9cole 21-22 [&hellip;]<\/p>\n","protected":false},"author":5,"featured_media":0,"parent":0,"menu_order":0,"comment_status":"closed","ping_status":"closed","template":"","meta":{"_acf_changed":false,"footnotes":""},"class_list":["post-216","page","type-page","status-publish","czr-hentry"],"acf":[],"_links":{"self":[{"href":"https:\/\/ee.mlfmonde.org\/rauma-areva\/wp-json\/wp\/v2\/pages\/216","targetHints":{"allow":["GET"]}}],"collection":[{"href":"https:\/\/ee.mlfmonde.org\/rauma-areva\/wp-json\/wp\/v2\/pages"}],"about":[{"href":"https:\/\/ee.mlfmonde.org\/rauma-areva\/wp-json\/wp\/v2\/types\/page"}],"author":[{"embeddable":true,"href":"https:\/\/ee.mlfmonde.org\/rauma-areva\/wp-json\/wp\/v2\/users\/5"}],"replies":[{"embeddable":true,"href":"https:\/\/ee.mlfmonde.org\/rauma-areva\/wp-json\/wp\/v2\/comments?post=216"}],"version-history":[{"count":12,"href":"https:\/\/ee.mlfmonde.org\/rauma-areva\/wp-json\/wp\/v2\/pages\/216\/revisions"}],"predecessor-version":[{"id":8510,"href":"https:\/\/ee.mlfmonde.org\/rauma-areva\/wp-json\/wp\/v2\/pages\/216\/revisions\/8510"}],"wp:attachment":[{"href":"https:\/\/ee.mlfmonde.org\/rauma-areva\/wp-json\/wp\/v2\/media?parent=216"}],"curies":[{"name":"wp","href":"https:\/\/api.w.org\/{rel}","templated":true}]}}