{"id":191,"date":"2015-09-29T16:22:24","date_gmt":"2015-09-29T13:22:24","guid":{"rendered":"http:\/\/ee.mlfmonde.org\/rauma-areva\/?page_id=191"},"modified":"2025-01-15T14:33:45","modified_gmt":"2025-01-15T12:33:45","slug":"contacts","status":"publish","type":"page","link":"https:\/\/ee.mlfmonde.org\/rauma-areva\/notre-ecole\/contacts\/","title":{"rendered":"Contacts"},"content":{"rendered":"<p>Voici notre adresse postale :<\/p>\n<p>Ecole AREVA MLF<br \/>\nSatamakatu 17<br \/>\n26100 Rauma<br \/>\nFINLANDE<\/p>\n<p>Pour \u00e9crire \u00e0 la directrice, veuillez utiliser cette adresse \u00e9lectronique :<\/p>\n<p><a href=\"mailto:direction.rauma@mlfmonde.org\">direction.rauma@mlfmonde.org<\/a><\/p>\n<p>Vous pouvez la joindre par t\u00e9l\u00e9phone au<\/p>\n<p><a href=\"tel:%2B358443244687\">+358443244687<\/a><\/p>\n","protected":false},"excerpt":{"rendered":"<p>Voici notre adresse postale : Ecole AREVA MLF Satamakatu 17 26100 Rauma FINLANDE Pour \u00e9crire \u00e0 la directrice, veuillez utiliser cette adresse \u00e9lectronique : direction.rauma@mlfmonde.org Vous pouvez la joindre par t\u00e9l\u00e9phone au +358443244687<\/p>\n","protected":false},"author":5,"featured_media":0,"parent":120,"menu_order":0,"comment_status":"closed","ping_status":"closed","template":"","meta":{"_acf_changed":false,"footnotes":""},"class_list":["post-191","page","type-page","status-publish","czr-hentry"],"acf":[],"_links":{"self":[{"href":"https:\/\/ee.mlfmonde.org\/rauma-areva\/wp-json\/wp\/v2\/pages\/191","targetHints":{"allow":["GET"]}}],"collection":[{"href":"https:\/\/ee.mlfmonde.org\/rauma-areva\/wp-json\/wp\/v2\/pages"}],"about":[{"href":"https:\/\/ee.mlfmonde.org\/rauma-areva\/wp-json\/wp\/v2\/types\/page"}],"author":[{"embeddable":true,"href":"https:\/\/ee.mlfmonde.org\/rauma-areva\/wp-json\/wp\/v2\/users\/5"}],"replies":[{"embeddable":true,"href":"https:\/\/ee.mlfmonde.org\/rauma-areva\/wp-json\/wp\/v2\/comments?post=191"}],"version-history":[{"count":5,"href":"https:\/\/ee.mlfmonde.org\/rauma-areva\/wp-json\/wp\/v2\/pages\/191\/revisions"}],"predecessor-version":[{"id":8665,"href":"https:\/\/ee.mlfmonde.org\/rauma-areva\/wp-json\/wp\/v2\/pages\/191\/revisions\/8665"}],"up":[{"embeddable":true,"href":"https:\/\/ee.mlfmonde.org\/rauma-areva\/wp-json\/wp\/v2\/pages\/120"}],"wp:attachment":[{"href":"https:\/\/ee.mlfmonde.org\/rauma-areva\/wp-json\/wp\/v2\/media?parent=191"}],"curies":[{"name":"wp","href":"https:\/\/api.w.org\/{rel}","templated":true}]}}