{"id":183,"date":"2015-09-29T16:02:38","date_gmt":"2015-09-29T13:02:38","guid":{"rendered":"http:\/\/ee.mlfmonde.org\/rauma-areva\/?page_id=183"},"modified":"2020-11-20T10:28:48","modified_gmt":"2020-11-20T08:28:48","slug":"localisation-et-implantation","status":"publish","type":"page","link":"https:\/\/ee.mlfmonde.org\/rauma-areva\/notre-ecole\/localisation-et-implantation\/","title":{"rendered":"Localisation et implantation"},"content":{"rendered":"<p>L\u2019\u00e9cole se trouve dans la ville de Rauma (environ 40 000 habitants) localis\u00e9e au sud-ouest de la Finlande, sur le golfe de Botnie. La ville a une activit\u00e9 portuaire importante et poss\u00e8de une usine de fabrication de papier. Son centre-ville, \u00ab Vanha Rauma \u00bb, est class\u00e9 au patrimoine mondial par l\u2019UNESCO.<\/p>\n<p>L\u2019\u00e9cole AREVA MLF a quitt\u00e9 ses anciens locaux en d\u00e9cembre 2017 pour emm\u00e9nager dans un nouveau b\u00e2timent, qui accueillait auparavant des \u00e9tudiants post-bac. Nous disposons maintenant de salles encore plus spacieuses et confortables.<\/p>\n<p>Si vous souhaitez visionner notre nouvel environnement, veuillez cliquer sur le lien suivant :<\/p>\n<p><a href=\"https:\/\/www.google.fi\/maps\/@61.1292043,21.489749,3a,60y,274.09h,90t\/data=!3m6!1e1!3m4!1sE4ciOEQB6-I6GXblVt75cQ!2e0!7i13312!8i6656\" target=\"_blank\" rel=\"noopener\">Google Maps &#8211; Satamakatu 17 &#8211; Rauma<\/a><\/p>\n<p>Voici quelques photos de nos nouveaux locaux :<\/p>\n<ul>\n<li>le hall d&rsquo;accueil<\/li>\n<\/ul>\n<p><a href=\"http:\/\/ee.mlfmonde.org\/rauma-areva\/wp-content\/uploads\/sites\/3\/2018\/01\/IMG_3883.jpg\"><img fetchpriority=\"high\" decoding=\"async\" class=\"aligncenter wp-image-2890 size-large\" src=\"http:\/\/ee.mlfmonde.org\/rauma-areva\/wp-content\/uploads\/sites\/3\/2018\/01\/IMG_3883-1024x768.jpg\" alt=\"\" width=\"1024\" height=\"768\" srcset=\"https:\/\/ee.mlfmonde.org\/rauma-areva\/wp-content\/uploads\/sites\/3\/2018\/01\/IMG_3883-1024x768.jpg 1024w, https:\/\/ee.mlfmonde.org\/rauma-areva\/wp-content\/uploads\/sites\/3\/2018\/01\/IMG_3883-300x225.jpg 300w, https:\/\/ee.mlfmonde.org\/rauma-areva\/wp-content\/uploads\/sites\/3\/2018\/01\/IMG_3883-768x576.jpg 768w\" sizes=\"(max-width: 1024px) 100vw, 1024px\" \/><\/a><\/p>\n<p>&nbsp;<\/p>\n<p>&nbsp;<\/p>\n<p>&nbsp;<\/p>\n<ul>\n<li>la classe des PS\/GS<\/li>\n<\/ul>\n<p><a href=\"http:\/\/ee.mlfmonde.org\/rauma-areva\/wp-content\/uploads\/sites\/3\/2018\/01\/15.-PS-MS-dans-leur-nouvelle-classe.jpg\"><img decoding=\"async\" class=\"aligncenter wp-image-2871 size-large\" src=\"http:\/\/ee.mlfmonde.org\/rauma-areva\/wp-content\/uploads\/sites\/3\/2018\/01\/15.-PS-MS-dans-leur-nouvelle-classe-1024x768.jpg\" alt=\"\" width=\"1024\" height=\"768\" srcset=\"https:\/\/ee.mlfmonde.org\/rauma-areva\/wp-content\/uploads\/sites\/3\/2018\/01\/15.-PS-MS-dans-leur-nouvelle-classe-1024x768.jpg 1024w, https:\/\/ee.mlfmonde.org\/rauma-areva\/wp-content\/uploads\/sites\/3\/2018\/01\/15.-PS-MS-dans-leur-nouvelle-classe-300x225.jpg 300w, https:\/\/ee.mlfmonde.org\/rauma-areva\/wp-content\/uploads\/sites\/3\/2018\/01\/15.-PS-MS-dans-leur-nouvelle-classe-768x576.jpg 768w\" sizes=\"(max-width: 1024px) 100vw, 1024px\" \/><\/a><\/p>\n<p>&nbsp;<\/p>\n<ul>\n<li>la classe des MS\/CP<\/li>\n<\/ul>\n<p><a href=\"http:\/\/ee.mlfmonde.org\/rauma-areva\/wp-content\/uploads\/sites\/3\/2019\/12\/IMG_20191205_084636.jpg\"><img decoding=\"async\" class=\"alignnone size-large wp-image-4233\" src=\"http:\/\/ee.mlfmonde.org\/rauma-areva\/wp-content\/uploads\/sites\/3\/2019\/12\/IMG_20191205_084636-1024x641.jpg\" alt=\"\" width=\"1024\" height=\"641\" srcset=\"https:\/\/ee.mlfmonde.org\/rauma-areva\/wp-content\/uploads\/sites\/3\/2019\/12\/IMG_20191205_084636-1024x641.jpg 1024w, https:\/\/ee.mlfmonde.org\/rauma-areva\/wp-content\/uploads\/sites\/3\/2019\/12\/IMG_20191205_084636-300x188.jpg 300w, https:\/\/ee.mlfmonde.org\/rauma-areva\/wp-content\/uploads\/sites\/3\/2019\/12\/IMG_20191205_084636-768x481.jpg 768w\" sizes=\"(max-width: 1024px) 100vw, 1024px\" \/><\/a><\/p>\n<p><a href=\"http:\/\/ee.mlfmonde.org\/rauma-areva\/wp-content\/uploads\/sites\/3\/2019\/12\/IMG_20191205_085612.jpg\"><img loading=\"lazy\" decoding=\"async\" class=\"alignnone size-large wp-image-4232\" src=\"http:\/\/ee.mlfmonde.org\/rauma-areva\/wp-content\/uploads\/sites\/3\/2019\/12\/IMG_20191205_085612-768x1024.jpg\" alt=\"\" width=\"768\" height=\"1024\" srcset=\"https:\/\/ee.mlfmonde.org\/rauma-areva\/wp-content\/uploads\/sites\/3\/2019\/12\/IMG_20191205_085612-768x1024.jpg 768w, https:\/\/ee.mlfmonde.org\/rauma-areva\/wp-content\/uploads\/sites\/3\/2019\/12\/IMG_20191205_085612-225x300.jpg 225w\" sizes=\"(max-width: 768px) 100vw, 768px\" \/><\/a><\/p>\n<p>&nbsp;<\/p>\n<p>&nbsp;<\/p>\n<ul>\n<li>l&rsquo;annexe des MS\/CP<\/li>\n<\/ul>\n<p><a href=\"http:\/\/ee.mlfmonde.org\/rauma-areva\/wp-content\/uploads\/sites\/3\/2018\/01\/IMG_3878.jpg\"><img loading=\"lazy\" decoding=\"async\" class=\"aligncenter wp-image-2886 size-large\" src=\"http:\/\/ee.mlfmonde.org\/rauma-areva\/wp-content\/uploads\/sites\/3\/2018\/01\/IMG_3878-1024x768.jpg\" alt=\"\" width=\"1024\" height=\"768\" srcset=\"https:\/\/ee.mlfmonde.org\/rauma-areva\/wp-content\/uploads\/sites\/3\/2018\/01\/IMG_3878-1024x768.jpg 1024w, https:\/\/ee.mlfmonde.org\/rauma-areva\/wp-content\/uploads\/sites\/3\/2018\/01\/IMG_3878-300x225.jpg 300w, https:\/\/ee.mlfmonde.org\/rauma-areva\/wp-content\/uploads\/sites\/3\/2018\/01\/IMG_3878-768x576.jpg 768w\" sizes=\"(max-width: 1024px) 100vw, 1024px\" \/><\/a><\/p>\n<p>&nbsp;<\/p>\n<ul>\n<li>la classe des CE\/CM<\/li>\n<\/ul>\n<p><a href=\"http:\/\/ee.mlfmonde.org\/rauma-areva\/wp-content\/uploads\/sites\/3\/2019\/12\/IMG_20191204_085403.jpg\"><img loading=\"lazy\" decoding=\"async\" class=\"alignnone size-large wp-image-4225\" src=\"http:\/\/ee.mlfmonde.org\/rauma-areva\/wp-content\/uploads\/sites\/3\/2019\/12\/IMG_20191204_085403-1024x768.jpg\" alt=\"\" width=\"1024\" height=\"768\" srcset=\"https:\/\/ee.mlfmonde.org\/rauma-areva\/wp-content\/uploads\/sites\/3\/2019\/12\/IMG_20191204_085403-1024x768.jpg 1024w, https:\/\/ee.mlfmonde.org\/rauma-areva\/wp-content\/uploads\/sites\/3\/2019\/12\/IMG_20191204_085403-300x225.jpg 300w, https:\/\/ee.mlfmonde.org\/rauma-areva\/wp-content\/uploads\/sites\/3\/2019\/12\/IMG_20191204_085403-768x576.jpg 768w\" sizes=\"(max-width: 1024px) 100vw, 1024px\" \/><\/a><\/p>\n<p>&nbsp;<\/p>\n<p>&nbsp;<\/p>\n<ul>\n<li>la salle de motricit\u00e9<\/li>\n<\/ul>\n<p><a href=\"http:\/\/ee.mlfmonde.org\/rauma-areva\/wp-content\/uploads\/sites\/3\/2019\/12\/IMG_20191204_141107.jpg\"><img loading=\"lazy\" decoding=\"async\" class=\"alignnone size-large wp-image-4230\" src=\"http:\/\/ee.mlfmonde.org\/rauma-areva\/wp-content\/uploads\/sites\/3\/2019\/12\/IMG_20191204_141107-1024x768.jpg\" alt=\"\" width=\"1024\" height=\"768\" srcset=\"https:\/\/ee.mlfmonde.org\/rauma-areva\/wp-content\/uploads\/sites\/3\/2019\/12\/IMG_20191204_141107-1024x768.jpg 1024w, https:\/\/ee.mlfmonde.org\/rauma-areva\/wp-content\/uploads\/sites\/3\/2019\/12\/IMG_20191204_141107-300x225.jpg 300w, https:\/\/ee.mlfmonde.org\/rauma-areva\/wp-content\/uploads\/sites\/3\/2019\/12\/IMG_20191204_141107-768x576.jpg 768w\" sizes=\"(max-width: 1024px) 100vw, 1024px\" \/><\/a><\/p>\n<p>&nbsp;<\/p>\n<p>&nbsp;<\/p>\n<ul>\n<li>la salle des coll\u00e9giens pour leurs cours litt\u00e9raires<\/li>\n<\/ul>\n<p><a href=\"http:\/\/ee.mlfmonde.org\/rauma-areva\/wp-content\/uploads\/sites\/3\/2018\/01\/18.-Les-coll\u00e9giens-au-travail-dans-la-salle-de-J.-Pasquier.jpg\"><img loading=\"lazy\" decoding=\"async\" class=\"aligncenter wp-image-2879 size-large\" src=\"http:\/\/ee.mlfmonde.org\/rauma-areva\/wp-content\/uploads\/sites\/3\/2018\/01\/18.-Les-coll\u00e9giens-au-travail-dans-la-salle-de-J.-Pasquier-1024x768.jpg\" alt=\"\" width=\"1024\" height=\"768\" srcset=\"https:\/\/ee.mlfmonde.org\/rauma-areva\/wp-content\/uploads\/sites\/3\/2018\/01\/18.-Les-coll\u00e9giens-au-travail-dans-la-salle-de-J.-Pasquier-1024x768.jpg 1024w, https:\/\/ee.mlfmonde.org\/rauma-areva\/wp-content\/uploads\/sites\/3\/2018\/01\/18.-Les-coll\u00e9giens-au-travail-dans-la-salle-de-J.-Pasquier-300x225.jpg 300w, https:\/\/ee.mlfmonde.org\/rauma-areva\/wp-content\/uploads\/sites\/3\/2018\/01\/18.-Les-coll\u00e9giens-au-travail-dans-la-salle-de-J.-Pasquier-768x576.jpg 768w\" sizes=\"(max-width: 1024px) 100vw, 1024px\" \/><\/a><\/p>\n<p>&nbsp;<\/p>\n<ul>\n<li>la salle des coll\u00e9giens pour leurs cours scientifiques<\/li>\n<\/ul>\n<p>&nbsp;<\/p>\n<p><a href=\"http:\/\/ee.mlfmonde.org\/rauma-areva\/wp-content\/uploads\/sites\/3\/2019\/12\/IMG_20191204_085141.jpg\"><img loading=\"lazy\" decoding=\"async\" class=\"alignnone size-large wp-image-4226\" src=\"http:\/\/ee.mlfmonde.org\/rauma-areva\/wp-content\/uploads\/sites\/3\/2019\/12\/IMG_20191204_085141-1024x768.jpg\" alt=\"\" width=\"1024\" height=\"768\" srcset=\"https:\/\/ee.mlfmonde.org\/rauma-areva\/wp-content\/uploads\/sites\/3\/2019\/12\/IMG_20191204_085141-1024x768.jpg 1024w, https:\/\/ee.mlfmonde.org\/rauma-areva\/wp-content\/uploads\/sites\/3\/2019\/12\/IMG_20191204_085141-300x225.jpg 300w, https:\/\/ee.mlfmonde.org\/rauma-areva\/wp-content\/uploads\/sites\/3\/2019\/12\/IMG_20191204_085141-768x576.jpg 768w\" sizes=\"(max-width: 1024px) 100vw, 1024px\" \/><\/a><\/p>\n<p>&nbsp;<\/p>\n<p>&nbsp;<\/p>\n<ul>\n<li>la salle de finnois<\/li>\n<\/ul>\n<p><a href=\"http:\/\/ee.mlfmonde.org\/rauma-areva\/wp-content\/uploads\/sites\/3\/2018\/01\/IMG_3928.jpg\"><img loading=\"lazy\" decoding=\"async\" class=\"aligncenter wp-image-2901 size-large\" src=\"http:\/\/ee.mlfmonde.org\/rauma-areva\/wp-content\/uploads\/sites\/3\/2018\/01\/IMG_3928-1024x768.jpg\" alt=\"\" width=\"1024\" height=\"768\" srcset=\"https:\/\/ee.mlfmonde.org\/rauma-areva\/wp-content\/uploads\/sites\/3\/2018\/01\/IMG_3928-1024x768.jpg 1024w, https:\/\/ee.mlfmonde.org\/rauma-areva\/wp-content\/uploads\/sites\/3\/2018\/01\/IMG_3928-300x225.jpg 300w, https:\/\/ee.mlfmonde.org\/rauma-areva\/wp-content\/uploads\/sites\/3\/2018\/01\/IMG_3928-768x576.jpg 768w\" sizes=\"(max-width: 1024px) 100vw, 1024px\" \/><\/a><\/p>\n<p>&nbsp;<\/p>\n<p><a href=\"http:\/\/ee.mlfmonde.org\/rauma-areva\/wp-content\/uploads\/sites\/3\/2018\/01\/IMG_3873.jpg\"><img loading=\"lazy\" decoding=\"async\" class=\"aligncenter wp-image-2885 size-large\" src=\"http:\/\/ee.mlfmonde.org\/rauma-areva\/wp-content\/uploads\/sites\/3\/2018\/01\/IMG_3873-1024x768.jpg\" alt=\"\" width=\"1024\" height=\"768\" srcset=\"https:\/\/ee.mlfmonde.org\/rauma-areva\/wp-content\/uploads\/sites\/3\/2018\/01\/IMG_3873-1024x768.jpg 1024w, https:\/\/ee.mlfmonde.org\/rauma-areva\/wp-content\/uploads\/sites\/3\/2018\/01\/IMG_3873-300x225.jpg 300w, https:\/\/ee.mlfmonde.org\/rauma-areva\/wp-content\/uploads\/sites\/3\/2018\/01\/IMG_3873-768x576.jpg 768w\" sizes=\"(max-width: 1024px) 100vw, 1024px\" \/><\/a><\/p>\n<p>&nbsp;<\/p>\n<ul>\n<li>la salle d&rsquo;anglais<\/li>\n<\/ul>\n<p>&nbsp;<\/p>\n<p>&nbsp;<\/p>\n<ul>\n<li>la salle d&rsquo;art<\/li>\n<\/ul>\n<p><a href=\"http:\/\/ee.mlfmonde.org\/rauma-areva\/wp-content\/uploads\/sites\/3\/2019\/12\/IMG_20191210_092029.jpg\"><img loading=\"lazy\" decoding=\"async\" class=\"alignnone size-large wp-image-4237\" src=\"http:\/\/ee.mlfmonde.org\/rauma-areva\/wp-content\/uploads\/sites\/3\/2019\/12\/IMG_20191210_092029-1024x768.jpg\" alt=\"\" width=\"1024\" height=\"768\" srcset=\"https:\/\/ee.mlfmonde.org\/rauma-areva\/wp-content\/uploads\/sites\/3\/2019\/12\/IMG_20191210_092029-1024x768.jpg 1024w, https:\/\/ee.mlfmonde.org\/rauma-areva\/wp-content\/uploads\/sites\/3\/2019\/12\/IMG_20191210_092029-300x225.jpg 300w, https:\/\/ee.mlfmonde.org\/rauma-areva\/wp-content\/uploads\/sites\/3\/2019\/12\/IMG_20191210_092029-768x576.jpg 768w\" sizes=\"(max-width: 1024px) 100vw, 1024px\" \/><\/a><\/p>\n<p>&nbsp;<\/p>\n<p>&nbsp;<\/p>\n<ul>\n<li>la BCD &#8211; CDI<\/li>\n<\/ul>\n<p><a href=\"http:\/\/ee.mlfmonde.org\/rauma-areva\/wp-content\/uploads\/sites\/3\/2019\/12\/IMG_20191209_140638.jpg\"><img loading=\"lazy\" decoding=\"async\" class=\"alignnone size-large wp-image-4236\" src=\"http:\/\/ee.mlfmonde.org\/rauma-areva\/wp-content\/uploads\/sites\/3\/2019\/12\/IMG_20191209_140638-1024x768.jpg\" alt=\"\" width=\"1024\" height=\"768\" srcset=\"https:\/\/ee.mlfmonde.org\/rauma-areva\/wp-content\/uploads\/sites\/3\/2019\/12\/IMG_20191209_140638-1024x768.jpg 1024w, https:\/\/ee.mlfmonde.org\/rauma-areva\/wp-content\/uploads\/sites\/3\/2019\/12\/IMG_20191209_140638-300x225.jpg 300w, https:\/\/ee.mlfmonde.org\/rauma-areva\/wp-content\/uploads\/sites\/3\/2019\/12\/IMG_20191209_140638-768x576.jpg 768w\" sizes=\"(max-width: 1024px) 100vw, 1024px\" \/><\/a><\/p>\n<p>&nbsp;<\/p>\n<p>&nbsp;<\/p>\n<ul>\n<li>la salle \u00e0 manger<\/li>\n<\/ul>\n<p><a href=\"http:\/\/ee.mlfmonde.org\/rauma-areva\/wp-content\/uploads\/sites\/3\/2019\/12\/IMG-20191212-WA0002.jpg\"><img loading=\"lazy\" decoding=\"async\" class=\"alignnone size-large wp-image-4338\" src=\"http:\/\/ee.mlfmonde.org\/rauma-areva\/wp-content\/uploads\/sites\/3\/2019\/12\/IMG-20191212-WA0002-1024x608.jpg\" alt=\"\" width=\"1024\" height=\"608\" srcset=\"https:\/\/ee.mlfmonde.org\/rauma-areva\/wp-content\/uploads\/sites\/3\/2019\/12\/IMG-20191212-WA0002-1024x608.jpg 1024w, https:\/\/ee.mlfmonde.org\/rauma-areva\/wp-content\/uploads\/sites\/3\/2019\/12\/IMG-20191212-WA0002-300x178.jpg 300w, https:\/\/ee.mlfmonde.org\/rauma-areva\/wp-content\/uploads\/sites\/3\/2019\/12\/IMG-20191212-WA0002-768x456.jpg 768w, https:\/\/ee.mlfmonde.org\/rauma-areva\/wp-content\/uploads\/sites\/3\/2019\/12\/IMG-20191212-WA0002.jpg 1189w\" sizes=\"(max-width: 1024px) 100vw, 1024px\" \/><\/a><\/p>\n<p><a href=\"http:\/\/ee.mlfmonde.org\/rauma-areva\/wp-content\/uploads\/sites\/3\/2019\/12\/IMG-20191212-WA0003.jpg\"><img loading=\"lazy\" decoding=\"async\" class=\"alignnone size-large wp-image-4339\" src=\"http:\/\/ee.mlfmonde.org\/rauma-areva\/wp-content\/uploads\/sites\/3\/2019\/12\/IMG-20191212-WA0003-1024x590.jpg\" alt=\"\" width=\"1024\" height=\"590\" srcset=\"https:\/\/ee.mlfmonde.org\/rauma-areva\/wp-content\/uploads\/sites\/3\/2019\/12\/IMG-20191212-WA0003-1024x590.jpg 1024w, https:\/\/ee.mlfmonde.org\/rauma-areva\/wp-content\/uploads\/sites\/3\/2019\/12\/IMG-20191212-WA0003-300x173.jpg 300w, https:\/\/ee.mlfmonde.org\/rauma-areva\/wp-content\/uploads\/sites\/3\/2019\/12\/IMG-20191212-WA0003-768x442.jpg 768w, https:\/\/ee.mlfmonde.org\/rauma-areva\/wp-content\/uploads\/sites\/3\/2019\/12\/IMG-20191212-WA0003.jpg 1141w\" sizes=\"(max-width: 1024px) 100vw, 1024px\" \/><\/a><\/p>\n<p>&nbsp;<\/p>\n<p>&nbsp;<\/p>\n<ul>\n<li>les couloirs<\/li>\n<\/ul>\n<p><a href=\"http:\/\/ee.mlfmonde.org\/rauma-areva\/wp-content\/uploads\/sites\/3\/2018\/01\/16.-Les-amateurs-de-skate-boards-envieraient-nos-longs-couloirs.jpg\"><img loading=\"lazy\" decoding=\"async\" class=\"aligncenter wp-image-2874 size-large\" src=\"http:\/\/ee.mlfmonde.org\/rauma-areva\/wp-content\/uploads\/sites\/3\/2018\/01\/16.-Les-amateurs-de-skate-boards-envieraient-nos-longs-couloirs-1024x768.jpg\" alt=\"\" width=\"1024\" height=\"768\" srcset=\"https:\/\/ee.mlfmonde.org\/rauma-areva\/wp-content\/uploads\/sites\/3\/2018\/01\/16.-Les-amateurs-de-skate-boards-envieraient-nos-longs-couloirs-1024x768.jpg 1024w, https:\/\/ee.mlfmonde.org\/rauma-areva\/wp-content\/uploads\/sites\/3\/2018\/01\/16.-Les-amateurs-de-skate-boards-envieraient-nos-longs-couloirs-300x225.jpg 300w, https:\/\/ee.mlfmonde.org\/rauma-areva\/wp-content\/uploads\/sites\/3\/2018\/01\/16.-Les-amateurs-de-skate-boards-envieraient-nos-longs-couloirs-768x576.jpg 768w\" sizes=\"(max-width: 1024px) 100vw, 1024px\" \/><\/a><\/p>\n<p><a href=\"http:\/\/ee.mlfmonde.org\/rauma-areva\/wp-content\/uploads\/sites\/3\/2018\/01\/20.-Porte-manteaux-des-GS-CP.jpg\"><img loading=\"lazy\" decoding=\"async\" class=\"aligncenter wp-image-2880 size-large\" src=\"http:\/\/ee.mlfmonde.org\/rauma-areva\/wp-content\/uploads\/sites\/3\/2018\/01\/20.-Porte-manteaux-des-GS-CP-1024x768.jpg\" alt=\"\" width=\"1024\" height=\"768\" srcset=\"https:\/\/ee.mlfmonde.org\/rauma-areva\/wp-content\/uploads\/sites\/3\/2018\/01\/20.-Porte-manteaux-des-GS-CP-1024x768.jpg 1024w, https:\/\/ee.mlfmonde.org\/rauma-areva\/wp-content\/uploads\/sites\/3\/2018\/01\/20.-Porte-manteaux-des-GS-CP-300x225.jpg 300w, https:\/\/ee.mlfmonde.org\/rauma-areva\/wp-content\/uploads\/sites\/3\/2018\/01\/20.-Porte-manteaux-des-GS-CP-768x576.jpg 768w\" sizes=\"(max-width: 1024px) 100vw, 1024px\" \/><\/a><\/p>\n<p><a href=\"http:\/\/ee.mlfmonde.org\/rauma-areva\/wp-content\/uploads\/sites\/3\/2018\/01\/14.-Porte-manteau-des-PS-MS.jpg\"><img loading=\"lazy\" decoding=\"async\" class=\"aligncenter wp-image-2881 size-large\" src=\"http:\/\/ee.mlfmonde.org\/rauma-areva\/wp-content\/uploads\/sites\/3\/2018\/01\/14.-Porte-manteau-des-PS-MS-1024x768.jpg\" alt=\"\" width=\"1024\" height=\"768\" srcset=\"https:\/\/ee.mlfmonde.org\/rauma-areva\/wp-content\/uploads\/sites\/3\/2018\/01\/14.-Porte-manteau-des-PS-MS-1024x768.jpg 1024w, https:\/\/ee.mlfmonde.org\/rauma-areva\/wp-content\/uploads\/sites\/3\/2018\/01\/14.-Porte-manteau-des-PS-MS-300x225.jpg 300w, https:\/\/ee.mlfmonde.org\/rauma-areva\/wp-content\/uploads\/sites\/3\/2018\/01\/14.-Porte-manteau-des-PS-MS-768x576.jpg 768w\" sizes=\"(max-width: 1024px) 100vw, 1024px\" \/><\/a><\/p>\n<ul>\n<li>la cour<\/li>\n<\/ul>\n<p>&nbsp;<\/p>\n<p><a href=\"http:\/\/ee.mlfmonde.org\/rauma-areva\/wp-content\/uploads\/sites\/3\/2018\/01\/21.-R\u00e9cr\u00e9-de-9h50-le-jour-se-l\u00e8ve..jpg\"><img loading=\"lazy\" decoding=\"async\" class=\"aligncenter wp-image-2875 size-large\" src=\"http:\/\/ee.mlfmonde.org\/rauma-areva\/wp-content\/uploads\/sites\/3\/2018\/01\/21.-R\u00e9cr\u00e9-de-9h50-le-jour-se-l\u00e8ve.-1024x768.jpg\" alt=\"\" width=\"1024\" height=\"768\" srcset=\"https:\/\/ee.mlfmonde.org\/rauma-areva\/wp-content\/uploads\/sites\/3\/2018\/01\/21.-R\u00e9cr\u00e9-de-9h50-le-jour-se-l\u00e8ve.-1024x768.jpg 1024w, https:\/\/ee.mlfmonde.org\/rauma-areva\/wp-content\/uploads\/sites\/3\/2018\/01\/21.-R\u00e9cr\u00e9-de-9h50-le-jour-se-l\u00e8ve.-300x225.jpg 300w, https:\/\/ee.mlfmonde.org\/rauma-areva\/wp-content\/uploads\/sites\/3\/2018\/01\/21.-R\u00e9cr\u00e9-de-9h50-le-jour-se-l\u00e8ve.-768x576.jpg 768w\" sizes=\"(max-width: 1024px) 100vw, 1024px\" \/><\/a><\/p>\n<p><a href=\"http:\/\/ee.mlfmonde.org\/rauma-areva\/wp-content\/uploads\/sites\/3\/2018\/01\/IMG_3914.jpg\"><img loading=\"lazy\" decoding=\"async\" class=\"aligncenter wp-image-2898 size-large\" src=\"http:\/\/ee.mlfmonde.org\/rauma-areva\/wp-content\/uploads\/sites\/3\/2018\/01\/IMG_3914-1024x768.jpg\" alt=\"\" width=\"1024\" height=\"768\" srcset=\"https:\/\/ee.mlfmonde.org\/rauma-areva\/wp-content\/uploads\/sites\/3\/2018\/01\/IMG_3914-1024x768.jpg 1024w, https:\/\/ee.mlfmonde.org\/rauma-areva\/wp-content\/uploads\/sites\/3\/2018\/01\/IMG_3914-300x225.jpg 300w, https:\/\/ee.mlfmonde.org\/rauma-areva\/wp-content\/uploads\/sites\/3\/2018\/01\/IMG_3914-768x576.jpg 768w\" sizes=\"(max-width: 1024px) 100vw, 1024px\" \/><\/a><\/p>\n<p><a href=\"http:\/\/ee.mlfmonde.org\/rauma-areva\/wp-content\/uploads\/sites\/3\/2018\/01\/IMG_3918.jpg\"><img loading=\"lazy\" decoding=\"async\" class=\"aligncenter wp-image-2899 size-large\" src=\"http:\/\/ee.mlfmonde.org\/rauma-areva\/wp-content\/uploads\/sites\/3\/2018\/01\/IMG_3918-1024x768.jpg\" alt=\"\" width=\"1024\" height=\"768\" srcset=\"https:\/\/ee.mlfmonde.org\/rauma-areva\/wp-content\/uploads\/sites\/3\/2018\/01\/IMG_3918-1024x768.jpg 1024w, https:\/\/ee.mlfmonde.org\/rauma-areva\/wp-content\/uploads\/sites\/3\/2018\/01\/IMG_3918-300x225.jpg 300w, https:\/\/ee.mlfmonde.org\/rauma-areva\/wp-content\/uploads\/sites\/3\/2018\/01\/IMG_3918-768x576.jpg 768w\" sizes=\"(max-width: 1024px) 100vw, 1024px\" \/><\/a><\/p>\n<p><a href=\"http:\/\/ee.mlfmonde.org\/rauma-areva\/wp-content\/uploads\/sites\/3\/2018\/01\/IMG_3926.jpg\"><img loading=\"lazy\" decoding=\"async\" class=\"aligncenter wp-image-2900 size-large\" src=\"http:\/\/ee.mlfmonde.org\/rauma-areva\/wp-content\/uploads\/sites\/3\/2018\/01\/IMG_3926-1024x768.jpg\" alt=\"\" width=\"1024\" height=\"768\" srcset=\"https:\/\/ee.mlfmonde.org\/rauma-areva\/wp-content\/uploads\/sites\/3\/2018\/01\/IMG_3926-1024x768.jpg 1024w, https:\/\/ee.mlfmonde.org\/rauma-areva\/wp-content\/uploads\/sites\/3\/2018\/01\/IMG_3926-300x225.jpg 300w, https:\/\/ee.mlfmonde.org\/rauma-areva\/wp-content\/uploads\/sites\/3\/2018\/01\/IMG_3926-768x576.jpg 768w\" sizes=\"(max-width: 1024px) 100vw, 1024px\" \/><\/a><\/p>\n<p>&nbsp;<\/p>\n","protected":false},"excerpt":{"rendered":"<p>L\u2019\u00e9cole se trouve dans la ville de Rauma (environ 40 000 habitants) localis\u00e9e au sud-ouest de la Finlande, sur le golfe de Botnie. La ville a une activit\u00e9 portuaire importante et poss\u00e8de une usine de fabrication de papier. Son centre-ville, \u00ab Vanha Rauma \u00bb, est class\u00e9 au patrimoine mondial par l\u2019UNESCO. L\u2019\u00e9cole AREVA MLF a [&hellip;]<\/p>\n","protected":false},"author":5,"featured_media":0,"parent":120,"menu_order":0,"comment_status":"closed","ping_status":"closed","template":"","meta":{"_acf_changed":false,"footnotes":""},"class_list":["post-183","page","type-page","status-publish","czr-hentry"],"acf":[],"_links":{"self":[{"href":"https:\/\/ee.mlfmonde.org\/rauma-areva\/wp-json\/wp\/v2\/pages\/183","targetHints":{"allow":["GET"]}}],"collection":[{"href":"https:\/\/ee.mlfmonde.org\/rauma-areva\/wp-json\/wp\/v2\/pages"}],"about":[{"href":"https:\/\/ee.mlfmonde.org\/rauma-areva\/wp-json\/wp\/v2\/types\/page"}],"author":[{"embeddable":true,"href":"https:\/\/ee.mlfmonde.org\/rauma-areva\/wp-json\/wp\/v2\/users\/5"}],"replies":[{"embeddable":true,"href":"https:\/\/ee.mlfmonde.org\/rauma-areva\/wp-json\/wp\/v2\/comments?post=183"}],"version-history":[{"count":18,"href":"https:\/\/ee.mlfmonde.org\/rauma-areva\/wp-json\/wp\/v2\/pages\/183\/revisions"}],"predecessor-version":[{"id":4968,"href":"https:\/\/ee.mlfmonde.org\/rauma-areva\/wp-json\/wp\/v2\/pages\/183\/revisions\/4968"}],"up":[{"embeddable":true,"href":"https:\/\/ee.mlfmonde.org\/rauma-areva\/wp-json\/wp\/v2\/pages\/120"}],"wp:attachment":[{"href":"https:\/\/ee.mlfmonde.org\/rauma-areva\/wp-json\/wp\/v2\/media?parent=183"}],"curies":[{"name":"wp","href":"https:\/\/api.w.org\/{rel}","templated":true}]}}