{"id":17,"date":"2015-09-04T17:57:56","date_gmt":"2015-09-04T14:57:56","guid":{"rendered":"http:\/\/ee.mlfmonde.org\/rauma-areva\/?page_id=17"},"modified":"2024-06-12T17:16:10","modified_gmt":"2024-06-12T15:16:10","slug":"horaires","status":"publish","type":"page","link":"https:\/\/ee.mlfmonde.org\/rauma-areva\/horaires\/","title":{"rendered":"Horaires"},"content":{"rendered":"<p><strong>Retrouvez ici les horaires de l\u2019\u00e9cole<\/strong><\/p>\n<p>Cette rubrique vous permet de d\u00e9couvrir les horaires de fonctionnement de l\u2019\u00e9cole, tout comme ceux de vos enfants. Dans un premier temps, il traite <strong>des horaires communs \u00e0 tous<\/strong>, puis rentre dans les d\u00e9tails propres \u00e0 chaque classe.<\/p>\n<ul class=\"spip\">\n<li><strong>Horaires communs \u00e0 tous<\/strong>\u00a0: <strong>D\u00e8s 7h55<\/strong>, les \u00e9l\u00e8ves sont accueillis par l\u2019\u00e9quipe enseignante en vue de d\u00e9marrer les cours \u00e0 <strong>8h<\/strong>. La r\u00e9cr\u00e9ation a lieu entre <strong>9h50 et 10h05<\/strong>. La reprise des cours a lieu \u00e0 <strong>12h15<\/strong> du lundi au jeudi.<\/li>\n<\/ul>\n<ul class=\"spip\">\n<li><strong>Horaires propres \u00e0 la maternelle et \u00e0 l\u2019\u00e9l\u00e9mentaire\u00a0:<\/strong> Pause d\u00e9jeuner de <strong>11h15 \u00e0 12h15<\/strong>\u00a0; reprise des cours \u00e0 <strong>12h15<\/strong> jusqu\u2019\u00e0 <strong>13h20<\/strong>, puis de <strong>13h35 \u00e0 14h45<\/strong>, heure de fin de journ\u00e9e. La r\u00e9cr\u00e9ation s\u2019\u00e9tale donc entre <strong>13h20 et 13h35<\/strong>. Remarque\u00a0: des activit\u00e9s p\u00e9dagogiques compl\u00e9mentaires (APC) pourront avoir lieu les mardis, de <strong>14h45 \u00e0 15h45<\/strong>.<\/li>\n<\/ul>\n<ul class=\"spip\">\n<li><strong>Horaires propres au coll\u00e8ge\u00a0:<\/strong> Comme pour les \u00e9l\u00e8ves de l\u2019\u00e9l\u00e9mentaire, apr\u00e8s la reprise des cours \u00e0 <strong>10h05<\/strong>, vient la pause d\u00e9jeuner \u00e0 <strong>11h15 <\/strong> jusqu\u2019\u00e0 <strong>12h15<\/strong>. Fin des cours \u00e0 <strong>14h45 ou 15h45.<\/strong><\/li>\n<\/ul>\n<p><strong>ATTENTION\u00a0: Le vendredi, les cours se terminent \u00e0 11h00 pour tous.<\/strong><\/p>\n","protected":false},"excerpt":{"rendered":"<p>Retrouvez ici les horaires de l\u2019\u00e9cole Cette rubrique vous permet de d\u00e9couvrir les horaires de fonctionnement de l\u2019\u00e9cole, tout comme ceux de vos enfants. Dans un premier temps, il traite des horaires communs \u00e0 tous, puis rentre dans les d\u00e9tails propres \u00e0 chaque classe. Horaires communs \u00e0 tous\u00a0: D\u00e8s 7h55, les \u00e9l\u00e8ves sont accueillis par [&hellip;]<\/p>\n","protected":false},"author":1,"featured_media":0,"parent":0,"menu_order":0,"comment_status":"closed","ping_status":"closed","template":"","meta":{"_acf_changed":false,"footnotes":""},"class_list":["post-17","page","type-page","status-publish","czr-hentry"],"acf":[],"_links":{"self":[{"href":"https:\/\/ee.mlfmonde.org\/rauma-areva\/wp-json\/wp\/v2\/pages\/17","targetHints":{"allow":["GET"]}}],"collection":[{"href":"https:\/\/ee.mlfmonde.org\/rauma-areva\/wp-json\/wp\/v2\/pages"}],"about":[{"href":"https:\/\/ee.mlfmonde.org\/rauma-areva\/wp-json\/wp\/v2\/types\/page"}],"author":[{"embeddable":true,"href":"https:\/\/ee.mlfmonde.org\/rauma-areva\/wp-json\/wp\/v2\/users\/1"}],"replies":[{"embeddable":true,"href":"https:\/\/ee.mlfmonde.org\/rauma-areva\/wp-json\/wp\/v2\/comments?post=17"}],"version-history":[{"count":5,"href":"https:\/\/ee.mlfmonde.org\/rauma-areva\/wp-json\/wp\/v2\/pages\/17\/revisions"}],"predecessor-version":[{"id":8512,"href":"https:\/\/ee.mlfmonde.org\/rauma-areva\/wp-json\/wp\/v2\/pages\/17\/revisions\/8512"}],"wp:attachment":[{"href":"https:\/\/ee.mlfmonde.org\/rauma-areva\/wp-json\/wp\/v2\/media?parent=17"}],"curies":[{"name":"wp","href":"https:\/\/api.w.org\/{rel}","templated":true}]}}