{"id":120,"date":"2015-09-28T09:32:47","date_gmt":"2015-09-28T06:32:47","guid":{"rendered":"http:\/\/ee.mlfmonde.org\/rauma-areva\/?page_id=120"},"modified":"2021-03-07T13:01:08","modified_gmt":"2021-03-07T11:01:08","slug":"notre-ecole","status":"publish","type":"page","link":"https:\/\/ee.mlfmonde.org\/rauma-areva\/notre-ecole\/","title":{"rendered":"Notre \u00e9cole"},"content":{"rendered":"<p>Voici quelques informations pour d\u00e9couvrir notre \u00e9cole :<\/p>\n<p><a href=\"http:\/\/ee.mlfmonde.org\/rauma-areva\/notre-ecole\/localisation-et-implantation\/\">Localisation et implantation<\/a><\/p>\n<p><a href=\"http:\/\/ee.mlfmonde.org\/rauma-areva\/notre-ecole\/lequipe-enseignante\/\">L&rsquo;\u00e9quipe enseignante<\/a><\/p>\n<p><a href=\"http:\/\/ee.mlfmonde.org\/rauma-areva\/notre-ecole\/contacts\/\">Contacts<\/a><\/p>\n<p><a href=\"http:\/\/ee.mlfmonde.org\/rauma-areva\/ecole-primaire-homologuee\/\">Ecole primaire homologu\u00e9e<\/a><\/p>\n<p><a href=\"http:\/\/ee.mlfmonde.org\/rauma-areva\/partenaire\/\">Partenaire du Coll\u00e8ge<\/a><\/p>\n","protected":false},"excerpt":{"rendered":"<p>Voici quelques informations pour d\u00e9couvrir notre \u00e9cole : Localisation et implantation L&rsquo;\u00e9quipe enseignante Contacts Ecole primaire homologu\u00e9e Partenaire du Coll\u00e8ge<\/p>\n","protected":false},"author":5,"featured_media":68,"parent":0,"menu_order":0,"comment_status":"closed","ping_status":"closed","template":"","meta":{"_acf_changed":false,"footnotes":""},"class_list":["post-120","page","type-page","status-publish","has-post-thumbnail","czr-hentry"],"acf":[],"_links":{"self":[{"href":"https:\/\/ee.mlfmonde.org\/rauma-areva\/wp-json\/wp\/v2\/pages\/120","targetHints":{"allow":["GET"]}}],"collection":[{"href":"https:\/\/ee.mlfmonde.org\/rauma-areva\/wp-json\/wp\/v2\/pages"}],"about":[{"href":"https:\/\/ee.mlfmonde.org\/rauma-areva\/wp-json\/wp\/v2\/types\/page"}],"author":[{"embeddable":true,"href":"https:\/\/ee.mlfmonde.org\/rauma-areva\/wp-json\/wp\/v2\/users\/5"}],"replies":[{"embeddable":true,"href":"https:\/\/ee.mlfmonde.org\/rauma-areva\/wp-json\/wp\/v2\/comments?post=120"}],"version-history":[{"count":12,"href":"https:\/\/ee.mlfmonde.org\/rauma-areva\/wp-json\/wp\/v2\/pages\/120\/revisions"}],"predecessor-version":[{"id":5325,"href":"https:\/\/ee.mlfmonde.org\/rauma-areva\/wp-json\/wp\/v2\/pages\/120\/revisions\/5325"}],"wp:featuredmedia":[{"embeddable":true,"href":"https:\/\/ee.mlfmonde.org\/rauma-areva\/wp-json\/wp\/v2\/media\/68"}],"wp:attachment":[{"href":"https:\/\/ee.mlfmonde.org\/rauma-areva\/wp-json\/wp\/v2\/media?parent=120"}],"curies":[{"name":"wp","href":"https:\/\/api.w.org\/{rel}","templated":true}]}}