{"id":880,"date":"2019-02-18T08:31:42","date_gmt":"2019-02-18T08:31:42","guid":{"rendered":"http:\/\/ee.mlfmonde.org\/port-harcourt-total\/?page_id=880"},"modified":"2019-02-20T10:08:58","modified_gmt":"2019-02-20T10:08:58","slug":"projets-en-francais","status":"publish","type":"page","link":"https:\/\/ee.mlfmonde.org\/port-harcourt-total\/college\/projets-en-francais\/","title":{"rendered":"Projets en Fran\u00e7ais"},"content":{"rendered":"<ol>\n<li>J&rsquo;illustre mes r\u00e9cits &#8211; EPI fran\u00e7ais arts plastiques.<\/li>\n<\/ol>\n<p>&#8211;\u00a0<a href=\"http:\/\/ee.mlfmonde.org\/port-harcourt-total\/lenfant-et-la-riviere-henri-bosco-illustrations-libres-6e\/\">\u00c0 partir d&rsquo;extraits de \u00ab\u00a0l&rsquo;enfant et la rivi\u00e8re\u00a0\u00bb<\/a>, d&rsquo;Henri Bosco &#8211; Th\u00e8me \u00ab\u00a0r\u00e9cits d&rsquo;aventure\u00a0\u00bb &#8211; 6e.<\/p>\n<p>&#8211; Le monstre dans la litt\u00e9rature &#8211; <a href=\"https:\/\/ee.mlfmonde.org\/port-harcourt-total\/?p=959&amp;preview=true\">Je cr\u00e9e mon r\u00e9cit et mon monstre<\/a> &#8211; 6e.<\/p>\n","protected":false},"excerpt":{"rendered":"<p>J&rsquo;illustre mes r\u00e9cits &#8211; EPI fran\u00e7ais arts plastiques. &#8211;\u00a0\u00c0 partir d&rsquo;extraits de \u00ab\u00a0l&rsquo;enfant et la rivi\u00e8re\u00a0\u00bb, d&rsquo;Henri Bosco &#8211; Th\u00e8me \u00ab\u00a0r\u00e9cits d&rsquo;aventure\u00a0\u00bb &#8211; 6e. &#8211; Le monstre dans la litt\u00e9rature &#8211; Je cr\u00e9e mon r\u00e9cit et mon monstre &#8211; 6e.<\/p>\n","protected":false},"author":122,"featured_media":0,"parent":569,"menu_order":0,"comment_status":"closed","ping_status":"closed","template":"","meta":{"_acf_changed":false,"footnotes":""},"class_list":["post-880","page","type-page","status-publish","czr-hentry"],"acf":[],"_links":{"self":[{"href":"https:\/\/ee.mlfmonde.org\/port-harcourt-total\/wp-json\/wp\/v2\/pages\/880","targetHints":{"allow":["GET"]}}],"collection":[{"href":"https:\/\/ee.mlfmonde.org\/port-harcourt-total\/wp-json\/wp\/v2\/pages"}],"about":[{"href":"https:\/\/ee.mlfmonde.org\/port-harcourt-total\/wp-json\/wp\/v2\/types\/page"}],"author":[{"embeddable":true,"href":"https:\/\/ee.mlfmonde.org\/port-harcourt-total\/wp-json\/wp\/v2\/users\/122"}],"replies":[{"embeddable":true,"href":"https:\/\/ee.mlfmonde.org\/port-harcourt-total\/wp-json\/wp\/v2\/comments?post=880"}],"version-history":[{"count":9,"href":"https:\/\/ee.mlfmonde.org\/port-harcourt-total\/wp-json\/wp\/v2\/pages\/880\/revisions"}],"predecessor-version":[{"id":979,"href":"https:\/\/ee.mlfmonde.org\/port-harcourt-total\/wp-json\/wp\/v2\/pages\/880\/revisions\/979"}],"up":[{"embeddable":true,"href":"https:\/\/ee.mlfmonde.org\/port-harcourt-total\/wp-json\/wp\/v2\/pages\/569"}],"wp:attachment":[{"href":"https:\/\/ee.mlfmonde.org\/port-harcourt-total\/wp-json\/wp\/v2\/media?parent=880"}],"curies":[{"name":"wp","href":"https:\/\/api.w.org\/{rel}","templated":true}]}}