{"id":670,"date":"2019-02-02T17:01:06","date_gmt":"2019-02-02T17:01:06","guid":{"rendered":"http:\/\/ee.mlfmonde.org\/port-harcourt-total\/?page_id=670"},"modified":"2019-05-27T05:46:30","modified_gmt":"2019-05-27T05:46:30","slug":"webradio","status":"publish","type":"page","link":"https:\/\/ee.mlfmonde.org\/port-harcourt-total\/webradio\/","title":{"rendered":"Webradio"},"content":{"rendered":"<p style=\"text-align: left\">Vous trouverez sur cette page aussi bien des \u00e9missions r\u00e9alis\u00e9es par l&rsquo;ensemble des \u00e9l\u00e8ves de l&rsquo;\u00e9cole, refl\u00e9tant le travail r\u00e9alis\u00e9 par les diff\u00e9rents cycles, que celles r\u00e9alis\u00e9es par les coll\u00e9giens, dans le cadre de leur activit\u00e9 bihebdomadaire du dispositif de soutien.<\/p>\n<p>En bas de page, <strong>les archives<\/strong>, nos premiers pas, la toute premi\u00e8re \u00e9mission de l&rsquo;\u00e9cole, trois \u00e9missions du club webradio du village, dans le cadre des activit\u00e9s extra &#8211; scolaires.<\/p>\n<p style=\"text-align: center\"><img fetchpriority=\"high\" decoding=\"async\" class=\"alignnone size-medium wp-image-1183\" src=\"http:\/\/ee.mlfmonde.org\/port-harcourt-total\/wp-content\/uploads\/sites\/14\/2019\/03\/Photo-webradio-300x169.png\" alt=\"\" width=\"300\" height=\"169\" srcset=\"https:\/\/ee.mlfmonde.org\/port-harcourt-total\/wp-content\/uploads\/sites\/14\/2019\/03\/Photo-webradio-300x169.png 300w, https:\/\/ee.mlfmonde.org\/port-harcourt-total\/wp-content\/uploads\/sites\/14\/2019\/03\/Photo-webradio-150x85.png 150w, https:\/\/ee.mlfmonde.org\/port-harcourt-total\/wp-content\/uploads\/sites\/14\/2019\/03\/Photo-webradio.png 640w\" sizes=\"(max-width: 300px) 100vw, 300px\" \/><\/p>\n<p><span style=\"color: #ff0000\">Emissions du 22 mai 2019.<\/span><\/p>\n<p>Emission 1 &#8211;\u00a0<span style=\"color: #ff6600\">Pr\u00e9sentation: Sarra<\/span><\/p>\n<!--[if lt IE 9]><script>document.createElement('audio');<\/script><![endif]-->\n<audio class=\"wp-audio-shortcode\" id=\"audio-670-1\" preload=\"none\" style=\"width: 100%;\" controls=\"controls\"><source type=\"audio\/mpeg\" src=\"http:\/\/ee.mlfmonde.org\/port-harcourt-total\/wp-content\/uploads\/sites\/14\/2019\/05\/22-Mai-emission-1bis-1.mp3?_=1\" \/><a href=\"http:\/\/ee.mlfmonde.org\/port-harcourt-total\/wp-content\/uploads\/sites\/14\/2019\/05\/22-Mai-emission-1bis-1.mp3\">http:\/\/ee.mlfmonde.org\/port-harcourt-total\/wp-content\/uploads\/sites\/14\/2019\/05\/22-Mai-emission-1bis-1.mp3<\/a><\/audio>\n<p>Emission 2 &#8211;\u00a0<span style=\"color: #ff6600\">Pr\u00e9sentation: Victor<\/span><\/p>\n<audio class=\"wp-audio-shortcode\" id=\"audio-670-2\" preload=\"none\" style=\"width: 100%;\" controls=\"controls\"><source type=\"audio\/mpeg\" src=\"http:\/\/ee.mlfmonde.org\/port-harcourt-total\/wp-content\/uploads\/sites\/14\/2019\/05\/22-Mai-emission-2bis.mp3?_=2\" \/><a href=\"http:\/\/ee.mlfmonde.org\/port-harcourt-total\/wp-content\/uploads\/sites\/14\/2019\/05\/22-Mai-emission-2bis.mp3\">http:\/\/ee.mlfmonde.org\/port-harcourt-total\/wp-content\/uploads\/sites\/14\/2019\/05\/22-Mai-emission-2bis.mp3<\/a><\/audio>\n<p>Emission 3 &#8211;\u00a0<span style=\"color: #ff6600\">Pr\u00e9sentation Elissa<\/span><\/p>\n<audio class=\"wp-audio-shortcode\" id=\"audio-670-3\" preload=\"none\" style=\"width: 100%;\" controls=\"controls\"><source type=\"audio\/mpeg\" src=\"http:\/\/ee.mlfmonde.org\/port-harcourt-total\/wp-content\/uploads\/sites\/14\/2019\/05\/22-Mai-emission-3bis.mp3?_=3\" \/><a href=\"http:\/\/ee.mlfmonde.org\/port-harcourt-total\/wp-content\/uploads\/sites\/14\/2019\/05\/22-Mai-emission-3bis.mp3\">http:\/\/ee.mlfmonde.org\/port-harcourt-total\/wp-content\/uploads\/sites\/14\/2019\/05\/22-Mai-emission-3bis.mp3<\/a><\/audio>\n<p>&nbsp;<\/p>\n<p><a href=\"https:\/\/soundcloud.com\/user-998200318\/emission-ecole-18-10-montage-final\/s-1jrOE\"><strong>Emission de l&rsquo;\u00e9cole septembre 2018<\/strong><\/a>.<\/p>\n<p><strong>Semaine Webradio<\/strong>.\u00a0 \u00a0 Tout au long de la semaine, du 18 au 22 mars 2019, les \u00e9l\u00e8ves de l\u2019ensemble des cycles, se sont pr\u00e9par\u00e9s gr\u00e2ce \u00e0 Thierry Riera \u2013 journaliste et formateur,\u00a0 associ\u00e9 \u00e0 la Mission la\u00efque fran\u00e7aise-\u00a0 et \u00e0 l\u2019ensemble de leurs enseignants, pour vous proposer 3 \u00e9missions.Nous avons pu associer en cette m\u00eame semaine, les 30 ans de la semaine de la presse et la semaine de la francophonie.<\/p>\n<p style=\"text-align: center\">Deux \u00e9missions g\u00e9n\u00e9ralistes ont ainsi \u00e9t\u00e9 r\u00e9alis\u00e9es, par les \u00e9l\u00e8ves, une autre a \u00e9t\u00e9 consacr\u00e9e \u00e0 la francophonie.<\/p>\n<p style=\"text-align: center\">Les enseignants aussi ont pu monter leur propre projet.<\/p>\n<p style=\"text-align: center\">Emission 1<\/p>\n<audio class=\"wp-audio-shortcode\" id=\"audio-670-4\" preload=\"none\" style=\"width: 100%;\" controls=\"controls\"><source type=\"audio\/mpeg\" src=\"http:\/\/ee.mlfmonde.org\/port-harcourt-total\/wp-content\/uploads\/sites\/14\/2019\/03\/Emission-1-812.mp3?_=4\" \/><a href=\"http:\/\/ee.mlfmonde.org\/port-harcourt-total\/wp-content\/uploads\/sites\/14\/2019\/03\/Emission-1-812.mp3\">http:\/\/ee.mlfmonde.org\/port-harcourt-total\/wp-content\/uploads\/sites\/14\/2019\/03\/Emission-1-812.mp3<\/a><\/audio>\n<p style=\"text-align: center\">Emission 2<\/p>\n<audio class=\"wp-audio-shortcode\" id=\"audio-670-5\" preload=\"none\" style=\"width: 100%;\" controls=\"controls\"><source type=\"audio\/mpeg\" src=\"http:\/\/ee.mlfmonde.org\/port-harcourt-total\/wp-content\/uploads\/sites\/14\/2019\/03\/Emission-2-757.mp3?_=5\" \/><a href=\"http:\/\/ee.mlfmonde.org\/port-harcourt-total\/wp-content\/uploads\/sites\/14\/2019\/03\/Emission-2-757.mp3\">http:\/\/ee.mlfmonde.org\/port-harcourt-total\/wp-content\/uploads\/sites\/14\/2019\/03\/Emission-2-757.mp3<\/a><\/audio>\n<p style=\"text-align: center\">Emission 3 &#8211; \u00ab\u00a0sp\u00e9ciale semaine de la francophonie\u00a0\u00bb-<\/p>\n<audio class=\"wp-audio-shortcode\" id=\"audio-670-6\" preload=\"none\" style=\"width: 100%;\" controls=\"controls\"><source type=\"audio\/mpeg\" src=\"http:\/\/ee.mlfmonde.org\/port-harcourt-total\/wp-content\/uploads\/sites\/14\/2019\/03\/Emission-3-610.mp3?_=6\" \/><a href=\"http:\/\/ee.mlfmonde.org\/port-harcourt-total\/wp-content\/uploads\/sites\/14\/2019\/03\/Emission-3-610.mp3\">http:\/\/ee.mlfmonde.org\/port-harcourt-total\/wp-content\/uploads\/sites\/14\/2019\/03\/Emission-3-610.mp3<\/a><\/audio>\n<p style=\"text-align: center\">Emission des enseignants<\/p>\n<audio class=\"wp-audio-shortcode\" id=\"audio-670-7\" preload=\"none\" style=\"width: 100%;\" controls=\"controls\"><source type=\"audio\/mpeg\" src=\"http:\/\/ee.mlfmonde.org\/port-harcourt-total\/wp-content\/uploads\/sites\/14\/2019\/04\/Emissions-enseignants-751.mp3?_=7\" \/><a href=\"http:\/\/ee.mlfmonde.org\/port-harcourt-total\/wp-content\/uploads\/sites\/14\/2019\/04\/Emissions-enseignants-751.mp3\">http:\/\/ee.mlfmonde.org\/port-harcourt-total\/wp-content\/uploads\/sites\/14\/2019\/04\/Emissions-enseignants-751.mp3<\/a><\/audio>\n<p>&nbsp;<\/p>\n<p>&nbsp;<\/p>\n<p><strong>Soutien Coll\u00e8ge<\/strong>:<\/p>\n<ol>\n<li>Projet conqu\u00eate de la Lune et exploration spatiale.<\/li>\n<\/ol>\n<p style=\"text-align: center\"><a href=\"https:\/\/soundcloud.com\/user-998200318\/emission-lune-1\/s-qW19E\">Emission Lune 1<\/a><\/p>\n<audio class=\"wp-audio-shortcode\" id=\"audio-670-8\" preload=\"none\" style=\"width: 100%;\" controls=\"controls\"><source type=\"audio\/mpeg\" src=\"http:\/\/ee.mlfmonde.org\/port-harcourt-total\/wp-content\/uploads\/sites\/14\/2019\/03\/Emission-Lune-1.mp3?_=8\" \/><a href=\"http:\/\/ee.mlfmonde.org\/port-harcourt-total\/wp-content\/uploads\/sites\/14\/2019\/03\/Emission-Lune-1.mp3\">http:\/\/ee.mlfmonde.org\/port-harcourt-total\/wp-content\/uploads\/sites\/14\/2019\/03\/Emission-Lune-1.mp3<\/a><\/audio>\n<p style=\"text-align: center\"><a href=\"https:\/\/soundcloud.com\/user-998200318\/emission-lune-2\/s-Ktrcb\">Emission Lune 2<\/a><\/p>\n<audio class=\"wp-audio-shortcode\" id=\"audio-670-9\" preload=\"none\" style=\"width: 100%;\" controls=\"controls\"><source type=\"audio\/mpeg\" src=\"http:\/\/ee.mlfmonde.org\/port-harcourt-total\/wp-content\/uploads\/sites\/14\/2019\/03\/Emission-Lune-2.mp3?_=9\" \/><a href=\"http:\/\/ee.mlfmonde.org\/port-harcourt-total\/wp-content\/uploads\/sites\/14\/2019\/03\/Emission-Lune-2.mp3\">http:\/\/ee.mlfmonde.org\/port-harcourt-total\/wp-content\/uploads\/sites\/14\/2019\/03\/Emission-Lune-2.mp3<\/a><\/audio>\n<p style=\"text-align: center\"><a href=\"https:\/\/soundcloud.com\/user-998200318\/emission-lune-3\/s-aZRZc\">Emission Lune 3<\/a><\/p>\n<audio class=\"wp-audio-shortcode\" id=\"audio-670-10\" preload=\"none\" style=\"width: 100%;\" controls=\"controls\"><source type=\"audio\/mpeg\" src=\"http:\/\/ee.mlfmonde.org\/port-harcourt-total\/wp-content\/uploads\/sites\/14\/2019\/03\/Emission-Lune-3.mp3?_=10\" \/><a href=\"http:\/\/ee.mlfmonde.org\/port-harcourt-total\/wp-content\/uploads\/sites\/14\/2019\/03\/Emission-Lune-3.mp3\">http:\/\/ee.mlfmonde.org\/port-harcourt-total\/wp-content\/uploads\/sites\/14\/2019\/03\/Emission-Lune-3.mp3<\/a><\/audio>\n<p>&nbsp;<\/p>\n<p>ARCHIVES:<\/p>\n<ul>\n<li><a href=\"https:\/\/soundcloud.com\/user-998200318\/web-radio-ecole-1\/s-0qkSk\">La toute premi\u00e8re \u00e9mission de l&rsquo;\u00e9cole, les balbutiements&#8230; D\u00e9cembre 2017<\/a>.<\/li>\n<li><a href=\"https:\/\/soundcloud.com\/user-998200318\/emission-1\/s-trwC8\">Emission club, 1er exemple<\/a>.<\/li>\n<li><a href=\"https:\/\/soundcloud.com\/user-998200318\/emission-club-2\/s-VyWpl\">Emission club, 2e exemple<\/a>.<\/li>\n<li><a href=\"https:\/\/soundcloud.com\/user-998200318\/emission-clu\/s-IOWNH\">Emission club 3e exemple<\/a>.<\/li>\n<\/ul>\n","protected":false},"excerpt":{"rendered":"<p>Vous trouverez sur cette page aussi bien des \u00e9missions r\u00e9alis\u00e9es par l&rsquo;ensemble des \u00e9l\u00e8ves de l&rsquo;\u00e9cole, refl\u00e9tant le travail r\u00e9alis\u00e9 par les diff\u00e9rents cycles, que celles r\u00e9alis\u00e9es par les coll\u00e9giens, dans le cadre de leur activit\u00e9 bihebdomadaire du dispositif de soutien. En bas de page, les archives, nos premiers pas, la toute premi\u00e8re \u00e9mission de [&hellip;]<\/p>\n","protected":false},"author":122,"featured_media":1183,"parent":0,"menu_order":0,"comment_status":"closed","ping_status":"closed","template":"","meta":{"_acf_changed":false,"footnotes":""},"class_list":["post-670","page","type-page","status-publish","has-post-thumbnail","czr-hentry"],"acf":[],"_links":{"self":[{"href":"https:\/\/ee.mlfmonde.org\/port-harcourt-total\/wp-json\/wp\/v2\/pages\/670","targetHints":{"allow":["GET"]}}],"collection":[{"href":"https:\/\/ee.mlfmonde.org\/port-harcourt-total\/wp-json\/wp\/v2\/pages"}],"about":[{"href":"https:\/\/ee.mlfmonde.org\/port-harcourt-total\/wp-json\/wp\/v2\/types\/page"}],"author":[{"embeddable":true,"href":"https:\/\/ee.mlfmonde.org\/port-harcourt-total\/wp-json\/wp\/v2\/users\/122"}],"replies":[{"embeddable":true,"href":"https:\/\/ee.mlfmonde.org\/port-harcourt-total\/wp-json\/wp\/v2\/comments?post=670"}],"version-history":[{"count":60,"href":"https:\/\/ee.mlfmonde.org\/port-harcourt-total\/wp-json\/wp\/v2\/pages\/670\/revisions"}],"predecessor-version":[{"id":1408,"href":"https:\/\/ee.mlfmonde.org\/port-harcourt-total\/wp-json\/wp\/v2\/pages\/670\/revisions\/1408"}],"wp:featuredmedia":[{"embeddable":true,"href":"https:\/\/ee.mlfmonde.org\/port-harcourt-total\/wp-json\/wp\/v2\/media\/1183"}],"wp:attachment":[{"href":"https:\/\/ee.mlfmonde.org\/port-harcourt-total\/wp-json\/wp\/v2\/media?parent=670"}],"curies":[{"name":"wp","href":"https:\/\/api.w.org\/{rel}","templated":true}]}}