{"id":608,"date":"2019-02-01T14:28:46","date_gmt":"2019-02-01T14:28:46","guid":{"rendered":"http:\/\/ee.mlfmonde.org\/port-harcourt-total\/?page_id=608"},"modified":"2019-09-13T14:23:09","modified_gmt":"2019-09-13T14:23:09","slug":"nous-contacter","status":"publish","type":"page","link":"https:\/\/ee.mlfmonde.org\/port-harcourt-total\/nous-contacter\/","title":{"rendered":"Nous contacter"},"content":{"rendered":"<header class=\"for-title-infos-pratiques\">\n<h1 class=\"title-infos-pratiques\">Ecole fran\u00e7aise Total-MLF de Port Harcourt-Nigeria<\/h1>\n<p><strong>Adresse<\/strong><\/p>\n<\/header>\n<div class=\"les-infos-pratiques\">\n<p>Plot 25<br \/>\nTrans Amadi industrial Layout<br \/>\nPMB 5160<br \/>\nPort-Harcourt<br \/>\nNigeria<\/p>\n<h2 class=\"titres-infos-pratiques\"><strong><span style=\"text-align: left;color: #333333;text-indent: 0px;letter-spacing: normal;font-family: 'Raleway';font-size: 19px;font-style: normal;font-variant: normal;text-decoration: none;cursor: text;float: none;background-color: transparent\">T\u00e9l\u00e9phone<\/span><\/strong><\/h2>\n<p>+234 803 906 57 43 (Bureau)<\/p>\n<p>+234 803 906 57 44 (Directeur)<\/p>\n<h2 class=\"titres-infos-pratiques\"><strong><span style=\"text-align: left;color: #333333;text-indent: 0px;letter-spacing: normal;font-family: 'Raleway';font-size: 19px;font-style: normal;font-variant: normal;text-decoration: none;cursor: text;float: none;background-color: transparent\">Courriel<\/span><\/strong><\/h2>\n<p><a>direction.portharcourt@mlfmonde.org<\/a><\/p>\n<\/div>\n","protected":false},"excerpt":{"rendered":"<p>Ecole fran\u00e7aise Total-MLF de Port Harcourt-Nigeria Adresse Plot 25 Trans Amadi industrial Layout PMB 5160 Port-Harcourt Nigeria T\u00e9l\u00e9phone +234 803 906 57 43 (Bureau) +234 803 906 57 44 (Directeur) Courriel direction.portharcourt@mlfmonde.org<\/p>\n","protected":false},"author":122,"featured_media":0,"parent":0,"menu_order":0,"comment_status":"closed","ping_status":"closed","template":"","meta":{"_acf_changed":false,"footnotes":""},"class_list":["post-608","page","type-page","status-publish","czr-hentry"],"acf":[],"_links":{"self":[{"href":"https:\/\/ee.mlfmonde.org\/port-harcourt-total\/wp-json\/wp\/v2\/pages\/608","targetHints":{"allow":["GET"]}}],"collection":[{"href":"https:\/\/ee.mlfmonde.org\/port-harcourt-total\/wp-json\/wp\/v2\/pages"}],"about":[{"href":"https:\/\/ee.mlfmonde.org\/port-harcourt-total\/wp-json\/wp\/v2\/types\/page"}],"author":[{"embeddable":true,"href":"https:\/\/ee.mlfmonde.org\/port-harcourt-total\/wp-json\/wp\/v2\/users\/122"}],"replies":[{"embeddable":true,"href":"https:\/\/ee.mlfmonde.org\/port-harcourt-total\/wp-json\/wp\/v2\/comments?post=608"}],"version-history":[{"count":7,"href":"https:\/\/ee.mlfmonde.org\/port-harcourt-total\/wp-json\/wp\/v2\/pages\/608\/revisions"}],"predecessor-version":[{"id":1626,"href":"https:\/\/ee.mlfmonde.org\/port-harcourt-total\/wp-json\/wp\/v2\/pages\/608\/revisions\/1626"}],"wp:attachment":[{"href":"https:\/\/ee.mlfmonde.org\/port-harcourt-total\/wp-json\/wp\/v2\/media?parent=608"}],"curies":[{"name":"wp","href":"https:\/\/api.w.org\/{rel}","templated":true}]}}