{"id":604,"date":"2019-02-01T14:28:44","date_gmt":"2019-02-01T14:28:44","guid":{"rendered":"http:\/\/ee.mlfmonde.org\/port-harcourt-total\/?page_id=604"},"modified":"2019-09-02T17:41:51","modified_gmt":"2019-09-02T17:41:51","slug":"mot-du-directeur","status":"publish","type":"page","link":"https:\/\/ee.mlfmonde.org\/port-harcourt-total\/mot-du-directeur\/","title":{"rendered":"Mot du directeur"},"content":{"rendered":"<p>Le mot du directeur<\/p>\n<p>&nbsp;<\/p>\n<p>Bienvenue sur le site internet de l\u2019\u00e9cole fran\u00e7aise Total-Mlf de Port Harcourt\u00a0!<\/p>\n<p>L\u2019\u00e9cole fran\u00e7aise Total-Mlf de Port Harcourt est un \u00e9tablissement d\u2019enseignement fran\u00e7ais \u00e0 l\u2019\u00e9tranger homologu\u00e9 et g\u00e9r\u00e9 p\u00e9dagogiquement par la Mission la\u00efque fran\u00e7aise.<\/p>\n<p>Implant\u00e9e \u00e0 Port Harcourt, capitale de l\u2019Etat de Rivers, au sud du Nigeria, elle est l\u2019un des trois \u00e9tablissements scolaires fran\u00e7ais de ce grand pays d\u2019Afrique de l\u2019ouest, aux c\u00f4t\u00e9s du Lyc\u00e9e fran\u00e7ais Louis Pasteur de Lagos et de l\u2019Ecole fran\u00e7aise Marcel Pagnol d\u2019Abuja.<\/p>\n<p>Cr\u00e9\u00e9e en 1972, l\u2019\u00e9cole fran\u00e7aise Total-Mlf de Port Harcourt fait partie int\u00e9grante du r\u00e9seau mlfmonde, qui comprend 109 \u00e9tablissements d\u2019enseignement fran\u00e7ais \u00e0 l\u2019\u00e9tranger (dont 19 \u00e9coles d\u2019entreprise) et qui scolarise plus de 60 000 \u00e9l\u00e8ves dans 38 pays.<\/p>\n<p>Elle accueille actuellement 48 \u00e9l\u00e8ves en enseignement direct, de la Petite Section de maternelle \u00e0 la classe de 3<sup>\u00e8me<\/sup>.<\/p>\n<p>Nos enseignants, majoritairement titulaires du minist\u00e8re fran\u00e7ais de l\u2019Education Nationale, s\u2019attachent \u00e0 promouvoir les valeurs qui permettront \u00e0 nos \u00e9l\u00e8ves de devenir demain des citoyens responsables et respectueux de l\u2019autre, dans le respect de la devise de la Mission la\u00efque fran\u00e7aise\u00a0: \u00ab\u00a0deux cultures, trois langues\u00a0\u00bb.<\/p>\n<p>\u00ab\u00a0Bienveillance, exigence, excellence\u00a0\u00bb\u00a0: favoriser les conditions de la r\u00e9ussite et de l\u2019\u00e9panouissement de tous nos \u00e9l\u00e8ves sans exception reste le fondement de notre action pour en faire de futurs citoyens du monde, libres, \u00e9panouis et \u00e9clair\u00e9s.<\/p>\n<p>&nbsp;<\/p>\n<p>Le directeur,<\/p>\n<p>Alain HARDY<\/p>\n<p><a href=\"http:\/\/ee.mlfmonde.org\/port-harcourt-total\/wp-content\/uploads\/sites\/14\/2019\/09\/Le-mot-du-directeur-rentr\u00e9e-2019.docx\">Le mot du directeur<\/a><\/p>\n","protected":false},"excerpt":{"rendered":"<p>Le mot du directeur &nbsp; Bienvenue sur le site internet de l\u2019\u00e9cole fran\u00e7aise Total-Mlf de Port Harcourt\u00a0! L\u2019\u00e9cole fran\u00e7aise Total-Mlf de Port Harcourt est un \u00e9tablissement d\u2019enseignement fran\u00e7ais \u00e0 l\u2019\u00e9tranger homologu\u00e9 et g\u00e9r\u00e9 p\u00e9dagogiquement par la Mission la\u00efque fran\u00e7aise. Implant\u00e9e \u00e0 Port Harcourt, capitale de l\u2019Etat de Rivers, au sud du Nigeria, elle est l\u2019un [&hellip;]<\/p>\n","protected":false},"author":122,"featured_media":0,"parent":0,"menu_order":0,"comment_status":"closed","ping_status":"closed","template":"","meta":{"_acf_changed":false,"footnotes":""},"class_list":["post-604","page","type-page","status-publish","czr-hentry"],"acf":[],"_links":{"self":[{"href":"https:\/\/ee.mlfmonde.org\/port-harcourt-total\/wp-json\/wp\/v2\/pages\/604","targetHints":{"allow":["GET"]}}],"collection":[{"href":"https:\/\/ee.mlfmonde.org\/port-harcourt-total\/wp-json\/wp\/v2\/pages"}],"about":[{"href":"https:\/\/ee.mlfmonde.org\/port-harcourt-total\/wp-json\/wp\/v2\/types\/page"}],"author":[{"embeddable":true,"href":"https:\/\/ee.mlfmonde.org\/port-harcourt-total\/wp-json\/wp\/v2\/users\/122"}],"replies":[{"embeddable":true,"href":"https:\/\/ee.mlfmonde.org\/port-harcourt-total\/wp-json\/wp\/v2\/comments?post=604"}],"version-history":[{"count":8,"href":"https:\/\/ee.mlfmonde.org\/port-harcourt-total\/wp-json\/wp\/v2\/pages\/604\/revisions"}],"predecessor-version":[{"id":1594,"href":"https:\/\/ee.mlfmonde.org\/port-harcourt-total\/wp-json\/wp\/v2\/pages\/604\/revisions\/1594"}],"wp:attachment":[{"href":"https:\/\/ee.mlfmonde.org\/port-harcourt-total\/wp-json\/wp\/v2\/media?parent=604"}],"curies":[{"name":"wp","href":"https:\/\/api.w.org\/{rel}","templated":true}]}}