{"id":585,"date":"2019-02-01T14:23:44","date_gmt":"2019-02-01T14:23:44","guid":{"rendered":"http:\/\/ee.mlfmonde.org\/port-harcourt-total\/?page_id=585"},"modified":"2020-01-13T00:31:59","modified_gmt":"2020-01-12T23:31:59","slug":"horaires-de-lecole","status":"publish","type":"page","link":"https:\/\/ee.mlfmonde.org\/port-harcourt-total\/horaires-de-lecole\/","title":{"rendered":"Horaires de l&rsquo;\u00e9cole"},"content":{"rendered":"<p><a href=\"http:\/\/ee.mlfmonde.org\/port-harcourt-total\/wp-content\/uploads\/sites\/14\/2020\/01\/Horaires-2018-2019.pdf\">Horaires 2018-2019<\/a><\/p>\n<p>Horaires en vigueur \u00e0 compter du lundi 17\/09\/2018<\/p>\n<p>Horaires des lundis, mardis, jeudis et vendredis<\/p>\n<p>Matin\u00e9e<\/p>\n<p>Entr\u00e9e en classe pour tous 8h15* * (accueil \u00e0 partir de 8h05)<br \/>\n1\u00e8re r\u00e9cr\u00e9ation maternelle 9h45-10h00<br \/>\nR\u00e9cr\u00e9ation \u00e9l\u00e9mentaire + coll\u00e8ge 10h05-10h20<br \/>\n2nde r\u00e9cr\u00e9ation maternelle 11h00-11h15<br \/>\nSortie maternelle + \u00e9l\u00e9mentaire 12h00<br \/>\nSortie coll\u00e8ge 12h10<\/p>\n<p>Apr\u00e8s-midi<\/p>\n<p>Entr\u00e9e en classe pour tous 13h05** ** (accueil \u00e0 partir de 13h00)<br \/>\nR\u00e9cr\u00e9ation maternelle 14h00-14h15<br \/>\nR\u00e9cr\u00e9ation \u00e9l\u00e9mentaire 14h05-14h20<br \/>\nR\u00e9cr\u00e9ation coll\u00e8ge (si cours en H7) 14h55-15h10<br \/>\nSortie maternelle + \u00e9l\u00e9mentaire 15h05<br \/>\nNB. En fonction de l\u2019emploi du temps, les sorties du coll\u00e8ge ont lieu \u00e0 14h00, 14h55 ou 16H05.<\/p>\n<p>Horaires du mercredi<\/p>\n<p>Sans APC<br \/>\nSortie maternelle + \u00e9l\u00e9mentaire 11h15<\/p>\n<p>Avec APC :<br \/>\nSortie maternelle + \u00e9l\u00e9mentaire 12h15<\/p>\n<p>&nbsp;<\/p>\n","protected":false},"excerpt":{"rendered":"<p>Horaires 2018-2019 Horaires en vigueur \u00e0 compter du lundi 17\/09\/2018 Horaires des lundis, mardis, jeudis et vendredis Matin\u00e9e Entr\u00e9e en classe pour tous 8h15* * (accueil \u00e0 partir de 8h05) 1\u00e8re r\u00e9cr\u00e9ation maternelle 9h45-10h00 R\u00e9cr\u00e9ation \u00e9l\u00e9mentaire + coll\u00e8ge 10h05-10h20 2nde r\u00e9cr\u00e9ation maternelle 11h00-11h15 Sortie maternelle + \u00e9l\u00e9mentaire 12h00 Sortie coll\u00e8ge 12h10 Apr\u00e8s-midi Entr\u00e9e en classe [&hellip;]<\/p>\n","protected":false},"author":122,"featured_media":0,"parent":0,"menu_order":0,"comment_status":"closed","ping_status":"closed","template":"","meta":{"_acf_changed":false,"footnotes":""},"class_list":["post-585","page","type-page","status-publish","czr-hentry"],"acf":[],"_links":{"self":[{"href":"https:\/\/ee.mlfmonde.org\/port-harcourt-total\/wp-json\/wp\/v2\/pages\/585","targetHints":{"allow":["GET"]}}],"collection":[{"href":"https:\/\/ee.mlfmonde.org\/port-harcourt-total\/wp-json\/wp\/v2\/pages"}],"about":[{"href":"https:\/\/ee.mlfmonde.org\/port-harcourt-total\/wp-json\/wp\/v2\/types\/page"}],"author":[{"embeddable":true,"href":"https:\/\/ee.mlfmonde.org\/port-harcourt-total\/wp-json\/wp\/v2\/users\/122"}],"replies":[{"embeddable":true,"href":"https:\/\/ee.mlfmonde.org\/port-harcourt-total\/wp-json\/wp\/v2\/comments?post=585"}],"version-history":[{"count":9,"href":"https:\/\/ee.mlfmonde.org\/port-harcourt-total\/wp-json\/wp\/v2\/pages\/585\/revisions"}],"predecessor-version":[{"id":1854,"href":"https:\/\/ee.mlfmonde.org\/port-harcourt-total\/wp-json\/wp\/v2\/pages\/585\/revisions\/1854"}],"wp:attachment":[{"href":"https:\/\/ee.mlfmonde.org\/port-harcourt-total\/wp-json\/wp\/v2\/media?parent=585"}],"curies":[{"name":"wp","href":"https:\/\/api.w.org\/{rel}","templated":true}]}}