{"id":569,"date":"2019-02-01T14:20:57","date_gmt":"2019-02-01T14:20:57","guid":{"rendered":"http:\/\/ee.mlfmonde.org\/port-harcourt-total\/?page_id=569"},"modified":"2019-05-27T14:59:28","modified_gmt":"2019-05-27T14:59:28","slug":"college","status":"publish","type":"page","link":"https:\/\/ee.mlfmonde.org\/port-harcourt-total\/college\/","title":{"rendered":"Coll\u00e8ge"},"content":{"rendered":"<p>Voici les expos\u00e9s et oeuvres r\u00e9alis\u00e9s par les \u00e9l\u00e8ves du coll\u00e8ge depuis le d\u00e9but de l&rsquo;ann\u00e9e<\/p>\n<ul>\n<li><a href=\"https:\/\/ee.mlfmonde.org\/port-harcourt-total\/?p=728&amp;preview=true\">Musique<\/a><\/li>\n<li><a href=\"https:\/\/ee.mlfmonde.org\/port-harcourt-total\/?page_id=1410&amp;preview=true\">Sciences<\/a><\/li>\n<li><a href=\"http:\/\/ee.mlfmonde.org\/port-harcourt-total\/college\/projets-et-oeuvres-en-arts-plastiques\/\">Arts plastiques<\/a><\/li>\n<li><a href=\"http:\/\/ee.mlfmonde.org\/port-harcourt-total\/college\/projets-et-exposes-en-histoire-geographie-emc\/\">Histoire g\u00e9ographie EMC<\/a><\/li>\n<li><a href=\"http:\/\/ee.mlfmonde.org\/port-harcourt-total\/college\/projets-en-francais\/\">Fran\u00e7ais<\/a><\/li>\n<\/ul>\n","protected":false},"excerpt":{"rendered":"<p>Voici les expos\u00e9s et oeuvres r\u00e9alis\u00e9s par les \u00e9l\u00e8ves du coll\u00e8ge depuis le d\u00e9but de l&rsquo;ann\u00e9e Musique Sciences Arts plastiques Histoire g\u00e9ographie EMC Fran\u00e7ais<\/p>\n","protected":false},"author":122,"featured_media":0,"parent":0,"menu_order":0,"comment_status":"closed","ping_status":"closed","template":"","meta":{"_acf_changed":false,"footnotes":""},"class_list":["post-569","page","type-page","status-publish","czr-hentry"],"acf":[],"_links":{"self":[{"href":"https:\/\/ee.mlfmonde.org\/port-harcourt-total\/wp-json\/wp\/v2\/pages\/569","targetHints":{"allow":["GET"]}}],"collection":[{"href":"https:\/\/ee.mlfmonde.org\/port-harcourt-total\/wp-json\/wp\/v2\/pages"}],"about":[{"href":"https:\/\/ee.mlfmonde.org\/port-harcourt-total\/wp-json\/wp\/v2\/types\/page"}],"author":[{"embeddable":true,"href":"https:\/\/ee.mlfmonde.org\/port-harcourt-total\/wp-json\/wp\/v2\/users\/122"}],"replies":[{"embeddable":true,"href":"https:\/\/ee.mlfmonde.org\/port-harcourt-total\/wp-json\/wp\/v2\/comments?post=569"}],"version-history":[{"count":22,"href":"https:\/\/ee.mlfmonde.org\/port-harcourt-total\/wp-json\/wp\/v2\/pages\/569\/revisions"}],"predecessor-version":[{"id":1420,"href":"https:\/\/ee.mlfmonde.org\/port-harcourt-total\/wp-json\/wp\/v2\/pages\/569\/revisions\/1420"}],"wp:attachment":[{"href":"https:\/\/ee.mlfmonde.org\/port-harcourt-total\/wp-json\/wp\/v2\/media?parent=569"}],"curies":[{"name":"wp","href":"https:\/\/api.w.org\/{rel}","templated":true}]}}