{"id":1426,"date":"2019-06-01T15:27:56","date_gmt":"2019-06-01T15:27:56","guid":{"rendered":"http:\/\/ee.mlfmonde.org\/port-harcourt-total\/?page_id=1426"},"modified":"2019-06-02T06:11:15","modified_gmt":"2019-06-02T06:11:15","slug":"journee-mondiale-des-parents","status":"publish","type":"page","link":"https:\/\/ee.mlfmonde.org\/port-harcourt-total\/journee-mondiale-des-parents\/","title":{"rendered":"Journ\u00e9e mondiale des parents"},"content":{"rendered":"<p><a href=\"https:\/\/www.youtube.com\/watch?v=9k7YF_hT21g&amp;feature=youtu.be\">Allocution de M Deberre, directeur g\u00e9n\u00e9ral de la MLF,\u00a0 adress\u00e9e aux parents, en cette \u00ab\u00a0journ\u00e9e mondiale des parents\u00a0\u00bb, d\u00e9cr\u00e9t\u00e9e par l&rsquo;ONU\u00a0 -1 er juin 2019.<\/a><\/p>\n","protected":false},"excerpt":{"rendered":"<p>Allocution de M Deberre, directeur g\u00e9n\u00e9ral de la MLF,\u00a0 adress\u00e9e aux parents, en cette \u00ab\u00a0journ\u00e9e mondiale des parents\u00a0\u00bb, d\u00e9cr\u00e9t\u00e9e par l&rsquo;ONU\u00a0 -1 er juin 2019.<\/p>\n","protected":false},"author":122,"featured_media":1436,"parent":0,"menu_order":0,"comment_status":"closed","ping_status":"closed","template":"","meta":{"_acf_changed":false,"footnotes":""},"class_list":["post-1426","page","type-page","status-publish","has-post-thumbnail","czr-hentry"],"acf":[],"_links":{"self":[{"href":"https:\/\/ee.mlfmonde.org\/port-harcourt-total\/wp-json\/wp\/v2\/pages\/1426","targetHints":{"allow":["GET"]}}],"collection":[{"href":"https:\/\/ee.mlfmonde.org\/port-harcourt-total\/wp-json\/wp\/v2\/pages"}],"about":[{"href":"https:\/\/ee.mlfmonde.org\/port-harcourt-total\/wp-json\/wp\/v2\/types\/page"}],"author":[{"embeddable":true,"href":"https:\/\/ee.mlfmonde.org\/port-harcourt-total\/wp-json\/wp\/v2\/users\/122"}],"replies":[{"embeddable":true,"href":"https:\/\/ee.mlfmonde.org\/port-harcourt-total\/wp-json\/wp\/v2\/comments?post=1426"}],"version-history":[{"count":3,"href":"https:\/\/ee.mlfmonde.org\/port-harcourt-total\/wp-json\/wp\/v2\/pages\/1426\/revisions"}],"predecessor-version":[{"id":1469,"href":"https:\/\/ee.mlfmonde.org\/port-harcourt-total\/wp-json\/wp\/v2\/pages\/1426\/revisions\/1469"}],"wp:featuredmedia":[{"embeddable":true,"href":"https:\/\/ee.mlfmonde.org\/port-harcourt-total\/wp-json\/wp\/v2\/media\/1436"}],"wp:attachment":[{"href":"https:\/\/ee.mlfmonde.org\/port-harcourt-total\/wp-json\/wp\/v2\/media?parent=1426"}],"curies":[{"name":"wp","href":"https:\/\/api.w.org\/{rel}","templated":true}]}}