{"id":6195,"date":"2017-02-24T11:43:42","date_gmt":"2017-02-24T02:43:42","guid":{"rendered":"http:\/\/ee.mlfmonde.org\/okpo-technip\/?page_id=6195"},"modified":"2017-02-24T11:45:27","modified_gmt":"2017-02-24T02:45:27","slug":"le-personnel-encadrant-de-lecole","status":"publish","type":"page","link":"https:\/\/ee.mlfmonde.org\/okpo-technip\/le-personnel-encadrant-de-lecole\/","title":{"rendered":"Le personnel encadrant de l&rsquo;\u00e9cole"},"content":{"rendered":"<p><span style=\"text-decoration: underline\">Directeur<\/span>: Jean Fontaine<\/p>\n<p><span style=\"text-decoration: underline\">Secr\u00e9taire et professeur de Cor\u00e9en<\/span>: June Kim<\/p>\n<p><strong>MATERNELLE<\/strong><\/p>\n<p><span style=\"text-decoration: underline\">Enseignante PS-MS maternelle<\/span>: St\u00e9phanie Chareun<\/p>\n<p><span style=\"text-decoration: underline\">Atsem PS-MS maternelle<\/span>: Aur\u00e9lie Jeanson<\/p>\n<p><span style=\"text-decoration: underline\">Enseignante GS maternelle<\/span>: Christine Fontaine<\/p>\n<p><span style=\"text-decoration: underline\">Atsem GS maternelle<\/span>: Sam Lee<\/p>\n<p><span style=\"text-decoration: underline\">Anglais maternelle<\/span>: Adeola Alagb\u00e9<\/p>\n<p><strong>PRIMAIRE<\/strong><\/p>\n<p><span style=\"text-decoration: underline\">CP\/CE1<\/span>: Marie-H\u00e9l\u00e8ne Presse<\/p>\n<p><span style=\"text-decoration: underline\">CE1\/CE2<\/span>: Julien Chauveau<\/p>\n<p><span style=\"text-decoration: underline\">CM1<\/span>: Audrey Wydasz<\/p>\n<p><span style=\"text-decoration: underline\">CM2<\/span>: Maxime Wydasz<\/p>\n<p><span style=\"text-decoration: underline\">Anglais primaire<\/span>: Andrew Johnston<\/p>\n<p><strong>SECONDAIRE<\/strong><\/p>\n<p><span style=\"text-decoration: underline\">Professeur principal 6\u00e8 Espagnol secondaire:\u00a0<\/span>: Jean Fontaine<\/p>\n<p><span style=\"text-decoration: underline\">Fran\u00e7ais 6\u00e8<\/span>: Jean Fontaine<\/p>\n<p><span style=\"text-decoration: underline\">Math\u00e9matiques<\/span>: Marie Persehaie<\/p>\n<p><span style=\"text-decoration: underline\">Histoire-g\u00e9ographie<\/span> \/ EPS\/ Arts visuels: Fran\u00e7ois Boulle<\/p>\n<p><span style=\"text-decoration: underline\">Sciences-physiques \/ Chimie \/ SVT\/ technologie<\/span>: Sandra Boulle<\/p>\n<p><span style=\"text-decoration: underline\">Fran\u00e7ais\/latin\/philosophie<\/span>: Audrey Chauveau<\/p>\n<p><span style=\"text-decoration: underline\">Anglais secondaire<\/span>: Violette Laronche<\/p>\n<p><strong>Allemand secondaire:<\/strong> Isabelle Senard<\/p>\n<p><strong>Espagnol secondaire:\u00a0<\/strong>Noa Castro Blanco<\/p>\n","protected":false},"excerpt":{"rendered":"<p>Directeur: Jean Fontaine Secr\u00e9taire et professeur de Cor\u00e9en: June Kim MATERNELLE Enseignante PS-MS maternelle: St\u00e9phanie Chareun Atsem PS-MS maternelle: Aur\u00e9lie Jeanson Enseignante GS maternelle: Christine Fontaine Atsem GS maternelle: Sam Lee Anglais maternelle: Adeola Alagb\u00e9 PRIMAIRE CP\/CE1: Marie-H\u00e9l\u00e8ne Presse CE1\/CE2: Julien Chauveau CM1: Audrey Wydasz CM2: Maxime Wydasz Anglais primaire: Andrew Johnston SECONDAIRE Professeur principal [&hellip;]<\/p>\n","protected":false},"author":97,"featured_media":0,"parent":0,"menu_order":0,"comment_status":"closed","ping_status":"closed","template":"","meta":{"_acf_changed":false,"footnotes":""},"class_list":["post-6195","page","type-page","status-publish","czr-hentry"],"acf":[],"_links":{"self":[{"href":"https:\/\/ee.mlfmonde.org\/okpo-technip\/wp-json\/wp\/v2\/pages\/6195","targetHints":{"allow":["GET"]}}],"collection":[{"href":"https:\/\/ee.mlfmonde.org\/okpo-technip\/wp-json\/wp\/v2\/pages"}],"about":[{"href":"https:\/\/ee.mlfmonde.org\/okpo-technip\/wp-json\/wp\/v2\/types\/page"}],"author":[{"embeddable":true,"href":"https:\/\/ee.mlfmonde.org\/okpo-technip\/wp-json\/wp\/v2\/users\/97"}],"replies":[{"embeddable":true,"href":"https:\/\/ee.mlfmonde.org\/okpo-technip\/wp-json\/wp\/v2\/comments?post=6195"}],"version-history":[{"count":5,"href":"https:\/\/ee.mlfmonde.org\/okpo-technip\/wp-json\/wp\/v2\/pages\/6195\/revisions"}],"predecessor-version":[{"id":7142,"href":"https:\/\/ee.mlfmonde.org\/okpo-technip\/wp-json\/wp\/v2\/pages\/6195\/revisions\/7142"}],"wp:attachment":[{"href":"https:\/\/ee.mlfmonde.org\/okpo-technip\/wp-json\/wp\/v2\/media?parent=6195"}],"curies":[{"name":"wp","href":"https:\/\/api.w.org\/{rel}","templated":true}]}}