{"id":3829,"date":"2016-03-30T22:02:30","date_gmt":"2016-03-30T13:02:30","guid":{"rendered":"http:\/\/ee.mlfmonde.org\/okpo-technip\/?page_id=3829"},"modified":"2016-09-08T08:51:02","modified_gmt":"2016-09-07T23:51:02","slug":"sentier-de-lecture-la-legende-des-minuscules","status":"publish","type":"page","link":"https:\/\/ee.mlfmonde.org\/okpo-technip\/sentier-de-lecture-la-legende-des-minuscules\/","title":{"rendered":"Sentier de lecture : la l\u00e9gende des Minuscules"},"content":{"rendered":"<p style=\"text-align: center\">D\u00e9couvrez <em>la l\u00e9gende des Minuscules<\/em> dans la langue de votre choix &#8230;<\/p>\n<div class=\"su-table su-table-alternate\">\n<table>\n<tbody>\n<tr>\n<td style=\"text-align: center\">fran\u00e7ais<\/td>\n<td style=\"text-align: center\">\ud55c\uae00<\/td>\n<td style=\"text-align: center\">english<\/td>\n<td style=\"text-align: center\">\u4e2d\u6587<\/td>\n<td style=\"text-align: center\">\u65e5\u672c\u8a9e<\/td>\n<td style=\"text-align: center\">\u0641\u0627\u0631\u0633\u06cc<\/td>\n<\/tr>\n<tr>\n<td style=\"text-align: center\">j\u0119zyk polski<\/td>\n<td style=\"text-align: center\">italiano<\/td>\n<td style=\"text-align: center\">espa\u00f1ol<\/td>\n<td style=\"text-align: center\">\u0639\u0631\u0628\u064a<\/td>\n<td style=\"text-align: center\">\u0420\u0443\u0441\u0441\u043a\u0438\u0439<\/td>\n<td style=\"text-align: center\">portugu\u00eas<\/td>\n<\/tr>\n<\/tbody>\n<\/table>\n<\/div>\n<p style=\"text-align: center\"><a href=\"http:\/\/ee.mlfmonde.org\/okpo-technip\/wp-content\/uploads\/sites\/6\/2016\/03\/QR-code-Smartphone.jpg\" rel=\"attachment wp-att-4527\"><img decoding=\"async\" class=\"wp-image-4527 alignleft\" src=\"http:\/\/ee.mlfmonde.org\/okpo-technip\/wp-content\/uploads\/sites\/6\/2016\/03\/QR-code-Smartphone.jpg\" alt=\"QR-code-Smartphone\" width=\"92\" height=\"58\" \/><\/a>Lorsque vous \u00eates sur le sentier de randonn\u00e9e o\u00f9 sont install\u00e9s les panneaux, flashez le code QR pour entendre le r\u00e9cit de ce panneau dans la langue de votre choix &#8230;<\/p>\n<p style=\"text-align: center\">Bonne d\u00e9couverte \u00e0 tous !<\/p>\n<div class=\"su-table su-table-alternate\">\n<table>\n<tbody>\n<tr>\n<td style=\"text-align: center\"><a href=\"http:\/\/ee.mlfmonde.org\/okpo-technip\/sentier-de-lecture-panneau-n0\/\">Introduction<\/a><\/td>\n<td style=\"text-align: center\"><a href=\"http:\/\/ee.mlfmonde.org\/okpo-technip\/sentier-de-lecture-panneau-n1\/\">Panneau n\u00b01<\/a><\/td>\n<td style=\"text-align: center\"><a href=\"http:\/\/ee.mlfmonde.org\/okpo-technip\/sentier-de-lecture-panneau-n2\/\">Panneau n\u00b02<\/a><\/td>\n<td style=\"text-align: center\"><a href=\"http:\/\/ee.mlfmonde.org\/okpo-technip\/sentier-de-lecture-panneau-n3\/\">Panneau n\u00b03<\/a><\/td>\n<td style=\"text-align: center\"><a href=\"http:\/\/ee.mlfmonde.org\/okpo-technip\/sentier-de-lecture-panneau-n4\/\">Panneau n\u00b04<\/a><\/td>\n<\/tr>\n<tr>\n<td style=\"text-align: center\"><a href=\"http:\/\/ee.mlfmonde.org\/okpo-technip\/sentier-de-lecture-panneau-n5\/\">Panneau n\u00b05<\/a><\/td>\n<td style=\"text-align: center\"><a href=\"http:\/\/ee.mlfmonde.org\/okpo-technip\/sentier-de-lecture-panneau-n6\/\">Panneau n\u00b06<\/a><\/td>\n<td style=\"text-align: center\"><a href=\"http:\/\/ee.mlfmonde.org\/okpo-technip\/sentier-de-lecture-panneau-n7\/\">Panneau n\u00b07<\/a><\/td>\n<td style=\"text-align: center\"><a href=\"http:\/\/ee.mlfmonde.org\/okpo-technip\/sentier-de-lecture-panneau-n8\/\">Panneau n\u00b08<\/a><\/td>\n<td style=\"text-align: center\"><a href=\"http:\/\/ee.mlfmonde.org\/okpo-technip\/sentier-de-lecture-remerciements\/\">Pour finir<\/a><\/td>\n<\/tr>\n<\/tbody>\n<\/table>\n<\/div>\n","protected":false},"excerpt":{"rendered":"<p>D\u00e9couvrez la l\u00e9gende des Minuscules dans la langue de votre choix &#8230; Lorsque vous \u00eates sur le sentier de randonn\u00e9e o\u00f9 sont install\u00e9s les panneaux, flashez le code QR pour entendre le r\u00e9cit de ce panneau dans la langue de votre choix &#8230; Bonne d\u00e9couverte \u00e0 tous !<\/p>\n","protected":false},"author":9,"featured_media":3918,"parent":0,"menu_order":0,"comment_status":"closed","ping_status":"closed","template":"","meta":{"_acf_changed":false,"footnotes":""},"class_list":["post-3829","page","type-page","status-publish","has-post-thumbnail","czr-hentry"],"acf":[],"_links":{"self":[{"href":"https:\/\/ee.mlfmonde.org\/okpo-technip\/wp-json\/wp\/v2\/pages\/3829","targetHints":{"allow":["GET"]}}],"collection":[{"href":"https:\/\/ee.mlfmonde.org\/okpo-technip\/wp-json\/wp\/v2\/pages"}],"about":[{"href":"https:\/\/ee.mlfmonde.org\/okpo-technip\/wp-json\/wp\/v2\/types\/page"}],"author":[{"embeddable":true,"href":"https:\/\/ee.mlfmonde.org\/okpo-technip\/wp-json\/wp\/v2\/users\/9"}],"replies":[{"embeddable":true,"href":"https:\/\/ee.mlfmonde.org\/okpo-technip\/wp-json\/wp\/v2\/comments?post=3829"}],"version-history":[{"count":24,"href":"https:\/\/ee.mlfmonde.org\/okpo-technip\/wp-json\/wp\/v2\/pages\/3829\/revisions"}],"predecessor-version":[{"id":4684,"href":"https:\/\/ee.mlfmonde.org\/okpo-technip\/wp-json\/wp\/v2\/pages\/3829\/revisions\/4684"}],"wp:featuredmedia":[{"embeddable":true,"href":"https:\/\/ee.mlfmonde.org\/okpo-technip\/wp-json\/wp\/v2\/media\/3918"}],"wp:attachment":[{"href":"https:\/\/ee.mlfmonde.org\/okpo-technip\/wp-json\/wp\/v2\/media?parent=3829"}],"curies":[{"name":"wp","href":"https:\/\/api.w.org\/{rel}","templated":true}]}}