{"id":109,"date":"2015-09-30T06:31:17","date_gmt":"2015-09-30T06:31:17","guid":{"rendered":"http:\/\/ee.mlfmonde.org\/okpo-technip\/?page_id=109"},"modified":"2017-09-17T18:51:31","modified_gmt":"2017-09-17T09:51:31","slug":"presentation","status":"publish","type":"page","link":"https:\/\/ee.mlfmonde.org\/okpo-technip\/presentation\/","title":{"rendered":"Pr\u00e9sentation"},"content":{"rendered":"<div class=\"texte\">\n<p><strong><a href=\"http:\/\/ee.mlfmonde.org\/okpo-technip\/wp-content\/uploads\/sites\/6\/2015\/09\/ecole-okpo.jpg\"><img decoding=\"async\" class=\"size-medium wp-image-5516 aligncenter\" src=\"http:\/\/ee.mlfmonde.org\/okpo-technip\/wp-content\/uploads\/sites\/6\/2015\/09\/ecole-okpo-300x63.jpg\" alt=\"ecole okpo\" width=\"300\" height=\"63\" srcset=\"https:\/\/ee.mlfmonde.org\/okpo-technip\/wp-content\/uploads\/sites\/6\/2015\/09\/ecole-okpo-300x63.jpg 300w, https:\/\/ee.mlfmonde.org\/okpo-technip\/wp-content\/uploads\/sites\/6\/2015\/09\/ecole-okpo-570x122.jpg 570w, https:\/\/ee.mlfmonde.org\/okpo-technip\/wp-content\/uploads\/sites\/6\/2015\/09\/ecole-okpo.jpg 585w\" sizes=\"(max-width: 300px) 100vw, 300px\" \/><\/a><\/strong><\/p>\n<p><strong>Situation g\u00e9ographique<\/strong><\/p>\n<p>Le Centre Scolaire Fran\u00e7ais (CSF) est situ\u00e9 \u00e0 Okpo, sur l\u2019\u00eele de Geoje, au sud de la Cor\u00e9e du Sud, o\u00f9 se sont d\u00e9velopp\u00e9s deux des plus grands chantiers navals du monde. Okpo est une ville industrielle essentiellement tourn\u00e9e vers la construction navale. Le Centre Scolaire Fran\u00e7ais est situ\u00e9 dans un b\u00e2timent adjacent aux quatre tours Elkru et au centre commercial Lotte, le long de la route N\u00b0\u00a014 qui traverse Okpo.<\/p>\n<p><strong>Historique<\/strong><\/p>\n<p>Le Centre Scolaire Fran\u00e7ais d\u2019Okpo, cr\u00e9\u00e9 par la soci\u00e9t\u00e9 Total en 2008, s\u2019est depuis d\u00e9velopp\u00e9 de mani\u00e8re continue, passant de quelques \u00e9l\u00e8ves au d\u00e9part \u00e0 157 l&rsquo;an dernier scolaris\u00e9s de la petite section de maternelle \u00e0 la classe de premi\u00e8re. Pour s\u2019adapter \u00e0 ce d\u00e9veloppement, le CSF a d\u00fb d\u00e9m\u00e9nager plusieurs fois et son \u00e9quipe enseignante a \u00e9t\u00e9 renforc\u00e9e ou r\u00e9duite au fil des ans.<\/p>\n<p class=\"Standard\" style=\"text-align: justify\">Le CSF d&rsquo;Okpo a pris une nouvelle forme dans le cours de l&rsquo;\u00e9t\u00e9. Mr Mallejac en est l&rsquo;administrateur, ISK a sign\u00e9 la convention avec le CNED et Mme Chpak en devient la directrice p\u00e9dagogique.<\/p>\n<p class=\"Standard\" style=\"text-align: justify\">10 familles sont concern\u00e9es par l&rsquo;\u00e9cole. En septembre 2017, 18 enfants sont scolaris\u00e9s, de la PS maternelle \u00e0 la 3\u00e8me. Ils se r\u00e9partissent sur 9 niveaux d&rsquo;\u00e9tude.<\/p>\n<p class=\"Standard\" style=\"text-align: justify\">Les \u00e9l\u00e8ves sont inscrits au CNED en classe compl\u00e8te r\u00e8glement\u00e9e.<\/p>\n<p class=\"Standard\" style=\"text-align: justify\">Les enseignements du CNED sont supervis\u00e9s par la directrice aid\u00e9e de 5 assistants : Mmes Kim, Laronche et Mallejac et Mrs Thomassin et Chpak. 3 enfants sont accueillis en PS et MS de maternelle.<\/p>\n<p class=\"Standard\" style=\"text-align: justify\">Cette nouvelle organisation implique un changement total avec la p\u00e9dagogie des ann\u00e9es pr\u00e9c\u00e9dentes\u00a0; il s\u2019agit d\u2019accueillir et d\u2019accompagner des enfants qui suivent les cours des CNED en autonomie. Ils sont aid\u00e9s pour prendre leurs rep\u00e8res, pour organiser leur temps et leur espace pour mieux apprendre, et pour \u00abapprendre \u00e0 apprendre\u00bb.<\/p>\n<p><strong>Public<\/strong><\/p>\n<p>Les \u00e9l\u00e8ves inscrits au CSF sont les enfants des employ\u00e9s expatri\u00e9s, fran\u00e7ais ou \u00e9trangers francophones, travaillant sur le p\u00f4le sud-cor\u00e9en des projets Technip, Inpex, Total ou autres.<\/p>\n<p><strong>Conditions mat\u00e9rielles<\/strong><\/p>\n<p>Les locaux actuels du CSF comptent six salles de classe et d\u2019activit\u00e9, incluant une biblioth\u00e8que et un\u00a0 espace de restauration . Le CSF poss\u00e8de aussi deux cours de r\u00e9cr\u00e9ation dont une am\u00e9nag\u00e9e sp\u00e9cifiquement pour les maternelles.<\/p>\n<p>Toutes les classes sont \u00e9quip\u00e9es de plusieurs postes informatiques r\u00e9cents.<\/p>\n<p><strong>Enseignement des langues<br \/>\n<\/strong><\/p>\n<p>&nbsp;<\/p>\n<p>L\u2019anglais est propos\u00e9 dans tous les niveaux de la maternelle et de l\u2019\u00e9l\u00e9mentaire (de une heure et demie \u00e0 deux heures par semaine). L&rsquo;espagnol (2de langue au coll\u00e8ge) est assur\u00e9 une heure par semaine pour la 3\u00e8me.<\/p>\n<p>&nbsp;<\/p>\n<p>Une initiation \u00e0 la langue et \u00e0 la culture cor\u00e9enne est propos\u00e9e \u00e0 tous les \u00e9l\u00e8ves de la PS \u00e0 la 3\u00e8me.<\/p>\n<\/div>\n","protected":false},"excerpt":{"rendered":"<p>Situation g\u00e9ographique Le Centre Scolaire Fran\u00e7ais (CSF) est situ\u00e9 \u00e0 Okpo, sur l\u2019\u00eele de Geoje, au sud de la Cor\u00e9e du Sud, o\u00f9 se sont d\u00e9velopp\u00e9s deux des plus grands chantiers navals du monde. Okpo est une ville industrielle essentiellement tourn\u00e9e vers la construction navale. Le Centre Scolaire Fran\u00e7ais est situ\u00e9 dans un b\u00e2timent adjacent [&hellip;]<\/p>\n","protected":false},"author":9,"featured_media":5516,"parent":0,"menu_order":0,"comment_status":"closed","ping_status":"closed","template":"","meta":{"_acf_changed":false,"footnotes":""},"class_list":["post-109","page","type-page","status-publish","has-post-thumbnail","czr-hentry"],"acf":[],"_links":{"self":[{"href":"https:\/\/ee.mlfmonde.org\/okpo-technip\/wp-json\/wp\/v2\/pages\/109","targetHints":{"allow":["GET"]}}],"collection":[{"href":"https:\/\/ee.mlfmonde.org\/okpo-technip\/wp-json\/wp\/v2\/pages"}],"about":[{"href":"https:\/\/ee.mlfmonde.org\/okpo-technip\/wp-json\/wp\/v2\/types\/page"}],"author":[{"embeddable":true,"href":"https:\/\/ee.mlfmonde.org\/okpo-technip\/wp-json\/wp\/v2\/users\/9"}],"replies":[{"embeddable":true,"href":"https:\/\/ee.mlfmonde.org\/okpo-technip\/wp-json\/wp\/v2\/comments?post=109"}],"version-history":[{"count":10,"href":"https:\/\/ee.mlfmonde.org\/okpo-technip\/wp-json\/wp\/v2\/pages\/109\/revisions"}],"predecessor-version":[{"id":8732,"href":"https:\/\/ee.mlfmonde.org\/okpo-technip\/wp-json\/wp\/v2\/pages\/109\/revisions\/8732"}],"wp:featuredmedia":[{"embeddable":true,"href":"https:\/\/ee.mlfmonde.org\/okpo-technip\/wp-json\/wp\/v2\/media\/5516"}],"wp:attachment":[{"href":"https:\/\/ee.mlfmonde.org\/okpo-technip\/wp-json\/wp\/v2\/media?parent=109"}],"curies":[{"name":"wp","href":"https:\/\/api.w.org\/{rel}","templated":true}]}}