{"id":101,"date":"2015-09-30T05:51:26","date_gmt":"2015-09-30T05:51:26","guid":{"rendered":"http:\/\/ee.mlfmonde.org\/okpo-technip\/?page_id=101"},"modified":"2017-09-17T18:59:15","modified_gmt":"2017-09-17T09:59:15","slug":"informations-aux-familles","status":"publish","type":"page","link":"https:\/\/ee.mlfmonde.org\/okpo-technip\/infos\/informations-aux-familles\/","title":{"rendered":"Documents de rentr\u00e9e"},"content":{"rendered":"<p><a href=\"http:\/\/ee.mlfmonde.org\/okpo-technip\/wp-content\/uploads\/sites\/6\/2017\/09\/note-infos-2-.pdf\">note infos -2-<\/a> <a href=\"http:\/\/ee.mlfmonde.org\/okpo-technip\/wp-content\/uploads\/sites\/6\/2017\/09\/note-de-rentr\u00e9e-2017-1-.pdf\">note de rentr\u00e9e 2017-1-<\/a><a href=\"http:\/\/ee.mlfmonde.org\/okpo-technip\/wp-content\/uploads\/sites\/6\/2017\/09\/CALENDRIER-SCOLAIRE-2017-2018-3.xlsx\">CALENDRIER SCOLAIRE 2017 2018<\/a><a href=\"http:\/\/ee.mlfmonde.org\/okpo-technip\/wp-content\/uploads\/sites\/6\/2017\/09\/note-de-rentr\u00e9e-2017-1-.pdf\"><\/a><\/p>\n<p>Retrouvez le calendrier scolaire de l&rsquo;ann\u00e9e, les documents de rentr\u00e9e, les notes aux familles et tous les documents transmis par l&rsquo;\u00e9tablissement.<\/p>\n<p>&nbsp;<\/p>\n<p>&nbsp;<\/p>\n","protected":false},"excerpt":{"rendered":"<p>note infos -2- note de rentr\u00e9e 2017-1-CALENDRIER SCOLAIRE 2017 2018 Retrouvez le calendrier scolaire de l&rsquo;ann\u00e9e, les documents de rentr\u00e9e, les notes aux familles et tous les documents transmis par l&rsquo;\u00e9tablissement. &nbsp; &nbsp;<\/p>\n","protected":false},"author":9,"featured_media":5476,"parent":9,"menu_order":0,"comment_status":"closed","ping_status":"closed","template":"custom-page.php","meta":{"_acf_changed":false,"footnotes":""},"class_list":["post-101","page","type-page","status-publish","has-post-thumbnail","czr-hentry"],"acf":[],"_links":{"self":[{"href":"https:\/\/ee.mlfmonde.org\/okpo-technip\/wp-json\/wp\/v2\/pages\/101","targetHints":{"allow":["GET"]}}],"collection":[{"href":"https:\/\/ee.mlfmonde.org\/okpo-technip\/wp-json\/wp\/v2\/pages"}],"about":[{"href":"https:\/\/ee.mlfmonde.org\/okpo-technip\/wp-json\/wp\/v2\/types\/page"}],"author":[{"embeddable":true,"href":"https:\/\/ee.mlfmonde.org\/okpo-technip\/wp-json\/wp\/v2\/users\/9"}],"replies":[{"embeddable":true,"href":"https:\/\/ee.mlfmonde.org\/okpo-technip\/wp-json\/wp\/v2\/comments?post=101"}],"version-history":[{"count":14,"href":"https:\/\/ee.mlfmonde.org\/okpo-technip\/wp-json\/wp\/v2\/pages\/101\/revisions"}],"predecessor-version":[{"id":8739,"href":"https:\/\/ee.mlfmonde.org\/okpo-technip\/wp-json\/wp\/v2\/pages\/101\/revisions\/8739"}],"up":[{"embeddable":true,"href":"https:\/\/ee.mlfmonde.org\/okpo-technip\/wp-json\/wp\/v2\/pages\/9"}],"wp:featuredmedia":[{"embeddable":true,"href":"https:\/\/ee.mlfmonde.org\/okpo-technip\/wp-json\/wp\/v2\/media\/5476"}],"wp:attachment":[{"href":"https:\/\/ee.mlfmonde.org\/okpo-technip\/wp-json\/wp\/v2\/media?parent=101"}],"curies":[{"name":"wp","href":"https:\/\/api.w.org\/{rel}","templated":true}]}}