{"id":831,"date":"2025-12-01T13:06:39","date_gmt":"2025-12-01T05:06:39","guid":{"rendered":"https:\/\/ee.mlfmonde.org\/nantong-stem\/?page_id=831"},"modified":"2026-04-21T10:00:04","modified_gmt":"2026-04-21T02:00:04","slug":"cr-des-conseils-deleves","status":"publish","type":"page","link":"https:\/\/ee.mlfmonde.org\/nantong-stem\/administration\/cr-des-conseils-deleves\/","title":{"rendered":"CR des conseils d&rsquo;\u00e9l\u00e8ves"},"content":{"rendered":"\n<p>Vous trouverez tous les comptes-rendus des diff\u00e9rents conseils d&rsquo;\u00e9l\u00e8ves de l&rsquo;\u00e9cole MLF de Nantong. <\/p>\n\n\n\n<div data-wp-interactive=\"core\/file\" class=\"wp-block-file\"><object data-wp-bind--hidden=\"!state.hasPdfPreview\" hidden class=\"wp-block-file__embed\" data=\"https:\/\/ee.mlfmonde.org\/nantong-stem\/wp-content\/uploads\/sites\/33\/2025\/12\/CR-Conseil-deleves-n\u00b01-25-26-f.pdf\" type=\"application\/pdf\" style=\"width:100%;height:600px\" aria-label=\"Contenu embarqu\u00e9 CR Conseil d&#039;\u00e9l\u00e8ves n\u00b01 - 25-26.\"><\/object><a id=\"wp-block-file--media-b9003ea3-7a88-4e97-a5df-83c54186cd15\" href=\"https:\/\/ee.mlfmonde.org\/nantong-stem\/wp-content\/uploads\/sites\/33\/2025\/12\/CR-Conseil-deleves-n\u00b01-25-26-f.pdf\">CR Conseil d&rsquo;\u00e9l\u00e8ves n\u00b01 &#8211; 25-26<\/a><a href=\"https:\/\/ee.mlfmonde.org\/nantong-stem\/wp-content\/uploads\/sites\/33\/2025\/12\/CR-Conseil-deleves-n\u00b01-25-26-f.pdf\" class=\"wp-block-file__button wp-element-button\" download aria-describedby=\"wp-block-file--media-b9003ea3-7a88-4e97-a5df-83c54186cd15\">T\u00e9l\u00e9charger<\/a><\/div>\n\n\n\n<div data-wp-interactive=\"core\/file\" class=\"wp-block-file\"><object data-wp-bind--hidden=\"!state.hasPdfPreview\" hidden class=\"wp-block-file__embed\" data=\"https:\/\/ee.mlfmonde.org\/nantong-stem\/wp-content\/uploads\/sites\/33\/2026\/04\/CR-Conseil-deleves-n\u00b02-25-26-copie.pdf\" type=\"application\/pdf\" style=\"width:100%;height:600px\" aria-label=\"Contenu embarqu\u00e9 CR Conseil d&#039;\u00e9l\u00e8ves n\u00b02 - 25-26 .\"><\/object><a id=\"wp-block-file--media-c3e07af8-f909-48e9-ac4c-e05d673d3348\" href=\"https:\/\/ee.mlfmonde.org\/nantong-stem\/wp-content\/uploads\/sites\/33\/2026\/04\/CR-Conseil-deleves-n\u00b02-25-26-copie.pdf\">CR Conseil d&rsquo;\u00e9l\u00e8ves n\u00b02 &#8211; 25-26 <\/a><a href=\"https:\/\/ee.mlfmonde.org\/nantong-stem\/wp-content\/uploads\/sites\/33\/2026\/04\/CR-Conseil-deleves-n\u00b02-25-26-copie.pdf\" class=\"wp-block-file__button wp-element-button\" download aria-describedby=\"wp-block-file--media-c3e07af8-f909-48e9-ac4c-e05d673d3348\">T\u00e9l\u00e9charger<\/a><\/div>\n","protected":false},"excerpt":{"rendered":"<p>Vous trouverez tous les comptes-rendus des diff\u00e9rents conseils d&rsquo;\u00e9l\u00e8ves de l&rsquo;\u00e9cole MLF de Nantong.<\/p>\n","protected":false},"author":153,"featured_media":0,"parent":16,"menu_order":0,"comment_status":"closed","ping_status":"closed","template":"","meta":{"_acf_changed":false,"footnotes":""},"class_list":["post-831","page","type-page","status-publish","czr-hentry"],"acf":[],"_links":{"self":[{"href":"https:\/\/ee.mlfmonde.org\/nantong-stem\/wp-json\/wp\/v2\/pages\/831","targetHints":{"allow":["GET"]}}],"collection":[{"href":"https:\/\/ee.mlfmonde.org\/nantong-stem\/wp-json\/wp\/v2\/pages"}],"about":[{"href":"https:\/\/ee.mlfmonde.org\/nantong-stem\/wp-json\/wp\/v2\/types\/page"}],"author":[{"embeddable":true,"href":"https:\/\/ee.mlfmonde.org\/nantong-stem\/wp-json\/wp\/v2\/users\/153"}],"replies":[{"embeddable":true,"href":"https:\/\/ee.mlfmonde.org\/nantong-stem\/wp-json\/wp\/v2\/comments?post=831"}],"version-history":[{"count":3,"href":"https:\/\/ee.mlfmonde.org\/nantong-stem\/wp-json\/wp\/v2\/pages\/831\/revisions"}],"predecessor-version":[{"id":1250,"href":"https:\/\/ee.mlfmonde.org\/nantong-stem\/wp-json\/wp\/v2\/pages\/831\/revisions\/1250"}],"up":[{"embeddable":true,"href":"https:\/\/ee.mlfmonde.org\/nantong-stem\/wp-json\/wp\/v2\/pages\/16"}],"wp:attachment":[{"href":"https:\/\/ee.mlfmonde.org\/nantong-stem\/wp-json\/wp\/v2\/media?parent=831"}],"curies":[{"name":"wp","href":"https:\/\/api.w.org\/{rel}","templated":true}]}}