{"id":72,"date":"2025-09-05T14:07:07","date_gmt":"2025-09-05T06:07:07","guid":{"rendered":"https:\/\/ee.mlfmonde.org\/nantong-stem\/?page_id=72"},"modified":"2026-04-16T10:08:26","modified_gmt":"2026-04-16T02:08:26","slug":"reglement-interieur-de-lecole-francaise","status":"publish","type":"page","link":"https:\/\/ee.mlfmonde.org\/nantong-stem\/administration\/reglement-interieur-de-lecole-francaise\/","title":{"rendered":"R\u00e8glement int\u00e9rieur et protocole pollution"},"content":{"rendered":"\n<p>En compl\u00e9ment du r\u00e8glement int\u00e9rieur de l&rsquo;\u00e9cole partenaire, vous trouverez le r\u00e8glement de notre \u00e9cole fran\u00e7aise. Il a \u00e9t\u00e9 soumis au vote du conseil d&rsquo;\u00e9cole et adopt\u00e9 \u00e0 l&rsquo;unanimit\u00e9.<\/p>\n\n\n\n<div data-wp-interactive=\"core\/file\" class=\"wp-block-file\"><object data-wp-bind--hidden=\"!state.hasPdfPreview\" hidden class=\"wp-block-file__embed\" data=\"https:\/\/ee.mlfmonde.org\/nantong-stem\/wp-content\/uploads\/sites\/33\/2025\/11\/Reglement-interieur-ecole-STEM-2025-2026-1-1.pdf\" type=\"application\/pdf\" style=\"width:100%;height:600px\" aria-label=\"Contenu embarqu\u00e9 Re\u0300glement inte\u0301rieur e\u0301cole STEM 2025-2026 (1).\"><\/object><a id=\"wp-block-file--media-ad5ae270-7f6a-45e4-8de0-b711914f3fbd\" href=\"https:\/\/ee.mlfmonde.org\/nantong-stem\/wp-content\/uploads\/sites\/33\/2025\/11\/Reglement-interieur-ecole-STEM-2025-2026-1-1.pdf\">Re\u0300glement inte\u0301rieur e\u0301cole STEM 2025-2026 (1)<\/a><a href=\"https:\/\/ee.mlfmonde.org\/nantong-stem\/wp-content\/uploads\/sites\/33\/2025\/11\/Reglement-interieur-ecole-STEM-2025-2026-1-1.pdf\" class=\"wp-block-file__button wp-element-button\" download aria-describedby=\"wp-block-file--media-ad5ae270-7f6a-45e4-8de0-b711914f3fbd\">T\u00e9l\u00e9charger<\/a><\/div>\n\n\n\n<hr class=\"wp-block-separator has-alpha-channel-opacity\" \/>\n\n\n\n<p>Un protocole pollution est mis en place au sein de l\u2019\u00e9cole fran\u00e7aise. <br><\/p>\n\n\n\n<div data-wp-interactive=\"core\/file\" class=\"wp-block-file\"><object data-wp-bind--hidden=\"!state.hasPdfPreview\" hidden class=\"wp-block-file__embed\" data=\"https:\/\/ee.mlfmonde.org\/nantong-stem\/wp-content\/uploads\/sites\/33\/2026\/04\/Protocole_pollution_Octobre-2025.pdf\" type=\"application\/pdf\" style=\"width:100%;height:600px\" aria-label=\"Contenu embarqu\u00e9 Protocole pollution.\"><\/object><a id=\"wp-block-file--media-3f490c60-d301-43bf-82d9-49cdc3b574dd\" href=\"https:\/\/ee.mlfmonde.org\/nantong-stem\/wp-content\/uploads\/sites\/33\/2026\/04\/Protocole_pollution_Octobre-2025.pdf\">Protocole pollution<\/a><a href=\"https:\/\/ee.mlfmonde.org\/nantong-stem\/wp-content\/uploads\/sites\/33\/2026\/04\/Protocole_pollution_Octobre-2025.pdf\" class=\"wp-block-file__button wp-element-button\" download aria-describedby=\"wp-block-file--media-3f490c60-d301-43bf-82d9-49cdc3b574dd\">T\u00e9l\u00e9charger<\/a><\/div>\n","protected":false},"excerpt":{"rendered":"<p>En compl\u00e9ment du r\u00e8glement int\u00e9rieur de l&rsquo;\u00e9cole partenaire, vous trouverez le r\u00e8glement de notre \u00e9cole fran\u00e7aise. Il a \u00e9t\u00e9 soumis au vote du conseil d&rsquo;\u00e9cole et adopt\u00e9 \u00e0 l&rsquo;unanimit\u00e9. Un protocole pollution est mis en place au sein de l\u2019\u00e9cole fran\u00e7aise.<\/p>\n","protected":false},"author":153,"featured_media":0,"parent":16,"menu_order":2,"comment_status":"closed","ping_status":"closed","template":"","meta":{"_acf_changed":false,"footnotes":""},"class_list":["post-72","page","type-page","status-publish","czr-hentry"],"acf":[],"_links":{"self":[{"href":"https:\/\/ee.mlfmonde.org\/nantong-stem\/wp-json\/wp\/v2\/pages\/72","targetHints":{"allow":["GET"]}}],"collection":[{"href":"https:\/\/ee.mlfmonde.org\/nantong-stem\/wp-json\/wp\/v2\/pages"}],"about":[{"href":"https:\/\/ee.mlfmonde.org\/nantong-stem\/wp-json\/wp\/v2\/types\/page"}],"author":[{"embeddable":true,"href":"https:\/\/ee.mlfmonde.org\/nantong-stem\/wp-json\/wp\/v2\/users\/153"}],"replies":[{"embeddable":true,"href":"https:\/\/ee.mlfmonde.org\/nantong-stem\/wp-json\/wp\/v2\/comments?post=72"}],"version-history":[{"count":13,"href":"https:\/\/ee.mlfmonde.org\/nantong-stem\/wp-json\/wp\/v2\/pages\/72\/revisions"}],"predecessor-version":[{"id":1237,"href":"https:\/\/ee.mlfmonde.org\/nantong-stem\/wp-json\/wp\/v2\/pages\/72\/revisions\/1237"}],"up":[{"embeddable":true,"href":"https:\/\/ee.mlfmonde.org\/nantong-stem\/wp-json\/wp\/v2\/pages\/16"}],"wp:attachment":[{"href":"https:\/\/ee.mlfmonde.org\/nantong-stem\/wp-json\/wp\/v2\/media?parent=72"}],"curies":[{"name":"wp","href":"https:\/\/api.w.org\/{rel}","templated":true}]}}