{"id":64,"date":"2025-09-05T13:56:03","date_gmt":"2025-09-05T05:56:03","guid":{"rendered":"https:\/\/ee.mlfmonde.org\/nantong-stem\/?page_id=64"},"modified":"2025-11-24T10:01:05","modified_gmt":"2025-11-24T02:01:05","slug":"projet-detablissement-2025-2028","status":"publish","type":"page","link":"https:\/\/ee.mlfmonde.org\/nantong-stem\/administration\/projet-detablissement-2025-2028\/","title":{"rendered":"Projet d&rsquo;\u00e9tablissement 2025-2028"},"content":{"rendered":"\n<p>Vous trouverez le projet d&rsquo;\u00e9tablissement d\u00e9taill\u00e9 ci-dessous.<\/p>\n\n\n\n<div data-wp-interactive=\"core\/file\" class=\"wp-block-file\"><object data-wp-bind--hidden=\"!state.hasPdfPreview\" hidden class=\"wp-block-file__embed\" data=\"https:\/\/ee.mlfmonde.org\/nantong-stem\/wp-content\/uploads\/sites\/33\/2025\/11\/PROJET-ECOLE-MLF-de-Nantong-2025-2028.pdf\" type=\"application\/pdf\" style=\"width:100%;height:600px\" aria-label=\"Contenu embarqu\u00e9 PROJET ECOLE MLF de Nantong 2025-2028.\"><\/object><a id=\"wp-block-file--media-f3396e27-9189-43ea-a479-38ec2bd1a810\" href=\"https:\/\/ee.mlfmonde.org\/nantong-stem\/wp-content\/uploads\/sites\/33\/2025\/11\/PROJET-ECOLE-MLF-de-Nantong-2025-2028.pdf\">PROJET ECOLE MLF de Nantong 2025-2028<\/a><a href=\"https:\/\/ee.mlfmonde.org\/nantong-stem\/wp-content\/uploads\/sites\/33\/2025\/11\/PROJET-ECOLE-MLF-de-Nantong-2025-2028.pdf\" class=\"wp-block-file__button wp-element-button\" download aria-describedby=\"wp-block-file--media-f3396e27-9189-43ea-a479-38ec2bd1a810\">T\u00e9l\u00e9charger<\/a><\/div>\n","protected":false},"excerpt":{"rendered":"<p>Vous trouverez le projet d&rsquo;\u00e9tablissement d\u00e9taill\u00e9 ci-dessous.<\/p>\n","protected":false},"author":153,"featured_media":0,"parent":16,"menu_order":1,"comment_status":"closed","ping_status":"closed","template":"","meta":{"_acf_changed":false,"footnotes":""},"class_list":["post-64","page","type-page","status-publish","czr-hentry"],"acf":[],"_links":{"self":[{"href":"https:\/\/ee.mlfmonde.org\/nantong-stem\/wp-json\/wp\/v2\/pages\/64","targetHints":{"allow":["GET"]}}],"collection":[{"href":"https:\/\/ee.mlfmonde.org\/nantong-stem\/wp-json\/wp\/v2\/pages"}],"about":[{"href":"https:\/\/ee.mlfmonde.org\/nantong-stem\/wp-json\/wp\/v2\/types\/page"}],"author":[{"embeddable":true,"href":"https:\/\/ee.mlfmonde.org\/nantong-stem\/wp-json\/wp\/v2\/users\/153"}],"replies":[{"embeddable":true,"href":"https:\/\/ee.mlfmonde.org\/nantong-stem\/wp-json\/wp\/v2\/comments?post=64"}],"version-history":[{"count":5,"href":"https:\/\/ee.mlfmonde.org\/nantong-stem\/wp-json\/wp\/v2\/pages\/64\/revisions"}],"predecessor-version":[{"id":800,"href":"https:\/\/ee.mlfmonde.org\/nantong-stem\/wp-json\/wp\/v2\/pages\/64\/revisions\/800"}],"up":[{"embeddable":true,"href":"https:\/\/ee.mlfmonde.org\/nantong-stem\/wp-json\/wp\/v2\/pages\/16"}],"wp:attachment":[{"href":"https:\/\/ee.mlfmonde.org\/nantong-stem\/wp-json\/wp\/v2\/media?parent=64"}],"curies":[{"name":"wp","href":"https:\/\/api.w.org\/{rel}","templated":true}]}}