{"id":56,"date":"2025-09-05T12:19:05","date_gmt":"2025-09-05T04:19:05","guid":{"rendered":"https:\/\/ee.mlfmonde.org\/nantong-stem\/?page_id=56"},"modified":"2025-09-08T12:19:01","modified_gmt":"2025-09-08T04:19:01","slug":"la-mission-laique-francaise","status":"publish","type":"page","link":"https:\/\/ee.mlfmonde.org\/nantong-stem\/une-ecole-societale\/la-mission-laique-francaise\/","title":{"rendered":"La Mission La\u00efque Fran\u00e7aise"},"content":{"rendered":"<div class=\"wp-block-image\">\n<figure class=\"aligncenter size-large is-resized\"><img fetchpriority=\"high\" decoding=\"async\" width=\"1024\" height=\"369\" src=\"https:\/\/ee.mlfmonde.org\/nantong-stem\/wp-content\/uploads\/sites\/33\/2025\/09\/reseau-mlfmonde-mlf-blue-1024x369.png\" alt=\"\" class=\"wp-image-124\" style=\"width:494px;height:auto\" srcset=\"https:\/\/ee.mlfmonde.org\/nantong-stem\/wp-content\/uploads\/sites\/33\/2025\/09\/reseau-mlfmonde-mlf-blue-1024x369.png 1024w, https:\/\/ee.mlfmonde.org\/nantong-stem\/wp-content\/uploads\/sites\/33\/2025\/09\/reseau-mlfmonde-mlf-blue-300x108.png 300w, https:\/\/ee.mlfmonde.org\/nantong-stem\/wp-content\/uploads\/sites\/33\/2025\/09\/reseau-mlfmonde-mlf-blue-768x277.png 768w, https:\/\/ee.mlfmonde.org\/nantong-stem\/wp-content\/uploads\/sites\/33\/2025\/09\/reseau-mlfmonde-mlf-blue-1536x554.png 1536w, https:\/\/ee.mlfmonde.org\/nantong-stem\/wp-content\/uploads\/sites\/33\/2025\/09\/reseau-mlfmonde-mlf-blue-570x206.png 570w, https:\/\/ee.mlfmonde.org\/nantong-stem\/wp-content\/uploads\/sites\/33\/2025\/09\/reseau-mlfmonde-mlf-blue.png 1586w\" sizes=\"(max-width: 1024px) 100vw, 1024px\" \/><\/figure><\/div>\n\n\n<p>Partenaire de l\u2019\u00c9tat, op\u00e9rateur pour le compte des entreprises fran\u00e7aises et de l\u2019\u00c9tat dans certains op\u00e9rations de d\u00e9veloppement, la Mission la\u00efque fran\u00e7aise (Mlf) cr\u00e9\u00e9 et g\u00e8re des \u00e9coles, coll\u00e8ges, lyc\u00e9es dans le monde.<\/p>\n\n\n\n<p>Acteur historique de l\u2019enseignement fran\u00e7ais \u00e0 l\u2019\u00e9tranger, la Mlf est une association \u00e0 but non lucratif cr\u00e9\u00e9e en 1902 et reconnue d\u2019utilit\u00e9 publique depuis 1907. Son r\u00e9seau \u00ab\u00a0mlfmonde\u00a0\u00bb repr\u00e9sente en 2025\/2026 plus de 61 000 \u00e9l\u00e8ves scolaris\u00e9s de la maternelle \u00e0 la terminale dans 108 \u00e9tablissements scolaires pr\u00e9sents dans 32 pays.<\/p>\n\n\n\n<p>Depuis pr\u00e8s de 50 ans, la Mlf cr\u00e9\u00e9 \u00e9galement des \u00e9coles sur mesure pour accompagner les enfants des salari\u00e9s d\u2019entreprises. Aujourd&rsquo;hui 14 \u00e9coles d&rsquo;entreprise sont pr\u00e9sentes dans le monde pour les grands groupes fran\u00e7ais comme Totalenergies, Bouygues, Perenco&#8230;<\/p>\n\n\n\n<p>Les \u00e9coles du r\u00e9seau mlfmonde accueillent des \u00e9l\u00e8ves de toutes les nationalit\u00e9s, cultures et confessions. Fond\u00e9e sur la rencontre entre la culture fran\u00e7aise et celle du pays d\u2019implantation de l\u2019entreprise, la p\u00e9dagogie d\u00e9velopp\u00e9e par la Mlf promeut un enseignement plurilingue. Au del\u00e0 de la r\u00e9ussite scolaire, cette p\u00e9dagogie r\u00e9solument ouverte au monde permet aux \u00e9l\u00e8ves de s\u2019exprimer, de devenir citoyens et de d\u00e9velopper leur autonomie.<\/p>\n\n\n\n<p>Pour acc\u00e9der au site de la MLF, cliquer sur le lien suivant :<\/p>\n\n\n\n<p><a href=\"http:\/\/www.mlfmonde.org\/\">http:\/\/www.mlfmonde.org\/<\/a><\/p>\n","protected":false},"excerpt":{"rendered":"<p>Partenaire de l\u2019\u00c9tat, op\u00e9rateur pour le compte des entreprises fran\u00e7aises et de l\u2019\u00c9tat dans certains op\u00e9rations de d\u00e9veloppement, la Mission la\u00efque fran\u00e7aise (Mlf) cr\u00e9\u00e9 et g\u00e8re des \u00e9coles, coll\u00e8ges, lyc\u00e9es dans le monde. Acteur historique de l\u2019enseignement fran\u00e7ais \u00e0 l\u2019\u00e9tranger, la Mlf est une association \u00e0 but non lucratif cr\u00e9\u00e9e en 1902 et reconnue d\u2019utilit\u00e9 [&hellip;]<\/p>\n","protected":false},"author":153,"featured_media":0,"parent":2,"menu_order":0,"comment_status":"closed","ping_status":"closed","template":"","meta":{"_acf_changed":false,"footnotes":""},"class_list":["post-56","page","type-page","status-publish","czr-hentry"],"acf":[],"_links":{"self":[{"href":"https:\/\/ee.mlfmonde.org\/nantong-stem\/wp-json\/wp\/v2\/pages\/56","targetHints":{"allow":["GET"]}}],"collection":[{"href":"https:\/\/ee.mlfmonde.org\/nantong-stem\/wp-json\/wp\/v2\/pages"}],"about":[{"href":"https:\/\/ee.mlfmonde.org\/nantong-stem\/wp-json\/wp\/v2\/types\/page"}],"author":[{"embeddable":true,"href":"https:\/\/ee.mlfmonde.org\/nantong-stem\/wp-json\/wp\/v2\/users\/153"}],"replies":[{"embeddable":true,"href":"https:\/\/ee.mlfmonde.org\/nantong-stem\/wp-json\/wp\/v2\/comments?post=56"}],"version-history":[{"count":2,"href":"https:\/\/ee.mlfmonde.org\/nantong-stem\/wp-json\/wp\/v2\/pages\/56\/revisions"}],"predecessor-version":[{"id":146,"href":"https:\/\/ee.mlfmonde.org\/nantong-stem\/wp-json\/wp\/v2\/pages\/56\/revisions\/146"}],"up":[{"embeddable":true,"href":"https:\/\/ee.mlfmonde.org\/nantong-stem\/wp-json\/wp\/v2\/pages\/2"}],"wp:attachment":[{"href":"https:\/\/ee.mlfmonde.org\/nantong-stem\/wp-json\/wp\/v2\/media?parent=56"}],"curies":[{"name":"wp","href":"https:\/\/api.w.org\/{rel}","templated":true}]}}