{"id":54,"date":"2025-09-05T12:17:30","date_gmt":"2025-09-05T04:17:30","guid":{"rendered":"https:\/\/ee.mlfmonde.org\/nantong-stem\/?page_id=54"},"modified":"2025-11-17T11:59:38","modified_gmt":"2025-11-17T03:59:38","slug":"le-systeme-hybride-mlf","status":"publish","type":"page","link":"https:\/\/ee.mlfmonde.org\/nantong-stem\/une-ecole-societale\/le-systeme-hybride-mlf\/","title":{"rendered":"Le syst\u00e8me hybride MLF"},"content":{"rendered":"\n<p><mark><strong>LE SYST\u00c8ME HYBRIDE : UNE SCOLARIT\u00c9 INNOVANTE<\/strong><\/mark><\/p>\n\n\n\n<p>Une solution scolaire unique offrant la qualit\u00e9 du syst\u00e8me fran\u00e7ais a \u00e9t\u00e9 mise en place par l\u2019op\u00e9rateur historique de l\u2019enseignement fran\u00e7ais \u00e0 l\u2019\u00e9tranger : la MLF (Mission La\u00efque Fran\u00e7aise).<\/p>\n\n\n\n<hr class=\"wp-block-separator has-alpha-channel-opacity\" \/>\n\n\n\n<p>Histoire de l&rsquo;\u00e9cole MLF de Nantong<\/p>\n\n\n\n<p>En partenariat avec l&rsquo;\u00e9tablissement NSIS, la MLF, qui accompagne les entreprises fran\u00e7aises depuis plus de 50 ans \u00e0 travers le monde pour la cr\u00e9ation d\u2019\u00e9coles sur mesure, a \u00e9labor\u00e9 un cursus original, d\u00e9j\u00e0 en place dans diff\u00e9rents pays comme l&rsquo; Ecosse, le Danemark. <\/p>\n\n\n\n<p>Le syst\u00e8me hybride juxtapose deux curriculums : le curriculum du pays et le curriculum fran\u00e7ais.<\/p>\n\n\n\n<p>Des enseignants fran\u00e7ais dipl\u00f4m\u00e9s sont recrut\u00e9s par la MLF pour enseigner les math\u00e9matiques, l\u2019histoire-g\u00e9ographie et le fran\u00e7ais selon le programme officiel du Minist\u00e8re de l\u2019\u00c9ducation Nationale. L\u2019\u00e9cole locale organise l\u2019enseignement des autres mati\u00e8res (sciences, arts, musique, sport, anglais et chinois ).<\/p>\n\n\n\n<hr class=\"wp-block-separator has-alpha-channel-opacity\" \/>\n\n\n\n<p><strong>Cette scolarit\u00e9 pr\u00e9sente plusieurs avantages :<\/strong><\/p>\n\n\n\n<p>\u25ba&nbsp;<strong>Un enseignement reconnu et valid\u00e9<\/strong>&nbsp;(pas de rupture de scolarit\u00e9) par les dipl\u00f4mes nationaux (DNB \u2013 Baccalaur\u00e9at).<\/p>\n\n\n\n<p>\u25ba&nbsp;<strong>Des enseignants fran\u00e7ais d\u00e9tach\u00e9s<\/strong>&nbsp;par l\u2019\u00c9ducation Nationale qui assurent les enseignements, les rem\u00e9diations, les \u00e9valuations, la pr\u00e9paration au DNB.<\/p>\n\n\n\n<p>\u25ba&nbsp;<strong>Un suivi personnalis\u00e9<\/strong>&nbsp;au plus pr\u00e8s des besoins de chaque enfant.<\/p>\n\n\n\n<p>\u25ba&nbsp;<strong>Une immersion dans une \u00e9cole internationale<\/strong>&nbsp;qui permet un apprentissage valorisant de la langue et de la culture anglaises et chinoises au plus haut niveau, sans perdre le lien avec l\u2019enseignement \u00ab \u00e0 la fran\u00e7aise \u00bb.<\/p>\n\n\n\n<p>\u25ba&nbsp;<strong>Une adaptation aux besoins des familles.<\/strong><\/p>\n\n\n\n<hr class=\"wp-block-separator has-alpha-channel-opacity\" \/>\n\n\n\n<p><\/p>\n","protected":false},"excerpt":{"rendered":"<p>LE SYST\u00c8ME HYBRIDE : UNE SCOLARIT\u00c9 INNOVANTE Une solution scolaire unique offrant la qualit\u00e9 du syst\u00e8me fran\u00e7ais a \u00e9t\u00e9 mise en place par l\u2019op\u00e9rateur historique de l\u2019enseignement fran\u00e7ais \u00e0 l\u2019\u00e9tranger : la MLF (Mission La\u00efque Fran\u00e7aise). Histoire de l&rsquo;\u00e9cole MLF de Nantong En partenariat avec l&rsquo;\u00e9tablissement NSIS, la MLF, qui accompagne les entreprises fran\u00e7aises depuis [&hellip;]<\/p>\n","protected":false},"author":153,"featured_media":0,"parent":2,"menu_order":0,"comment_status":"closed","ping_status":"closed","template":"","meta":{"_acf_changed":false,"footnotes":""},"class_list":["post-54","page","type-page","status-publish","czr-hentry"],"acf":[],"_links":{"self":[{"href":"https:\/\/ee.mlfmonde.org\/nantong-stem\/wp-json\/wp\/v2\/pages\/54","targetHints":{"allow":["GET"]}}],"collection":[{"href":"https:\/\/ee.mlfmonde.org\/nantong-stem\/wp-json\/wp\/v2\/pages"}],"about":[{"href":"https:\/\/ee.mlfmonde.org\/nantong-stem\/wp-json\/wp\/v2\/types\/page"}],"author":[{"embeddable":true,"href":"https:\/\/ee.mlfmonde.org\/nantong-stem\/wp-json\/wp\/v2\/users\/153"}],"replies":[{"embeddable":true,"href":"https:\/\/ee.mlfmonde.org\/nantong-stem\/wp-json\/wp\/v2\/comments?post=54"}],"version-history":[{"count":5,"href":"https:\/\/ee.mlfmonde.org\/nantong-stem\/wp-json\/wp\/v2\/pages\/54\/revisions"}],"predecessor-version":[{"id":708,"href":"https:\/\/ee.mlfmonde.org\/nantong-stem\/wp-json\/wp\/v2\/pages\/54\/revisions\/708"}],"up":[{"embeddable":true,"href":"https:\/\/ee.mlfmonde.org\/nantong-stem\/wp-json\/wp\/v2\/pages\/2"}],"wp:attachment":[{"href":"https:\/\/ee.mlfmonde.org\/nantong-stem\/wp-json\/wp\/v2\/media?parent=54"}],"curies":[{"name":"wp","href":"https:\/\/api.w.org\/{rel}","templated":true}]}}