{"id":52,"date":"2025-09-05T12:16:26","date_gmt":"2025-09-05T04:16:26","guid":{"rendered":"https:\/\/ee.mlfmonde.org\/nantong-stem\/?page_id=52"},"modified":"2025-09-13T21:05:19","modified_gmt":"2025-09-13T13:05:19","slug":"equipe-enseignante","status":"publish","type":"page","link":"https:\/\/ee.mlfmonde.org\/nantong-stem\/une-ecole-societale\/equipe-enseignante\/","title":{"rendered":"\u00c9quipe enseignante"},"content":{"rendered":"\n<div class=\"wp-block-media-text is-stacked-on-mobile\" style=\"grid-template-columns:44% auto\"><figure class=\"wp-block-media-text__media\"><img fetchpriority=\"high\" decoding=\"async\" width=\"948\" height=\"1024\" src=\"https:\/\/ee.mlfmonde.org\/nantong-stem\/wp-content\/uploads\/sites\/33\/2025\/09\/b3266121b8ee56785e6093e8d716929b-948x1024.jpeg\" alt=\"\" class=\"wp-image-345 size-full\" srcset=\"https:\/\/ee.mlfmonde.org\/nantong-stem\/wp-content\/uploads\/sites\/33\/2025\/09\/b3266121b8ee56785e6093e8d716929b-948x1024.jpeg 948w, https:\/\/ee.mlfmonde.org\/nantong-stem\/wp-content\/uploads\/sites\/33\/2025\/09\/b3266121b8ee56785e6093e8d716929b-278x300.jpeg 278w, https:\/\/ee.mlfmonde.org\/nantong-stem\/wp-content\/uploads\/sites\/33\/2025\/09\/b3266121b8ee56785e6093e8d716929b-768x830.jpeg 768w, https:\/\/ee.mlfmonde.org\/nantong-stem\/wp-content\/uploads\/sites\/33\/2025\/09\/b3266121b8ee56785e6093e8d716929b-570x616.jpeg 570w, https:\/\/ee.mlfmonde.org\/nantong-stem\/wp-content\/uploads\/sites\/33\/2025\/09\/b3266121b8ee56785e6093e8d716929b.jpeg 1129w\" sizes=\"(max-width: 948px) 100vw, 948px\" \/><\/figure><div class=\"wp-block-media-text__content\">\n<p class=\"has-text-align-left\">Arnaud Glouzouic a d\u00e9but\u00e9 sa carri\u00e8re en 2001. Directeur et professeur chevronn\u00e9s, il a enseign\u00e9 en France, au Tchad, en Ethiopie, en Inde, aux Etats-Unis et en Chine de la maternelle jusqu&rsquo;au coll\u00e8ge. <\/p>\n\n\n\n<p class=\"has-text-align-left\">Directeur des \u00e9coles d&rsquo;entreprise \u00e0 Chennai (Renault), Aiden (Areva), Shenyang (Renault) et Wuhan (comit\u00e9 de gestion + Stellantis), M Glouzouic poss\u00e8de une expertise solide des syst\u00e8mes hybrides. Il fut d&rsquo;ailleurs un des pionniers de ce syst\u00e8me (2010) et a contribu\u00e9, par ses analyses et ses retours d&rsquo;exp\u00e9riences, \u00e0 proposer un cadre adaptable \u00e0 chaque situation ou enjeux familiaux des collaborateurs.<\/p>\n\n\n\n<p>Titulaire d&rsquo;un master en biologie, d&rsquo;un master en sciences de l&rsquo;\u00e9ducation mais aussi en Fran\u00e7ais Langue \u00e9trang\u00e8re, ses solides connaissances universitaires favorisent la recherche de l&rsquo;excellence dans tous les secteurs \u00e9ducatifs. <\/p>\n\n\n\n<p>Soucieux des enjeux environnementaux, il s&rsquo;engage par ailleurs dans la promotion et la r\u00e9alisation des objectifs de d\u00e9veloppement durable (<a href=\"https:\/\/ee.mlfmonde.org\/nantong-stem\/sample-page\/objectifs-de-developpement-durable-odd\/\" data-type=\"page\" data-id=\"388\">ODD<\/a>) par la gestion et la promotion d&rsquo;actions au sein de l&rsquo;\u00e9cole.<\/p>\n\n\n\n<p>Il enseigne cette ann\u00e9e en CE2-CM1-CM2 mais \u00e9galement  les math\u00e9matiques au coll\u00e8ge.<\/p>\n\n\n\n<p><\/p>\n<\/div><\/div>\n\n\n\n<hr class=\"wp-block-separator has-alpha-channel-opacity\" \/>\n\n\n\n<div class=\"wp-block-media-text is-stacked-on-mobile\" style=\"grid-template-columns:29% auto\"><figure class=\"wp-block-media-text__media\"><img decoding=\"async\" width=\"855\" height=\"1024\" src=\"https:\/\/ee.mlfmonde.org\/nantong-stem\/wp-content\/uploads\/sites\/33\/2025\/09\/d14e926e6f94085e75f69b98410f737c-855x1024.jpeg\" alt=\"\" class=\"wp-image-346 size-full\" srcset=\"https:\/\/ee.mlfmonde.org\/nantong-stem\/wp-content\/uploads\/sites\/33\/2025\/09\/d14e926e6f94085e75f69b98410f737c-855x1024.jpeg 855w, https:\/\/ee.mlfmonde.org\/nantong-stem\/wp-content\/uploads\/sites\/33\/2025\/09\/d14e926e6f94085e75f69b98410f737c-251x300.jpeg 251w, https:\/\/ee.mlfmonde.org\/nantong-stem\/wp-content\/uploads\/sites\/33\/2025\/09\/d14e926e6f94085e75f69b98410f737c-768x919.jpeg 768w, https:\/\/ee.mlfmonde.org\/nantong-stem\/wp-content\/uploads\/sites\/33\/2025\/09\/d14e926e6f94085e75f69b98410f737c-570x682.jpeg 570w, https:\/\/ee.mlfmonde.org\/nantong-stem\/wp-content\/uploads\/sites\/33\/2025\/09\/d14e926e6f94085e75f69b98410f737c.jpeg 1279w\" sizes=\"(max-width: 855px) 100vw, 855px\" \/><\/figure><div class=\"wp-block-media-text__content\">\n<p>Titulaire d\u2019un dipl\u00f4me en sciences de l\u2019\u00e9ducation et en biologie, Alexandra Souchot a enseign\u00e9 de la toute petite section \u00e0 la classe de seconde, en classes multi-niveaux, sp\u00e9cialis\u00e9es et aupr\u00e8s d\u2019\u00e9l\u00e8ves non francophones. Cette diversit\u00e9 d\u2019exp\u00e9riences lui a permis de d\u00e9velopper une grande capacit\u00e9 d\u2019adaptation et une p\u00e9dagogie attentive aux besoins de chacun.<\/p>\n\n\n\n<p>Son parcours international l\u2019a conduite en Am\u00e9rique du Sud, au Moyen-Orient, dans les Cara\u00efbes, en Afrique du Sud, en Europe et en Chine, o\u00f9 elle a travaill\u00e9 dans des \u00e9coles fran\u00e7aises et locales, bilingues ou trilingues. Ces immersions multiculturelles ont enrichi sa pratique et nourri son go\u00fbt pour l\u2019ouverture au monde et la curiosit\u00e9 intellectuelle.<\/p>\n\n\n\n<p>Alexandra a \u00e9galement enseign\u00e9 dans diff\u00e9rentes \u00e9coles d&rsquo;entreprise du r\u00e9seau de la Mission La\u00efque Fran\u00e7aise. Avec Stellantis \u00e0 <a href=\"https:\/\/www.mlfmonde.org\/webradio-a-lefiw-premiere\/\">Wuhan<\/a> et d\u00e9j\u00e0 avec TotalEnergies \u00e0 <a href=\"https:\/\/ee.mlfmonde.org\/aberdeen-total\/\">Aberdeen <\/a>, le s\u00e9rieux et la qualit\u00e9 de son travail ont \u00e9t\u00e9 salu\u00e9s. <\/p>\n\n\n\n<p>Cette longue exp\u00e9rience internationale lui permet d&rsquo;offrir un cadre d\u2019apprentissage stimulant, bienveillant,  r\u00e9solument tourn\u00e9 vers l\u2019avenir et ses<a href=\"https:\/\/ee.mlfmonde.org\/nantong-stem\/sample-page\/objectifs-de-developpement-durable-odd\/\" data-type=\"page\" data-id=\"388\"> enjeux<\/a>. <\/p>\n\n\n\n<p>Elle enseigne \u00e0 la STEM aux PS-MS-GS et aux CP\/CE1. <\/p>\n<\/div><\/div>\n\n\n\n<hr class=\"wp-block-separator has-alpha-channel-opacity\" \/>\n\n\n\n<div class=\"wp-block-media-text is-stacked-on-mobile\" style=\"grid-template-columns:29% auto\"><figure class=\"wp-block-media-text__media\"><img decoding=\"async\" width=\"819\" height=\"1024\" src=\"https:\/\/ee.mlfmonde.org\/nantong-stem\/wp-content\/uploads\/sites\/33\/2025\/09\/a025dcb74ba745ae80f56c55872ff82b-819x1024.jpeg\" alt=\"\" class=\"wp-image-344 size-full\" srcset=\"https:\/\/ee.mlfmonde.org\/nantong-stem\/wp-content\/uploads\/sites\/33\/2025\/09\/a025dcb74ba745ae80f56c55872ff82b-819x1024.jpeg 819w, https:\/\/ee.mlfmonde.org\/nantong-stem\/wp-content\/uploads\/sites\/33\/2025\/09\/a025dcb74ba745ae80f56c55872ff82b-240x300.jpeg 240w, https:\/\/ee.mlfmonde.org\/nantong-stem\/wp-content\/uploads\/sites\/33\/2025\/09\/a025dcb74ba745ae80f56c55872ff82b-768x960.jpeg 768w, https:\/\/ee.mlfmonde.org\/nantong-stem\/wp-content\/uploads\/sites\/33\/2025\/09\/a025dcb74ba745ae80f56c55872ff82b-1229x1536.jpeg 1229w, https:\/\/ee.mlfmonde.org\/nantong-stem\/wp-content\/uploads\/sites\/33\/2025\/09\/a025dcb74ba745ae80f56c55872ff82b-570x713.jpeg 570w, https:\/\/ee.mlfmonde.org\/nantong-stem\/wp-content\/uploads\/sites\/33\/2025\/09\/a025dcb74ba745ae80f56c55872ff82b.jpeg 1280w\" sizes=\"(max-width: 819px) 100vw, 819px\" \/><\/figure><div class=\"wp-block-media-text__content\">\n<p>Avant de prendre le chemin de l&rsquo;enseignement en 2007, M Dubreuil empruntait celui des champs et du labeur agricole. De cette formation initiale en agronomie et \u00e9cologie, de ces ann\u00e9es d&rsquo;entretien des vergers dans la Dr\u00f4me, de ce go\u00fbt de l&rsquo;effort aux charmes champ\u00eatres, il attache une importance aux <a href=\"https:\/\/ee.mlfmonde.org\/nantong-stem\/sample-page\/objectifs-de-developpement-durable-odd\/\" data-type=\"page\" data-id=\"388\">ODD<\/a>.<\/p>\n\n\n\n<p>Ancien directeur des \u00e9coles d&rsquo;entreprise de <a href=\"https:\/\/ee.mlfmonde.org\/taishan-edf\/\">Taishan (EDF)<\/a> et <a href=\"https:\/\/ee.mlfmonde.org\/sacheon-airbus\/\">Sacheon (Airbus)<\/a> , il a ainsi mis en place des \u00e9coles \u00e0 faible empreinte carbone et sensibilis\u00e9 les \u00e9l\u00e8ves aux enjeux du d\u00e9veloppement durable.<\/p>\n\n\n\n<p>Dipl\u00f4m\u00e9 de la chaire <a href=\"https:\/\/chaireunesco.ucly.fr\/\">UNESCO : M\u00e9moires, cultures et interculturalit\u00e9<\/a>, ancien Volontaire de Solidarit\u00e9 Internationale, formateur de VSI et charg\u00e9 du suivi de missions, M Dubreuil donne \u00e9galement une priorit\u00e9 aux dialogues entre les cultures.<\/p>\n\n\n\n<p>Enfin, titulaire d&rsquo;un master de lettres modernes, d&rsquo;un master de Fran\u00e7ais Langue Etrang\u00e8re, ancien professeur de litt\u00e9rature fran\u00e7aise \u00e0 \u5e7f\u897f\u6c11\u65cf\u5927\u5b66 (Guangxi) et \u00e0 l&rsquo;universit\u00e9 d&rsquo;excellence <a href=\"https:\/\/www.sysu.edu.cn\/sysuen\/\">\u4e2d\u5c71\u5927\u5b66<\/a> (universit\u00e9 Sun Yat Sen). Il dispose d&rsquo;une solide connaissance de <a href=\"https:\/\/dumas.ccsd.cnrs.fr\/dumas-01321010v1\">la culture chinoise <\/a>et d&rsquo;une expertise reconnue des enjeux \u00e9ducatifs en Chine.<\/p>\n\n\n\n<p>Il enseigne le fran\u00e7ais, l&rsquo;histoire, la g\u00e9ographie et l&rsquo;\u00e9ducation morale et civique aux classes de coll\u00e8ge. Il propose \u00e9galement des rem\u00e9diations en fran\u00e7ais langue \u00e9trang\u00e8re.<\/p>\n<\/div><\/div>\n\n\n\n<p class=\"has-white-background-color has-background\"><\/p>\n\n\n\n<p><\/p>\n\n\n\n<p class=\"has-white-background-color has-background\"><\/p>\n","protected":false},"excerpt":{"rendered":"<p>Arnaud Glouzouic a d\u00e9but\u00e9 sa carri\u00e8re en 2001. Directeur et professeur chevronn\u00e9s, il a enseign\u00e9 en France, au Tchad, en Ethiopie, en Inde, aux Etats-Unis et en Chine de la maternelle jusqu&rsquo;au coll\u00e8ge. Directeur des \u00e9coles d&rsquo;entreprise \u00e0 Chennai (Renault), Aiden (Areva), Shenyang (Renault) et Wuhan (comit\u00e9 de gestion + Stellantis), M Glouzouic poss\u00e8de une [&hellip;]<\/p>\n","protected":false},"author":153,"featured_media":0,"parent":2,"menu_order":1,"comment_status":"closed","ping_status":"closed","template":"","meta":{"_acf_changed":false,"footnotes":""},"class_list":["post-52","page","type-page","status-publish","czr-hentry"],"acf":[],"_links":{"self":[{"href":"https:\/\/ee.mlfmonde.org\/nantong-stem\/wp-json\/wp\/v2\/pages\/52","targetHints":{"allow":["GET"]}}],"collection":[{"href":"https:\/\/ee.mlfmonde.org\/nantong-stem\/wp-json\/wp\/v2\/pages"}],"about":[{"href":"https:\/\/ee.mlfmonde.org\/nantong-stem\/wp-json\/wp\/v2\/types\/page"}],"author":[{"embeddable":true,"href":"https:\/\/ee.mlfmonde.org\/nantong-stem\/wp-json\/wp\/v2\/users\/153"}],"replies":[{"embeddable":true,"href":"https:\/\/ee.mlfmonde.org\/nantong-stem\/wp-json\/wp\/v2\/comments?post=52"}],"version-history":[{"count":12,"href":"https:\/\/ee.mlfmonde.org\/nantong-stem\/wp-json\/wp\/v2\/pages\/52\/revisions"}],"predecessor-version":[{"id":471,"href":"https:\/\/ee.mlfmonde.org\/nantong-stem\/wp-json\/wp\/v2\/pages\/52\/revisions\/471"}],"up":[{"embeddable":true,"href":"https:\/\/ee.mlfmonde.org\/nantong-stem\/wp-json\/wp\/v2\/pages\/2"}],"wp:attachment":[{"href":"https:\/\/ee.mlfmonde.org\/nantong-stem\/wp-json\/wp\/v2\/media?parent=52"}],"curies":[{"name":"wp","href":"https:\/\/api.w.org\/{rel}","templated":true}]}}