{"id":4,"date":"2025-09-02T11:15:15","date_gmt":"2025-09-02T11:15:15","guid":{"rendered":"https:\/\/ee.mlfmonde.org\/nantong-stem\/wp-booking-calendar\/"},"modified":"2025-12-01T14:00:26","modified_gmt":"2025-12-01T06:00:26","slug":"vie-de-lecole","status":"publish","type":"page","link":"https:\/\/ee.mlfmonde.org\/nantong-stem\/vie-de-lecole\/","title":{"rendered":"Vie de l&rsquo;\u00e9cole"},"content":{"rendered":"<div class=\"wp-block-image\">\n<figure class=\"aligncenter size-full is-resized\"><img fetchpriority=\"high\" decoding=\"async\" width=\"611\" height=\"373\" src=\"https:\/\/ee.mlfmonde.org\/nantong-stem\/wp-content\/uploads\/sites\/33\/2025\/09\/image004.jpg\" alt=\"\" class=\"wp-image-228\" style=\"width:304px;height:auto\" srcset=\"https:\/\/ee.mlfmonde.org\/nantong-stem\/wp-content\/uploads\/sites\/33\/2025\/09\/image004.jpg 611w, https:\/\/ee.mlfmonde.org\/nantong-stem\/wp-content\/uploads\/sites\/33\/2025\/09\/image004-300x183.jpg 300w, https:\/\/ee.mlfmonde.org\/nantong-stem\/wp-content\/uploads\/sites\/33\/2025\/09\/image004-570x348.jpg 570w\" sizes=\"(max-width: 611px) 100vw, 611px\" \/><\/figure><\/div>\n\n\n<p>Les \u00e9l\u00e8ves de maternelle, d&rsquo;\u00e9l\u00e9mentaire et de coll\u00e8ge participent \u00e0 de nombreuses activit\u00e9s ou \u00e9v\u00e8nements. Cette vie de l&rsquo;\u00e9cole peut rev\u00eatir diff\u00e9rents aspects, se colorer de multiples nuances. Tant\u00f4t des actions dans le cadre des Objectifs de D\u00e9veloppement Durable seront d\u00e9taill\u00e9es, tant\u00f4t  leur quotidien interculturel sera racont\u00e9. Parfois, le travail de la semaine illustrera les pages de l&rsquo;\u00e9cole maternelle et parfois, un carnet de voyages ou un journal d&rsquo;\u00e9tonnement pourront se glisser dans les articles des coll\u00e9giens.  <\/p>\n\n\n\n<p>La vie de l&rsquo;\u00e9cole se trouvera donc dans ces pages. Bonne lecture des articles de \u00e9l\u00e8ves  !  <\/p>\n\n\n\n<p><a href=\"https:\/\/ee.mlfmonde.org\/nantong-stem\/category\/maternelle\/\">Articles des classes de maternelle<\/a><\/p>\n\n\n\n<p><a href=\"https:\/\/ee.mlfmonde.org\/nantong-stem\/category\/ecole-primaire\/\">Articles des classes de primaire<\/a><\/p>\n\n\n\n<p><a href=\"https:\/\/ee.mlfmonde.org\/nantong-stem\/category\/college\/\">Articles des classes de coll\u00e8ge<\/a><\/p>\n\n\n\n<p><a href=\"https:\/\/ee.mlfmonde.org\/nantong-stem\/category\/voyages-et-cultures\/\" data-type=\"category\" data-id=\"21\">Articles sur les voyages et la culture<\/a><\/p>\n\n\n\n<p><a href=\"https:\/\/ee.mlfmonde.org\/nantong-stem\/category\/poesies\/\" data-type=\"category\" data-id=\"22\">Po\u00e9sies apprises en classe.<\/a><\/p>\n\n\n\n<p><\/p>\n","protected":false},"excerpt":{"rendered":"<p>Les \u00e9l\u00e8ves de maternelle, d&rsquo;\u00e9l\u00e9mentaire et de coll\u00e8ge participent \u00e0 de nombreuses activit\u00e9s ou \u00e9v\u00e8nements. Cette vie de l&rsquo;\u00e9cole peut rev\u00eatir diff\u00e9rents aspects, se colorer de multiples nuances. Tant\u00f4t des actions dans le cadre des Objectifs de D\u00e9veloppement Durable seront d\u00e9taill\u00e9es, tant\u00f4t leur quotidien interculturel sera racont\u00e9. Parfois, le travail de la semaine illustrera les [&hellip;]<\/p>\n","protected":false},"author":153,"featured_media":0,"parent":0,"menu_order":0,"comment_status":"closed","ping_status":"closed","template":"","meta":{"_acf_changed":false,"footnotes":""},"class_list":["post-4","page","type-page","status-publish","czr-hentry"],"acf":[],"_links":{"self":[{"href":"https:\/\/ee.mlfmonde.org\/nantong-stem\/wp-json\/wp\/v2\/pages\/4","targetHints":{"allow":["GET"]}}],"collection":[{"href":"https:\/\/ee.mlfmonde.org\/nantong-stem\/wp-json\/wp\/v2\/pages"}],"about":[{"href":"https:\/\/ee.mlfmonde.org\/nantong-stem\/wp-json\/wp\/v2\/types\/page"}],"author":[{"embeddable":true,"href":"https:\/\/ee.mlfmonde.org\/nantong-stem\/wp-json\/wp\/v2\/users\/153"}],"replies":[{"embeddable":true,"href":"https:\/\/ee.mlfmonde.org\/nantong-stem\/wp-json\/wp\/v2\/comments?post=4"}],"version-history":[{"count":5,"href":"https:\/\/ee.mlfmonde.org\/nantong-stem\/wp-json\/wp\/v2\/pages\/4\/revisions"}],"predecessor-version":[{"id":640,"href":"https:\/\/ee.mlfmonde.org\/nantong-stem\/wp-json\/wp\/v2\/pages\/4\/revisions\/640"}],"wp:attachment":[{"href":"https:\/\/ee.mlfmonde.org\/nantong-stem\/wp-json\/wp\/v2\/media?parent=4"}],"curies":[{"name":"wp","href":"https:\/\/api.w.org\/{rel}","templated":true}]}}