{"id":379,"date":"2025-09-11T11:36:33","date_gmt":"2025-09-11T03:36:33","guid":{"rendered":"https:\/\/ee.mlfmonde.org\/nantong-stem\/?page_id=379"},"modified":"2025-11-17T11:55:46","modified_gmt":"2025-11-17T03:55:46","slug":"le-mot-du-directeur","status":"publish","type":"page","link":"https:\/\/ee.mlfmonde.org\/nantong-stem\/administration\/le-mot-du-directeur\/","title":{"rendered":"Le mot du directeur"},"content":{"rendered":"\n<p>Chers \u00e9l\u00e8ves, chers parents, chers membres de la communaut\u00e9 scolaire<\/p>\n\n\n\n<p>C\u2019est avec plaisir et enthousiasme que je r\u00e9dige ce premier mot en tant que directeur, \u00e0 l\u2019occasion de l\u2019ouverture de l\u2019\u00e9cole d&rsquo;entreprise MLF de Nantong<\/p>\n\n\n\n<p>Membre du r\u00e9seau des \u00e9coles d\u2019entreprises de la Mission La\u00efque Fran\u00e7aise, partenaire des entreprises fran\u00e7aises, pour lesquelles l\u2019\u00e9ducation est un enjeu majeur, l\u2019\u00e9cole s\u2019inscrit dans un mod\u00e8le p\u00e9dagogique hybride pionnier et innovant puisqu\u2019elle propose aux \u00e9l\u00e8ves un double cursus fran\u00e7ais et international au sein d\u2019une \u00e9cole partenaire prestigieuse, la Nantong Stalford International School.<\/p>\n\n\n\n<p>Ce partenariat, dans un environnement plurilingue et multiculturel, offre aux \u00e9l\u00e8ves un parcours parfaitement adapt\u00e9 \u00e0 leurs besoins, tout en respectant les attentes des familles.<\/p>\n\n\n\n<p>Notre engagement est clair : fournir un environnement d\u2019excellence o\u00f9 la rigueur acad\u00e9mique se conjugue avec la bienveillance et le respect de chacun.<\/p>\n\n\n\n<p>Nous avons \u00e0 c\u0153ur de b\u00e2tir une communaut\u00e9 \u00e9ducative dynamique et soud\u00e9e, o\u00f9 chaque \u00e9l\u00e8ve peut s\u2019\u00e9panouir pleinement, d\u00e9velopper ses talents et pr\u00e9parer sereinement son avenir dans un monde en constante \u00e9volution.<\/p>\n\n\n\n<p>Je vous invite \u00e0 partager avec nous cette exp\u00e9rience enrichissante, o\u00f9 apprentissage, ouverture innovation et citoyennet\u00e9 sont au c\u0153ur de notre projet.<\/p>\n\n\n\n<p>Bienvenue \u00e0 l\u2019\u00e9cole d&rsquo;entreprise MLF de Nantong<\/p>\n\n\n\n<p>Arnaud Glouzouic<\/p>\n\n\n\n<p>Le Directeur<\/p>\n","protected":false},"excerpt":{"rendered":"<p>Chers \u00e9l\u00e8ves, chers parents, chers membres de la communaut\u00e9 scolaire C\u2019est avec plaisir et enthousiasme que je r\u00e9dige ce premier mot en tant que directeur, \u00e0 l\u2019occasion de l\u2019ouverture de l\u2019\u00e9cole d&rsquo;entreprise MLF de Nantong Membre du r\u00e9seau des \u00e9coles d\u2019entreprises de la Mission La\u00efque Fran\u00e7aise, partenaire des entreprises fran\u00e7aises, pour lesquelles l\u2019\u00e9ducation est un [&hellip;]<\/p>\n","protected":false},"author":153,"featured_media":0,"parent":16,"menu_order":1,"comment_status":"closed","ping_status":"closed","template":"","meta":{"_acf_changed":false,"footnotes":""},"class_list":["post-379","page","type-page","status-publish","czr-hentry"],"acf":[],"_links":{"self":[{"href":"https:\/\/ee.mlfmonde.org\/nantong-stem\/wp-json\/wp\/v2\/pages\/379","targetHints":{"allow":["GET"]}}],"collection":[{"href":"https:\/\/ee.mlfmonde.org\/nantong-stem\/wp-json\/wp\/v2\/pages"}],"about":[{"href":"https:\/\/ee.mlfmonde.org\/nantong-stem\/wp-json\/wp\/v2\/types\/page"}],"author":[{"embeddable":true,"href":"https:\/\/ee.mlfmonde.org\/nantong-stem\/wp-json\/wp\/v2\/users\/153"}],"replies":[{"embeddable":true,"href":"https:\/\/ee.mlfmonde.org\/nantong-stem\/wp-json\/wp\/v2\/comments?post=379"}],"version-history":[{"count":2,"href":"https:\/\/ee.mlfmonde.org\/nantong-stem\/wp-json\/wp\/v2\/pages\/379\/revisions"}],"predecessor-version":[{"id":707,"href":"https:\/\/ee.mlfmonde.org\/nantong-stem\/wp-json\/wp\/v2\/pages\/379\/revisions\/707"}],"up":[{"embeddable":true,"href":"https:\/\/ee.mlfmonde.org\/nantong-stem\/wp-json\/wp\/v2\/pages\/16"}],"wp:attachment":[{"href":"https:\/\/ee.mlfmonde.org\/nantong-stem\/wp-json\/wp\/v2\/media?parent=379"}],"curies":[{"name":"wp","href":"https:\/\/api.w.org\/{rel}","templated":true}]}}