{"id":374,"date":"2025-09-11T11:32:26","date_gmt":"2025-09-11T03:32:26","guid":{"rendered":"https:\/\/ee.mlfmonde.org\/nantong-stem\/?page_id=374"},"modified":"2025-11-17T13:35:45","modified_gmt":"2025-11-17T05:35:45","slug":"calendrier-scolaire-2025-2026","status":"publish","type":"page","link":"https:\/\/ee.mlfmonde.org\/nantong-stem\/administration\/calendrier-scolaire-2025-2026\/","title":{"rendered":"Calendrier scolaire 2025-2026"},"content":{"rendered":"\n<p>Le calendrier de l&rsquo;\u00e9cole MLF de Nantong se calque \u00e0 celui de l&rsquo;\u00e9cole partenaire NSIS. Un jour suppl\u00e9mentaire, le vendredi 2 janvier, a cependant \u00e9t\u00e9 ajout\u00e9 afin de faciliter un retour en France des collaborateurs lors des f\u00eates de No\u00ebl. <\/p>\n\n\n\n<div data-wp-interactive=\"core\/file\" class=\"wp-block-file\"><object data-wp-bind--hidden=\"!state.hasPdfPreview\" hidden class=\"wp-block-file__embed\" data=\"https:\/\/ee.mlfmonde.org\/nantong-stem\/wp-content\/uploads\/sites\/33\/2025\/11\/Calendrier-25-26-STEM-Nantong-1.pdf\" type=\"application\/pdf\" style=\"width:100%;height:600px\" aria-label=\"Contenu embarqu\u00e9 Calendrier 25-26 STEM Nantong (1).\"><\/object><a id=\"wp-block-file--media-313b1fa4-b3b7-481c-9b16-68ff41614d55\" href=\"https:\/\/ee.mlfmonde.org\/nantong-stem\/wp-content\/uploads\/sites\/33\/2025\/11\/Calendrier-25-26-STEM-Nantong-1.pdf\">Calendrier 25-26 STEM Nantong (1)<\/a><a href=\"https:\/\/ee.mlfmonde.org\/nantong-stem\/wp-content\/uploads\/sites\/33\/2025\/11\/Calendrier-25-26-STEM-Nantong-1.pdf\" class=\"wp-block-file__button wp-element-button\" download aria-describedby=\"wp-block-file--media-313b1fa4-b3b7-481c-9b16-68ff41614d55\">T\u00e9l\u00e9charger<\/a><\/div>\n","protected":false},"excerpt":{"rendered":"<p>Le calendrier de l&rsquo;\u00e9cole MLF de Nantong se calque \u00e0 celui de l&rsquo;\u00e9cole partenaire NSIS. Un jour suppl\u00e9mentaire, le vendredi 2 janvier, a cependant \u00e9t\u00e9 ajout\u00e9 afin de faciliter un retour en France des collaborateurs lors des f\u00eates de No\u00ebl.<\/p>\n","protected":false},"author":153,"featured_media":0,"parent":16,"menu_order":1,"comment_status":"closed","ping_status":"closed","template":"","meta":{"_acf_changed":false,"footnotes":""},"class_list":["post-374","page","type-page","status-publish","czr-hentry"],"acf":[],"_links":{"self":[{"href":"https:\/\/ee.mlfmonde.org\/nantong-stem\/wp-json\/wp\/v2\/pages\/374","targetHints":{"allow":["GET"]}}],"collection":[{"href":"https:\/\/ee.mlfmonde.org\/nantong-stem\/wp-json\/wp\/v2\/pages"}],"about":[{"href":"https:\/\/ee.mlfmonde.org\/nantong-stem\/wp-json\/wp\/v2\/types\/page"}],"author":[{"embeddable":true,"href":"https:\/\/ee.mlfmonde.org\/nantong-stem\/wp-json\/wp\/v2\/users\/153"}],"replies":[{"embeddable":true,"href":"https:\/\/ee.mlfmonde.org\/nantong-stem\/wp-json\/wp\/v2\/comments?post=374"}],"version-history":[{"count":4,"href":"https:\/\/ee.mlfmonde.org\/nantong-stem\/wp-json\/wp\/v2\/pages\/374\/revisions"}],"predecessor-version":[{"id":723,"href":"https:\/\/ee.mlfmonde.org\/nantong-stem\/wp-json\/wp\/v2\/pages\/374\/revisions\/723"}],"up":[{"embeddable":true,"href":"https:\/\/ee.mlfmonde.org\/nantong-stem\/wp-json\/wp\/v2\/pages\/16"}],"wp:attachment":[{"href":"https:\/\/ee.mlfmonde.org\/nantong-stem\/wp-json\/wp\/v2\/media?parent=374"}],"curies":[{"name":"wp","href":"https:\/\/api.w.org\/{rel}","templated":true}]}}