{"id":324,"date":"2025-09-10T12:09:04","date_gmt":"2025-09-10T04:09:04","guid":{"rendered":"https:\/\/ee.mlfmonde.org\/nantong-stem\/?page_id=324"},"modified":"2025-11-17T13:38:30","modified_gmt":"2025-11-17T05:38:30","slug":"valeur-ajoutee-du-programme-stem","status":"publish","type":"page","link":"https:\/\/ee.mlfmonde.org\/nantong-stem\/valeur-ajoutee-du-programme-stem\/","title":{"rendered":"Valeur ajout\u00e9e de l&rsquo;\u00e9cole"},"content":{"rendered":"<div class=\"wp-block-image\">\n<figure class=\"aligncenter size-full is-resized\"><img fetchpriority=\"high\" decoding=\"async\" width=\"657\" height=\"438\" src=\"https:\/\/ee.mlfmonde.org\/nantong-stem\/wp-content\/uploads\/sites\/33\/2025\/09\/image013.jpg\" alt=\"\" class=\"wp-image-229\" style=\"width:242px;height:auto\" srcset=\"https:\/\/ee.mlfmonde.org\/nantong-stem\/wp-content\/uploads\/sites\/33\/2025\/09\/image013.jpg 657w, https:\/\/ee.mlfmonde.org\/nantong-stem\/wp-content\/uploads\/sites\/33\/2025\/09\/image013-300x200.jpg 300w, https:\/\/ee.mlfmonde.org\/nantong-stem\/wp-content\/uploads\/sites\/33\/2025\/09\/image013-570x380.jpg 570w\" sizes=\"(max-width: 657px) 100vw, 657px\" \/><figcaption class=\"wp-element-caption\">Le bus de la r\u00e9ussite en marche<\/figcaption><\/figure><\/div>\n\n\n<p class=\"has-text-align-center\">Un esprit pionnier au service d&rsquo;un projet d&rsquo;\u00e9cole audacieux.<\/p>\n\n\n\n<p>Le programme de l&rsquo;\u00e9cole MLF de Nantong inscrit les enfants des collaborateurs d&rsquo;entreprises fran\u00e7aises dans des cursus, international et fran\u00e7ais, qui visent l&rsquo;excellence.<\/p>\n\n\n\n<p><strong>Cette scolarit\u00e9 pr\u00e9sente plusieurs avantages :<\/strong><\/p>\n\n\n\n<p>\u25ba&nbsp;<strong>Un enseignement reconnu et valid\u00e9<\/strong> par les dipl\u00f4mes nationaux (Brevet \u2013 Baccalaur\u00e9at). La rupture de scolarit\u00e9 est inexistante. Les \u00e9l\u00e8ves inscrits poursuivent les mati\u00e8res fondamentales (Math\u00e9matiques, fran\u00e7ais, histoire g\u00e9ographie) et peuvent ainsi r\u00e9int\u00e9grer le syst\u00e8me fran\u00e7ais d\u00e8s leur retour en France.<\/p>\n\n\n\n<p>\u25ba&nbsp;<strong>Des enseignants fran\u00e7ais d\u00e9tach\u00e9s<\/strong>&nbsp;par l\u2019\u00c9ducation Nationale s\u00e9lectionn\u00e9s par la <a href=\"https:\/\/www.mlfmonde.org\/\">MLF<\/a> pour leurs exp\u00e9riences du syst\u00e8me hybride, leur capacit\u00e9 d&rsquo;adaptation et leur engagement. Ces derniers assurent les enseignements, les rem\u00e9diations, les \u00e9valuations, la pr\u00e9paration au brevet national des coll\u00e8ges. <\/p>\n\n\n\n<p>\u25ba&nbsp;<strong>Un suivi personnalis\u00e9<\/strong>&nbsp;au plus pr\u00e8s des besoins de chaque enfant. Un tutorat, voire un v\u00e9ritable pr\u00e9ceptorat peuvent \u00eatre mis en place gr\u00e2ce \u00e0 des effectifs r\u00e9duits et \u00e0 une mobilisation permanente des \u00e9quipes p\u00e9dagogiques. <\/p>\n\n\n\n<p>\u25ba&nbsp;<strong>Une immersion dans une \u00e9cole internationale<\/strong>&nbsp;qui permet un apprentissage valorisant de la langue et de la culture anglaises et chinoises au plus haut niveau. <\/p>\n\n\n\n<p>\u25ba&nbsp;<strong>Une adaptation aux besoins des familles.<\/strong> Des cours de Fran\u00e7ais Langue Etrang\u00e8re peuvent \u00eatre propos\u00e9s aux enfants des collaborateurs qui le sollicitent. Une flexibilit\u00e9 des emplois du temps afin de satisfaire au mieux les projets \u00e9ducatifs respectifs de chaque famille. <\/p>\n\n\n\n<p>\u25ba&nbsp;<strong>Possibilit\u00e9 de suivre en bac IB<\/strong>. Le bac international IB peut \u00e9galement \u00eatre s\u00e9lectionn\u00e9 selon les objectifs des familles. <\/p>\n\n\n\n<p>L&rsquo;\u00e9cole d&rsquo;entreprise MLF de Nantong offre ainsi un panel riche en possibilit\u00e9s \u00e9ducatives. Le bien-\u00eatre des collaborateurs demeure la pierre angulaire de l&rsquo;\u00e9cole. Adaptation, flexibilit\u00e9, s\u00e9rieux<\/p>\n","protected":false},"excerpt":{"rendered":"<p>Un esprit pionnier au service d&rsquo;un projet d&rsquo;\u00e9cole audacieux. Le programme de l&rsquo;\u00e9cole MLF de Nantong inscrit les enfants des collaborateurs d&rsquo;entreprises fran\u00e7aises dans des cursus, international et fran\u00e7ais, qui visent l&rsquo;excellence. Cette scolarit\u00e9 pr\u00e9sente plusieurs avantages : \u25ba&nbsp;Un enseignement reconnu et valid\u00e9 par les dipl\u00f4mes nationaux (Brevet \u2013 Baccalaur\u00e9at). La rupture de scolarit\u00e9 est [&hellip;]<\/p>\n","protected":false},"author":153,"featured_media":229,"parent":0,"menu_order":0,"comment_status":"closed","ping_status":"closed","template":"","meta":{"_acf_changed":false,"footnotes":""},"class_list":["post-324","page","type-page","status-publish","has-post-thumbnail","czr-hentry"],"acf":[],"_links":{"self":[{"href":"https:\/\/ee.mlfmonde.org\/nantong-stem\/wp-json\/wp\/v2\/pages\/324","targetHints":{"allow":["GET"]}}],"collection":[{"href":"https:\/\/ee.mlfmonde.org\/nantong-stem\/wp-json\/wp\/v2\/pages"}],"about":[{"href":"https:\/\/ee.mlfmonde.org\/nantong-stem\/wp-json\/wp\/v2\/types\/page"}],"author":[{"embeddable":true,"href":"https:\/\/ee.mlfmonde.org\/nantong-stem\/wp-json\/wp\/v2\/users\/153"}],"replies":[{"embeddable":true,"href":"https:\/\/ee.mlfmonde.org\/nantong-stem\/wp-json\/wp\/v2\/comments?post=324"}],"version-history":[{"count":8,"href":"https:\/\/ee.mlfmonde.org\/nantong-stem\/wp-json\/wp\/v2\/pages\/324\/revisions"}],"predecessor-version":[{"id":727,"href":"https:\/\/ee.mlfmonde.org\/nantong-stem\/wp-json\/wp\/v2\/pages\/324\/revisions\/727"}],"wp:featuredmedia":[{"embeddable":true,"href":"https:\/\/ee.mlfmonde.org\/nantong-stem\/wp-json\/wp\/v2\/media\/229"}],"wp:attachment":[{"href":"https:\/\/ee.mlfmonde.org\/nantong-stem\/wp-json\/wp\/v2\/media?parent=324"}],"curies":[{"name":"wp","href":"https:\/\/api.w.org\/{rel}","templated":true}]}}