{"id":2,"date":"2025-09-02T11:11:52","date_gmt":"2025-09-02T11:11:52","guid":{"rendered":"http:\/\/nantong-stem.ee.mlfmonde.org\/?page_id=2"},"modified":"2025-12-01T13:59:20","modified_gmt":"2025-12-01T05:59:20","slug":"une-ecole-societale","status":"publish","type":"page","link":"https:\/\/ee.mlfmonde.org\/nantong-stem\/une-ecole-societale\/","title":{"rendered":"Une \u00e9cole soci\u00e9tale"},"content":{"rendered":"\n<p>L&rsquo;\u00e9cole a \u00e9t\u00e9 cr\u00e9\u00e9e pour r\u00e9pondre aux demandes des collaborateurs d&rsquo;entreprises fran\u00e7aises. En dialogue permanent avec les parties prenantes, le respect de l&rsquo;Autre est au c\u0153ur de notre \u00e9cole.<\/p>\n\n\n\n<p>De part sa nature d<a href=\"https:\/\/ee.mlfmonde.org\/nantong-stem\/sample-page\/le-systeme-hybride-mlf\/\" data-type=\"page\" data-id=\"54\">&lsquo;\u00e9cole hybride<\/a>, de part l&rsquo;immense diversit\u00e9 culturelle des acteurs de l&rsquo;\u00e9cole (Chine-Singapour-France), le projet du programme de l&rsquo;\u00e9cole MLF de Nantong se veut ambitieux et audacieux. Les enfants des collaborateurs de TotalEnergies b\u00e9n\u00e9ficieront de la richesse du syst\u00e8me \u00e9ducatif de <a href=\"http:\/\/www.ntsis.com\/\">l&rsquo;\u00e9cole partenaire Stalford <\/a>tout en restant dans la continuit\u00e9 des <a href=\"https:\/\/ee.mlfmonde.org\/nantong-stem\/sample-page\/la-mission-laique-francaise\/\" data-type=\"page\" data-id=\"56\">programmes fran\u00e7ais<\/a>.<\/p>\n\n\n\n<p>En conformit\u00e9 avec les exigences de l&rsquo;Education Nationale fran\u00e7aise et en ad\u00e9quation avec les engagements de l&rsquo;entreprise, les objectifs de d\u00e9veloppement durable (ODD) seront \u00e9galement abord\u00e9s aupr\u00e8s des \u00e9l\u00e8ves par des actions pr\u00e9cises et concr\u00e8tes. <\/p>\n\n\n\n<figure class=\"wp-block-image size-large\"><img fetchpriority=\"high\" decoding=\"async\" width=\"1024\" height=\"402\" src=\"https:\/\/ee.mlfmonde.org\/nantong-stem\/wp-content\/uploads\/sites\/33\/2025\/09\/image001-1024x402.jpg\" alt=\"\" class=\"wp-image-227\" srcset=\"https:\/\/ee.mlfmonde.org\/nantong-stem\/wp-content\/uploads\/sites\/33\/2025\/09\/image001-1024x402.jpg 1024w, https:\/\/ee.mlfmonde.org\/nantong-stem\/wp-content\/uploads\/sites\/33\/2025\/09\/image001-300x118.jpg 300w, https:\/\/ee.mlfmonde.org\/nantong-stem\/wp-content\/uploads\/sites\/33\/2025\/09\/image001-768x302.jpg 768w, https:\/\/ee.mlfmonde.org\/nantong-stem\/wp-content\/uploads\/sites\/33\/2025\/09\/image001-570x224.jpg 570w, https:\/\/ee.mlfmonde.org\/nantong-stem\/wp-content\/uploads\/sites\/33\/2025\/09\/image001.jpg 1403w\" sizes=\"(max-width: 1024px) 100vw, 1024px\" \/><\/figure>\n\n\n\n<p>Une \u00e9ducation respectueuse des droits de chacun ambitionnant de former de futurs citoyens engag\u00e9s dans les objectifs de d\u00e9veloppement durable.<\/p>\n\n\n\n<p>La mission la\u00efque fran\u00e7aise, par sa longue exp\u00e9rience aupr\u00e8s des entreprises est charg\u00e9e de la s\u00e9lection des enseignants pr\u00eats \u00e0 relever le d\u00e9fi du projet. <\/p>\n\n\n\n<p>Vous trouverez davantage de d\u00e9tails sur les diff\u00e9rents aspects de notre \u00e9cole soci\u00e9tale : <\/p>\n\n\n\n<p><a href=\"https:\/\/ee.mlfmonde.org\/nantong-stem\/une-ecole-societale\/objectifs-de-developpement-durable-odd\/\" data-type=\"page\" data-id=\"388\">Objectifs de d\u00e9veloppement durable<\/a><\/p>\n\n\n\n<p><a href=\"https:\/\/ee.mlfmonde.org\/nantong-stem\/une-ecole-societale\/la-mission-laique-francaise\/\" data-type=\"page\" data-id=\"56\">La mission la\u00efque fran\u00e7aise<\/a><\/p>\n\n\n\n<p><a href=\"https:\/\/ee.mlfmonde.org\/nantong-stem\/une-ecole-societale\/le-systeme-hybride-mlf\/\" data-type=\"page\" data-id=\"54\">Le syst\u00e8me hybride MLF<\/a><\/p>\n\n\n\n<p><a href=\"https:\/\/ee.mlfmonde.org\/nantong-stem\/une-ecole-societale\/equipe-enseignante\/\" data-type=\"page\" data-id=\"52\">L&rsquo;\u00e9quipe enseignante. <\/a><\/p>\n\n\n\n<p><\/p>\n","protected":false},"excerpt":{"rendered":"<p>L&rsquo;\u00e9cole a \u00e9t\u00e9 cr\u00e9\u00e9e pour r\u00e9pondre aux demandes des collaborateurs d&rsquo;entreprises fran\u00e7aises. En dialogue permanent avec les parties prenantes, le respect de l&rsquo;Autre est au c\u0153ur de notre \u00e9cole. De part sa nature d&lsquo;\u00e9cole hybride, de part l&rsquo;immense diversit\u00e9 culturelle des acteurs de l&rsquo;\u00e9cole (Chine-Singapour-France), le projet du programme de l&rsquo;\u00e9cole MLF de Nantong se [&hellip;]<\/p>\n","protected":false},"author":153,"featured_media":0,"parent":0,"menu_order":0,"comment_status":"closed","ping_status":"closed","template":"","meta":{"_acf_changed":false,"footnotes":""},"class_list":["post-2","page","type-page","status-publish","czr-hentry"],"acf":[],"_links":{"self":[{"href":"https:\/\/ee.mlfmonde.org\/nantong-stem\/wp-json\/wp\/v2\/pages\/2","targetHints":{"allow":["GET"]}}],"collection":[{"href":"https:\/\/ee.mlfmonde.org\/nantong-stem\/wp-json\/wp\/v2\/pages"}],"about":[{"href":"https:\/\/ee.mlfmonde.org\/nantong-stem\/wp-json\/wp\/v2\/types\/page"}],"author":[{"embeddable":true,"href":"https:\/\/ee.mlfmonde.org\/nantong-stem\/wp-json\/wp\/v2\/users\/153"}],"replies":[{"embeddable":true,"href":"https:\/\/ee.mlfmonde.org\/nantong-stem\/wp-json\/wp\/v2\/comments?post=2"}],"version-history":[{"count":17,"href":"https:\/\/ee.mlfmonde.org\/nantong-stem\/wp-json\/wp\/v2\/pages\/2\/revisions"}],"predecessor-version":[{"id":868,"href":"https:\/\/ee.mlfmonde.org\/nantong-stem\/wp-json\/wp\/v2\/pages\/2\/revisions\/868"}],"wp:attachment":[{"href":"https:\/\/ee.mlfmonde.org\/nantong-stem\/wp-json\/wp\/v2\/media?parent=2"}],"curies":[{"name":"wp","href":"https:\/\/api.w.org\/{rel}","templated":true}]}}