{"id":16,"date":"2025-09-05T09:15:57","date_gmt":"2025-09-05T01:15:57","guid":{"rendered":"https:\/\/ee.mlfmonde.org\/nantong-stem\/?page_id=16"},"modified":"2025-12-01T13:45:35","modified_gmt":"2025-12-01T05:45:35","slug":"administration","status":"publish","type":"page","link":"https:\/\/ee.mlfmonde.org\/nantong-stem\/administration\/","title":{"rendered":"Administration"},"content":{"rendered":"\n<figure class=\"wp-block-image size-large\"><img fetchpriority=\"high\" decoding=\"async\" width=\"1024\" height=\"670\" src=\"https:\/\/ee.mlfmonde.org\/nantong-stem\/wp-content\/uploads\/sites\/33\/2025\/09\/7a72f235355a3072f40db0d52ae41bb8-1024x670.jpeg\" alt=\"\" class=\"wp-image-342\" srcset=\"https:\/\/ee.mlfmonde.org\/nantong-stem\/wp-content\/uploads\/sites\/33\/2025\/09\/7a72f235355a3072f40db0d52ae41bb8-1024x670.jpeg 1024w, https:\/\/ee.mlfmonde.org\/nantong-stem\/wp-content\/uploads\/sites\/33\/2025\/09\/7a72f235355a3072f40db0d52ae41bb8-300x196.jpeg 300w, https:\/\/ee.mlfmonde.org\/nantong-stem\/wp-content\/uploads\/sites\/33\/2025\/09\/7a72f235355a3072f40db0d52ae41bb8-768x502.jpeg 768w, https:\/\/ee.mlfmonde.org\/nantong-stem\/wp-content\/uploads\/sites\/33\/2025\/09\/7a72f235355a3072f40db0d52ae41bb8-1536x1004.jpeg 1536w, https:\/\/ee.mlfmonde.org\/nantong-stem\/wp-content\/uploads\/sites\/33\/2025\/09\/7a72f235355a3072f40db0d52ae41bb8-570x373.jpeg 570w, https:\/\/ee.mlfmonde.org\/nantong-stem\/wp-content\/uploads\/sites\/33\/2025\/09\/7a72f235355a3072f40db0d52ae41bb8.jpeg 1956w\" sizes=\"(max-width: 1024px) 100vw, 1024px\" \/><\/figure>\n\n\n\n<p>Une \u00e9quipe internationale au service de l&rsquo;excellence \u00e9ducative. <\/p>\n\n\n\n<p>Retrouvez ci-dessous les diff\u00e9rentes rubriques administratives : <\/p>\n\n\n\n<ul class=\"wp-block-list\">\n<li><a href=\"https:\/\/ee.mlfmonde.org\/nantong-stem\/administration\/le-mot-du-directeur\/\" data-type=\"page\" data-id=\"379\">Le mot du directeur<\/a><\/li>\n\n\n\n<li><a href=\"https:\/\/ee.mlfmonde.org\/nantong-stem\/administration\/calendrier-scolaire-2025-2026\/\" data-type=\"page\" data-id=\"374\">Calendrier scolaire 2025-2026<\/a><\/li>\n\n\n\n<li><a href=\"https:\/\/ee.mlfmonde.org\/nantong-stem\/administration\/emplois-du-temps-des-classes\/\" data-type=\"page\" data-id=\"369\">Emplois du temps des classes<\/a><\/li>\n\n\n\n<li><a href=\"https:\/\/ee.mlfmonde.org\/nantong-stem\/administration\/projet-detablissement-2025-2028\/\" data-type=\"page\" data-id=\"64\">Projet d\u2019\u00e9tablissement 2025-2028<\/a><\/li>\n\n\n\n<li><a href=\"https:\/\/ee.mlfmonde.org\/nantong-stem\/administration\/reglement-interieur-de-lecole-francaise\/\" data-type=\"page\" data-id=\"72\">R\u00e8glement int\u00e9rieur de l\u2019\u00e9cole fran\u00e7aise<\/a><\/li>\n\n\n\n<li><a href=\"https:\/\/ee.mlfmonde.org\/nantong-stem\/administration\/documents-scolaires\/\" data-type=\"page\" data-id=\"132\">Documents administratifs et CR<\/a><\/li>\n\n\n\n<li><a href=\"https:\/\/ee.mlfmonde.org\/nantong-stem\/administration\/cr-des-conseils-deleves\/\" data-type=\"page\" data-id=\"831\">CR des conseils d\u2019\u00e9l\u00e8ves<\/a><\/li>\n<\/ul>\n\n\n\n<p><\/p>\n","protected":false},"excerpt":{"rendered":"<p>Une \u00e9quipe internationale au service de l&rsquo;excellence \u00e9ducative. Retrouvez ci-dessous les diff\u00e9rentes rubriques administratives :<\/p>\n","protected":false},"author":153,"featured_media":0,"parent":0,"menu_order":0,"comment_status":"closed","ping_status":"closed","template":"","meta":{"_acf_changed":false,"footnotes":""},"class_list":["post-16","page","type-page","status-publish","czr-hentry"],"acf":[],"_links":{"self":[{"href":"https:\/\/ee.mlfmonde.org\/nantong-stem\/wp-json\/wp\/v2\/pages\/16","targetHints":{"allow":["GET"]}}],"collection":[{"href":"https:\/\/ee.mlfmonde.org\/nantong-stem\/wp-json\/wp\/v2\/pages"}],"about":[{"href":"https:\/\/ee.mlfmonde.org\/nantong-stem\/wp-json\/wp\/v2\/types\/page"}],"author":[{"embeddable":true,"href":"https:\/\/ee.mlfmonde.org\/nantong-stem\/wp-json\/wp\/v2\/users\/153"}],"replies":[{"embeddable":true,"href":"https:\/\/ee.mlfmonde.org\/nantong-stem\/wp-json\/wp\/v2\/comments?post=16"}],"version-history":[{"count":7,"href":"https:\/\/ee.mlfmonde.org\/nantong-stem\/wp-json\/wp\/v2\/pages\/16\/revisions"}],"predecessor-version":[{"id":861,"href":"https:\/\/ee.mlfmonde.org\/nantong-stem\/wp-json\/wp\/v2\/pages\/16\/revisions\/861"}],"wp:attachment":[{"href":"https:\/\/ee.mlfmonde.org\/nantong-stem\/wp-json\/wp\/v2\/media?parent=16"}],"curies":[{"name":"wp","href":"https:\/\/api.w.org\/{rel}","templated":true}]}}