{"id":132,"date":"2025-09-08T11:37:13","date_gmt":"2025-09-08T03:37:13","guid":{"rendered":"https:\/\/ee.mlfmonde.org\/nantong-stem\/?page_id=132"},"modified":"2026-03-30T11:34:52","modified_gmt":"2026-03-30T03:34:52","slug":"documents-scolaires","status":"publish","type":"page","link":"https:\/\/ee.mlfmonde.org\/nantong-stem\/administration\/documents-scolaires\/","title":{"rendered":"Documents administratifs et CR"},"content":{"rendered":"\n<p>Vous trouverez les CR des conseils d&rsquo;\u00e9cole ainsi que diff\u00e9rents documents utiles : liste fournitures scolaires, assurance&#8230;<\/p>\n\n\n\n<div data-wp-interactive=\"core\/file\" class=\"wp-block-file\"><object data-wp-bind--hidden=\"!state.hasPdfPreview\" hidden class=\"wp-block-file__embed\" data=\"https:\/\/ee.mlfmonde.org\/nantong-stem\/wp-content\/uploads\/sites\/33\/2025\/12\/CR-Conseil-decole-1-12-11-25.pdf\" type=\"application\/pdf\" style=\"width:100%;height:600px\" aria-label=\"Contenu embarqu\u00e9 CR Conseil d&#039;\u00e9cole 1 (12-11-25).\"><\/object><a id=\"wp-block-file--media-69dc4b67-2226-4cc0-bc36-b2297d4a7b44\" href=\"https:\/\/ee.mlfmonde.org\/nantong-stem\/wp-content\/uploads\/sites\/33\/2025\/12\/CR-Conseil-decole-1-12-11-25.pdf\">CR Conseil d&rsquo;\u00e9cole 1 (12-11-25)<\/a><a href=\"https:\/\/ee.mlfmonde.org\/nantong-stem\/wp-content\/uploads\/sites\/33\/2025\/12\/CR-Conseil-decole-1-12-11-25.pdf\" class=\"wp-block-file__button wp-element-button\" download aria-describedby=\"wp-block-file--media-69dc4b67-2226-4cc0-bc36-b2297d4a7b44\">T\u00e9l\u00e9charger<\/a><\/div>\n\n\n\n<hr class=\"wp-block-separator has-alpha-channel-opacity\" \/>\n\n\n\n<div data-wp-interactive=\"core\/file\" class=\"wp-block-file\"><object data-wp-bind--hidden=\"!state.hasPdfPreview\" hidden class=\"wp-block-file__embed\" data=\"https:\/\/ee.mlfmonde.org\/nantong-stem\/wp-content\/uploads\/sites\/33\/2026\/03\/CR-Conseil-decole-2-19-03-2026.pdf\" type=\"application\/pdf\" style=\"width:100%;height:600px\" aria-label=\"Contenu embarqu\u00e9 CR Conseil d&#039;e\u0301cole 2 (19-03-2026).\"><\/object><a id=\"wp-block-file--media-840650c4-ca6f-41eb-a67a-83800622208d\" href=\"https:\/\/ee.mlfmonde.org\/nantong-stem\/wp-content\/uploads\/sites\/33\/2026\/03\/CR-Conseil-decole-2-19-03-2026.pdf\">CR Conseil d&rsquo;e\u0301cole 2 (19-03-2026)<\/a><a href=\"https:\/\/ee.mlfmonde.org\/nantong-stem\/wp-content\/uploads\/sites\/33\/2026\/03\/CR-Conseil-decole-2-19-03-2026.pdf\" class=\"wp-block-file__button wp-element-button\" download aria-describedby=\"wp-block-file--media-840650c4-ca6f-41eb-a67a-83800622208d\">T\u00e9l\u00e9charger<\/a><\/div>\n\n\n\n<p>Diff\u00e9rents documents administratifs : <\/p>\n\n\n\n<div data-wp-interactive=\"core\/file\" class=\"wp-block-file\"><object data-wp-bind--hidden=\"!state.hasPdfPreview\" hidden class=\"wp-block-file__embed\" data=\"https:\/\/ee.mlfmonde.org\/nantong-stem\/wp-content\/uploads\/sites\/33\/2025\/11\/Listes-des-fournitures-scolaires-25-26.pdf\" type=\"application\/pdf\" style=\"width:100%;height:600px\" aria-label=\"Contenu embarqu\u00e9 Listes des fournitures scolaires 25-26.\"><\/object><a id=\"wp-block-file--media-98379d67-96d4-4308-8381-10a5ea4e9380\" href=\"https:\/\/ee.mlfmonde.org\/nantong-stem\/wp-content\/uploads\/sites\/33\/2025\/11\/Listes-des-fournitures-scolaires-25-26.pdf\">Listes des fournitures scolaires 25-26<\/a><a href=\"https:\/\/ee.mlfmonde.org\/nantong-stem\/wp-content\/uploads\/sites\/33\/2025\/11\/Listes-des-fournitures-scolaires-25-26.pdf\" class=\"wp-block-file__button wp-element-button\" download aria-describedby=\"wp-block-file--media-98379d67-96d4-4308-8381-10a5ea4e9380\">T\u00e9l\u00e9charger<\/a><\/div>\n\n\n\n<div data-wp-interactive=\"core\/file\" class=\"wp-block-file\"><object data-wp-bind--hidden=\"!state.hasPdfPreview\" hidden class=\"wp-block-file__embed\" data=\"https:\/\/ee.mlfmonde.org\/nantong-stem\/wp-content\/uploads\/sites\/33\/2025\/09\/Bulletin-dAdhesion-ASI-Eleve.pdf\" type=\"application\/pdf\" style=\"width:100%;height:600px\" aria-label=\"Contenu embarqu\u00e9 Bulletin d&#039;Adhe\u0301sion ASI Ele\u0300ve.\"><\/object><a id=\"wp-block-file--media-41aa17ce-14b1-4220-80c7-03d10ba5b13a\" href=\"https:\/\/ee.mlfmonde.org\/nantong-stem\/wp-content\/uploads\/sites\/33\/2025\/09\/Bulletin-dAdhesion-ASI-Eleve.pdf\">Bulletin d&rsquo;Adhe\u0301sion ASI Ele\u0300ve<\/a><a href=\"https:\/\/ee.mlfmonde.org\/nantong-stem\/wp-content\/uploads\/sites\/33\/2025\/09\/Bulletin-dAdhesion-ASI-Eleve.pdf\" class=\"wp-block-file__button wp-element-button\" download aria-describedby=\"wp-block-file--media-41aa17ce-14b1-4220-80c7-03d10ba5b13a\">T\u00e9l\u00e9charger<\/a><\/div>\n\n\n\n<hr class=\"wp-block-separator has-alpha-channel-opacity\" \/>\n\n\n\n<div data-wp-interactive=\"core\/file\" class=\"wp-block-file\"><object data-wp-bind--hidden=\"!state.hasPdfPreview\" hidden class=\"wp-block-file__embed\" data=\"https:\/\/ee.mlfmonde.org\/nantong-stem\/wp-content\/uploads\/sites\/33\/2025\/09\/Brochure-ASI-Eleve-PDF-259-Ko.pdf\" type=\"application\/pdf\" style=\"width:100%;height:600px\" aria-label=\"Contenu embarqu\u00e9 Brochure Ele\u0300ve Assurance.\"><\/object><a id=\"wp-block-file--media-966213d8-befc-4635-8a80-d59803f604c3\" href=\"https:\/\/ee.mlfmonde.org\/nantong-stem\/wp-content\/uploads\/sites\/33\/2025\/09\/Brochure-ASI-Eleve-PDF-259-Ko.pdf\">Brochure Ele\u0300ve Assurance<\/a><a href=\"https:\/\/ee.mlfmonde.org\/nantong-stem\/wp-content\/uploads\/sites\/33\/2025\/09\/Brochure-ASI-Eleve-PDF-259-Ko.pdf\" class=\"wp-block-file__button wp-element-button\" download aria-describedby=\"wp-block-file--media-966213d8-befc-4635-8a80-d59803f604c3\">T\u00e9l\u00e9charger<\/a><\/div>\n\n\n\n<div data-wp-interactive=\"core\/file\" class=\"wp-block-file\"><object data-wp-bind--hidden=\"!state.hasPdfPreview\" hidden class=\"wp-block-file__embed\" data=\"https:\/\/ee.mlfmonde.org\/nantong-stem\/wp-content\/uploads\/sites\/33\/2025\/11\/Droit_Image_25-26.pdf\" type=\"application\/pdf\" style=\"width:100%;height:600px\" aria-label=\"Contenu embarqu\u00e9 Droit_Image_25-26.\"><\/object><a id=\"wp-block-file--media-3a752b5f-2f68-4eee-b574-cf23f8e5175f\" href=\"https:\/\/ee.mlfmonde.org\/nantong-stem\/wp-content\/uploads\/sites\/33\/2025\/11\/Droit_Image_25-26.pdf\">Droit_Image_25-26<\/a><a href=\"https:\/\/ee.mlfmonde.org\/nantong-stem\/wp-content\/uploads\/sites\/33\/2025\/11\/Droit_Image_25-26.pdf\" class=\"wp-block-file__button wp-element-button\" download aria-describedby=\"wp-block-file--media-3a752b5f-2f68-4eee-b574-cf23f8e5175f\">T\u00e9l\u00e9charger<\/a><\/div>\n","protected":false},"excerpt":{"rendered":"<p>Vous trouverez les CR des conseils d&rsquo;\u00e9cole ainsi que diff\u00e9rents documents utiles : liste fournitures scolaires, assurance&#8230; Diff\u00e9rents documents administratifs :<\/p>\n","protected":false},"author":153,"featured_media":0,"parent":16,"menu_order":3,"comment_status":"closed","ping_status":"closed","template":"","meta":{"_acf_changed":false,"footnotes":""},"class_list":["post-132","page","type-page","status-publish","czr-hentry"],"acf":[],"_links":{"self":[{"href":"https:\/\/ee.mlfmonde.org\/nantong-stem\/wp-json\/wp\/v2\/pages\/132","targetHints":{"allow":["GET"]}}],"collection":[{"href":"https:\/\/ee.mlfmonde.org\/nantong-stem\/wp-json\/wp\/v2\/pages"}],"about":[{"href":"https:\/\/ee.mlfmonde.org\/nantong-stem\/wp-json\/wp\/v2\/types\/page"}],"author":[{"embeddable":true,"href":"https:\/\/ee.mlfmonde.org\/nantong-stem\/wp-json\/wp\/v2\/users\/153"}],"replies":[{"embeddable":true,"href":"https:\/\/ee.mlfmonde.org\/nantong-stem\/wp-json\/wp\/v2\/comments?post=132"}],"version-history":[{"count":10,"href":"https:\/\/ee.mlfmonde.org\/nantong-stem\/wp-json\/wp\/v2\/pages\/132\/revisions"}],"predecessor-version":[{"id":1134,"href":"https:\/\/ee.mlfmonde.org\/nantong-stem\/wp-json\/wp\/v2\/pages\/132\/revisions\/1134"}],"up":[{"embeddable":true,"href":"https:\/\/ee.mlfmonde.org\/nantong-stem\/wp-json\/wp\/v2\/pages\/16"}],"wp:attachment":[{"href":"https:\/\/ee.mlfmonde.org\/nantong-stem\/wp-json\/wp\/v2\/media?parent=132"}],"curies":[{"name":"wp","href":"https:\/\/api.w.org\/{rel}","templated":true}]}}