{"id":449,"date":"2017-11-09T10:41:17","date_gmt":"2017-11-09T10:41:17","guid":{"rendered":"http:\/\/ee.mlfmonde.org\/muanda-perenco\/?page_id=449"},"modified":"2025-06-30T08:31:23","modified_gmt":"2025-06-30T08:31:23","slug":"calendrier-scolaire-2017-2018","status":"publish","type":"page","link":"https:\/\/ee.mlfmonde.org\/muanda-perenco\/calendrier-scolaire-2017-2018\/","title":{"rendered":"Calendrier scolaire 2025\/2026"},"content":{"rendered":"<h1 style=\"text-align: center\"><\/h1>\n<p style=\"text-align: center\"><span style=\"color: #ff0000\">Le contexte sanitaire imposera peut-\u00eatre certaines modifications dont vous serez avertis \u00e0 l&rsquo;avance.<\/span><\/p>\n<table>\n<tbody>\n<tr>\n<td width=\"198\"><em>Pr\u00e9rentr\u00e9e des enseignants<\/em><\/td>\n<td width=\"397\">\u00a0 28,29 ao\u00fbt et 1er septembre<\/td>\n<\/tr>\n<tr>\n<td width=\"198\"><em>Rentr\u00e9e des \u00e9l\u00e8ves<\/em><\/td>\n<td width=\"397\">Mardi 2 septembre de PS \u00e0 CM2 et rentr\u00e9e \u00e9chelonn\u00e9e pour les TPS<\/td>\n<\/tr>\n<tr>\n<td width=\"198\"><em>Vacances de Toussaint<\/em><\/td>\n<td width=\"397\">Du vendredi 17\/10 apr\u00e8s la classe au lundi 3\/11 au matin<\/td>\n<\/tr>\n<tr>\n<td width=\"198\"><em>Vacances de No\u00ebl<\/em><\/td>\n<td width=\"397\">Du mardi 16\/12 apr\u00e8s la classe au mercredi 07\/01 au matin<\/td>\n<\/tr>\n<tr>\n<td width=\"198\"><em>Vacances d\u2019hiver<\/em><\/td>\n<td width=\"397\">Du vendredi 20\/02 apr\u00e8s la classe au lundi 09\/03 au matin<\/td>\n<\/tr>\n<tr>\n<td width=\"198\"><em>Vacances de P\u00e2ques<\/em><\/td>\n<td width=\"397\">Du jeudi du 16\/04 apr\u00e8s la classe au mardi\u00a0 05\/05 au matin<\/td>\n<\/tr>\n<tr>\n<td width=\"198\"><em>Fin d\u2019ann\u00e9e scolaire<\/em><\/td>\n<td width=\"397\">Vendredi 26 juin apr\u00e8s la classe<\/td>\n<\/tr>\n<\/tbody>\n<\/table>\n","protected":false},"excerpt":{"rendered":"<p>Le contexte sanitaire imposera peut-\u00eatre certaines modifications dont vous serez avertis \u00e0 l&rsquo;avance. Pr\u00e9rentr\u00e9e des enseignants \u00a0 28,29 ao\u00fbt et 1er septembre Rentr\u00e9e des \u00e9l\u00e8ves Mardi 2 septembre de PS \u00e0 CM2 et rentr\u00e9e \u00e9chelonn\u00e9e pour les TPS Vacances de Toussaint Du vendredi 17\/10 apr\u00e8s la classe au lundi 3\/11 au matin Vacances de No\u00ebl [&hellip;]<\/p>\n","protected":false},"author":124,"featured_media":0,"parent":0,"menu_order":0,"comment_status":"closed","ping_status":"closed","template":"","meta":{"_acf_changed":false,"footnotes":""},"class_list":["post-449","page","type-page","status-publish","czr-hentry"],"acf":[],"_links":{"self":[{"href":"https:\/\/ee.mlfmonde.org\/muanda-perenco\/wp-json\/wp\/v2\/pages\/449","targetHints":{"allow":["GET"]}}],"collection":[{"href":"https:\/\/ee.mlfmonde.org\/muanda-perenco\/wp-json\/wp\/v2\/pages"}],"about":[{"href":"https:\/\/ee.mlfmonde.org\/muanda-perenco\/wp-json\/wp\/v2\/types\/page"}],"author":[{"embeddable":true,"href":"https:\/\/ee.mlfmonde.org\/muanda-perenco\/wp-json\/wp\/v2\/users\/124"}],"replies":[{"embeddable":true,"href":"https:\/\/ee.mlfmonde.org\/muanda-perenco\/wp-json\/wp\/v2\/comments?post=449"}],"version-history":[{"count":20,"href":"https:\/\/ee.mlfmonde.org\/muanda-perenco\/wp-json\/wp\/v2\/pages\/449\/revisions"}],"predecessor-version":[{"id":6502,"href":"https:\/\/ee.mlfmonde.org\/muanda-perenco\/wp-json\/wp\/v2\/pages\/449\/revisions\/6502"}],"wp:attachment":[{"href":"https:\/\/ee.mlfmonde.org\/muanda-perenco\/wp-json\/wp\/v2\/media?parent=449"}],"curies":[{"name":"wp","href":"https:\/\/api.w.org\/{rel}","templated":true}]}}