{"id":24,"date":"2017-09-09T11:16:03","date_gmt":"2017-09-09T11:16:03","guid":{"rendered":"http:\/\/ee.mlfmonde.org\/muanda-perenco\/?page_id=24"},"modified":"2025-10-30T12:27:55","modified_gmt":"2025-10-30T12:27:55","slug":"periscolaire","status":"publish","type":"page","link":"https:\/\/ee.mlfmonde.org\/muanda-perenco\/periscolaire\/","title":{"rendered":"P\u00e9riscolaire"},"content":{"rendered":"<p style=\"text-align: center\"><strong>Les activit\u00e9s p\u00e9riscolaires<\/strong><\/p>\n<p>Elles se d\u00e9roulent tous les lundis et vendredis de 14h \u00e0 15h30 \u00e0 partir du mois d\u2019octobre et jusqu&rsquo;\u00e0 la f\u00eate de fin d&rsquo;ann\u00e9e. Elles sont \u00e0 vis\u00e9e \u00e9ducative, centr\u00e9es sur sport et culture.<\/p>\n<p>Elles d\u00e9buteront cette ann\u00e9e le lundi 29 septembre.\u00a0 Elles n\u2019ont pas de caract\u00e8re obligatoire, mais l\u2019inscription implique une participation assidue.<\/p>\n<p>Chaque activit\u00e9 dure 40 min. L\u2019inscription se faisant pour un apr\u00e8s-midi entier, chaque \u00e9l\u00e8ve pratiquera 2 activit\u00e9s diff\u00e9rentes.<\/p>\n<p>Liste des activit\u00e9s possibles pour l&rsquo;ann\u00e9e 2025\/2026<\/p>\n<ul>\n<li>Le lundi\u00a0:\n<ul>\n<li>Djemb\u00e9\/danse<\/li>\n<li>Marionnettes<\/li>\n<li>Webradio<\/li>\n<li>Tennis<\/li>\n<li>Bricolage\/couture\/cuisine<\/li>\n<li>TENAFEP (r\u00e9serv\u00e9e au CM2)<\/li>\n<li>Dessin<\/li>\n<\/ul>\n<\/li>\n<li>Le vendredi\u00a0:\n<ul>\n<li>Activit\u00e9s sportives (une par trimestre)<\/li>\n<li>Jeux de soci\u00e9t\u00e9<\/li>\n<li>Webradio (r\u00e9serv\u00e9 aux CE2, CM1 et CM2)<\/li>\n<li>Chorale<\/li>\n<li>Danse<\/li>\n<li>Judo<\/li>\n<li>Multi-activit\u00e9s (r\u00e9serv\u00e9e au GS)<\/li>\n<\/ul>\n<\/li>\n<\/ul>\n<p>Chaque trimestre, il est possible de changer d&rsquo;activit\u00e9. Pour cela, il faut pr\u00e9venir le directeur en fin de trimestre afin de r\u00e9organiser les groupes avant le d\u00e9but du trimestre suivant.<\/p>\n","protected":false},"excerpt":{"rendered":"<p>Les activit\u00e9s p\u00e9riscolaires Elles se d\u00e9roulent tous les lundis et vendredis de 14h \u00e0 15h30 \u00e0 partir du mois d\u2019octobre et jusqu&rsquo;\u00e0 la f\u00eate de fin d&rsquo;ann\u00e9e. Elles sont \u00e0 vis\u00e9e \u00e9ducative, centr\u00e9es sur sport et culture. Elles d\u00e9buteront cette ann\u00e9e le lundi 29 septembre.\u00a0 Elles n\u2019ont pas de caract\u00e8re obligatoire, mais l\u2019inscription implique une [&hellip;]<\/p>\n","protected":false},"author":124,"featured_media":0,"parent":0,"menu_order":0,"comment_status":"closed","ping_status":"closed","template":"","meta":{"_acf_changed":false,"footnotes":""},"class_list":["post-24","page","type-page","status-publish","czr-hentry"],"acf":[],"_links":{"self":[{"href":"https:\/\/ee.mlfmonde.org\/muanda-perenco\/wp-json\/wp\/v2\/pages\/24","targetHints":{"allow":["GET"]}}],"collection":[{"href":"https:\/\/ee.mlfmonde.org\/muanda-perenco\/wp-json\/wp\/v2\/pages"}],"about":[{"href":"https:\/\/ee.mlfmonde.org\/muanda-perenco\/wp-json\/wp\/v2\/types\/page"}],"author":[{"embeddable":true,"href":"https:\/\/ee.mlfmonde.org\/muanda-perenco\/wp-json\/wp\/v2\/users\/124"}],"replies":[{"embeddable":true,"href":"https:\/\/ee.mlfmonde.org\/muanda-perenco\/wp-json\/wp\/v2\/comments?post=24"}],"version-history":[{"count":14,"href":"https:\/\/ee.mlfmonde.org\/muanda-perenco\/wp-json\/wp\/v2\/pages\/24\/revisions"}],"predecessor-version":[{"id":6550,"href":"https:\/\/ee.mlfmonde.org\/muanda-perenco\/wp-json\/wp\/v2\/pages\/24\/revisions\/6550"}],"wp:attachment":[{"href":"https:\/\/ee.mlfmonde.org\/muanda-perenco\/wp-json\/wp\/v2\/media?parent=24"}],"curies":[{"name":"wp","href":"https:\/\/api.w.org\/{rel}","templated":true}]}}