{"id":1077,"date":"2018-03-15T13:18:40","date_gmt":"2018-03-15T13:18:40","guid":{"rendered":"http:\/\/ee.mlfmonde.org\/muanda-perenco\/?page_id=1077"},"modified":"2024-03-20T15:13:43","modified_gmt":"2024-03-20T15:13:43","slug":"inscriptions","status":"publish","type":"page","link":"https:\/\/ee.mlfmonde.org\/muanda-perenco\/inscriptions\/","title":{"rendered":"Inscriptions"},"content":{"rendered":"<h2 class=\"m_-1237262653975247014MsoNoSpacing\" align=\"center\"><b><u>Inscriptions pour l\u2019ann\u00e9e scolaire 2024\/2025<\/u><\/b><\/h2>\n<p align=\"center\"><strong>Cette proc\u00e9dure ne concerne que les nouveaux \u00e9l\u00e8ves.<\/strong><\/p>\n<p class=\"m_-1237262653975247014MsoNoSpacing\">Les inscriptions se font par ann\u00e9e scolaire en fonction de l\u2019\u00e2ge en ann\u00e9e civile. Par exemple :<u><\/u><u><\/u><\/p>\n<p class=\"m_-1237262653975247014MsoNoSpacing\"><u><\/u>\u00a0 \u00a0 \u00a0 \u00a0 \u00a0 \u00a0 \u00a0o\u00a0\u00a0\u00a0<u><\/u>Garderie\/TPS : enfants n\u00e9s apr\u00e8s le 31\/12\/2021<u><\/u><\/p>\n<p class=\"m_-1237262653975247014MsoNoSpacing\"><u><\/u>\u00a0 \u00a0 \u00a0 \u00a0 \u00a0 \u00a0 \u00a0o\u00a0\u00a0\u00a0<u><\/u>PS : n\u00e9s entre le 01\/01\/2021 et le 31\/12\/2021<\/p>\n<p><span style=\"text-decoration: underline\">Proc\u00e9dure \u00e0 suivre:<\/span><\/p>\n<p class=\"m_-1237262653975247014MsoNoSpacing\"><u><\/u>\u00a01)\u00a0<u><\/u>Dossier de demande (formulaire ci-dessous \u00e0 t\u00e9l\u00e9charger et compl\u00e9ter + <strong>lettre<\/strong><strong>\u00a0de motivation pour les nouvelles familles):<\/strong><\/p>\n<p><u><\/u>\u00a0 \u00a0 \u00a0 \u00a0 \u00a0 \u00a0 \u00a0 \u00a0&#8211;\u00a0 \u00a0<u><\/u>\u00e0 d\u00e9poser \u00e0 l\u2019\u00e9cole\u00a0<u><\/u><\/p>\n<p style=\"text-align: left\">\u00a0 \u00a0 \u00a0 \u00a0 \u00a0 \u00a0 \u00a0 \u00a0 \u00a0 \u00a0 \u00a0 \u00a0 \u00a0 \u00a0ou<\/p>\n<p class=\"m_-1237262653975247014MsoNoSpacing\" style=\"text-align: left\"><u><\/u>\u00a0 \u00a0 \u00a0 \u00a0 \u00a0 \u00a0 \u00a0 \u00a0&#8211;\u00a0\u00a0\u00a0<u><\/u>\u00e0 envoyer par mail \u00e0 l\u2019adresse suivante\u00a0:\u00a0<span style=\"color: #3366ff\"><a style=\"color: #3366ff\" href=\"mailto:direcole@cd.perenco.com\" target=\"_blank\" rel=\"noopener\">direcole@cd.perenco.com<\/a>\u00a0\u00a0<u><\/u><u><\/u><\/span><\/p>\n<p class=\"m_-1237262653975247014MsoNoSpacing\"><span style=\"color: #ff0000\">Date butoir de d\u00e9p\u00f4t\u00a0: mercredi 17 avril 2024<\/span><u><\/u><\/p>\n<p class=\"m_-1237262653975247014MsoNoSpacing\"><u><\/u>2)\u00a0\u00a0<u><\/u>Entretien de la famille avec la directrice sur rendez-vous<u><\/u><u><\/u><\/p>\n<p class=\"m_-1237262653975247014MsoNoSpacing\"><u><\/u>3)\u00a0<u><\/u>Validation des demandes par la commission et communication des r\u00e9sultats fin mai.<u><\/u><u><\/u><\/p>\n<p>&nbsp;<\/p>\n<p><a href=\"http:\/\/ee.mlfmonde.org\/muanda-perenco\/wp-content\/uploads\/sites\/20\/2024\/03\/fiche-dinscription-2024-2025-4.pdf\"><span style=\"color: #ff0000\"><strong>Cliquer ici pour t\u00e9l\u00e9charger la fiche d&rsquo;inscription<\/strong><\/span><\/a><\/p>\n<p>&nbsp;<\/p>\n","protected":false},"excerpt":{"rendered":"<p>Inscriptions pour l\u2019ann\u00e9e scolaire 2024\/2025 Cette proc\u00e9dure ne concerne que les nouveaux \u00e9l\u00e8ves. Les inscriptions se font par ann\u00e9e scolaire en fonction de l\u2019\u00e2ge en ann\u00e9e civile. Par exemple : \u00a0 \u00a0 \u00a0 \u00a0 \u00a0 \u00a0 \u00a0o\u00a0\u00a0\u00a0Garderie\/TPS : enfants n\u00e9s apr\u00e8s le 31\/12\/2021 \u00a0 \u00a0 \u00a0 \u00a0 \u00a0 \u00a0 \u00a0o\u00a0\u00a0\u00a0PS : n\u00e9s entre le 01\/01\/2021 [&hellip;]<\/p>\n","protected":false},"author":124,"featured_media":0,"parent":0,"menu_order":0,"comment_status":"closed","ping_status":"closed","template":"","meta":{"_acf_changed":false,"footnotes":""},"class_list":["post-1077","page","type-page","status-publish","czr-hentry"],"acf":[],"_links":{"self":[{"href":"https:\/\/ee.mlfmonde.org\/muanda-perenco\/wp-json\/wp\/v2\/pages\/1077","targetHints":{"allow":["GET"]}}],"collection":[{"href":"https:\/\/ee.mlfmonde.org\/muanda-perenco\/wp-json\/wp\/v2\/pages"}],"about":[{"href":"https:\/\/ee.mlfmonde.org\/muanda-perenco\/wp-json\/wp\/v2\/types\/page"}],"author":[{"embeddable":true,"href":"https:\/\/ee.mlfmonde.org\/muanda-perenco\/wp-json\/wp\/v2\/users\/124"}],"replies":[{"embeddable":true,"href":"https:\/\/ee.mlfmonde.org\/muanda-perenco\/wp-json\/wp\/v2\/comments?post=1077"}],"version-history":[{"count":30,"href":"https:\/\/ee.mlfmonde.org\/muanda-perenco\/wp-json\/wp\/v2\/pages\/1077\/revisions"}],"predecessor-version":[{"id":6114,"href":"https:\/\/ee.mlfmonde.org\/muanda-perenco\/wp-json\/wp\/v2\/pages\/1077\/revisions\/6114"}],"wp:attachment":[{"href":"https:\/\/ee.mlfmonde.org\/muanda-perenco\/wp-json\/wp\/v2\/media?parent=1077"}],"curies":[{"name":"wp","href":"https:\/\/api.w.org\/{rel}","templated":true}]}}