{"id":354,"date":"2016-03-29T10:55:22","date_gmt":"2016-03-29T10:55:22","guid":{"rendered":"http:\/\/ee.mlfmonde.org\/moanda-comilog\/?page_id=354"},"modified":"2016-04-08T19:21:05","modified_gmt":"2016-04-08T19:21:05","slug":"tournoi-de-football-2016","status":"publish","type":"page","link":"https:\/\/ee.mlfmonde.org\/moanda-comilog\/tournoi-de-football-2016","title":{"rendered":"Tournoi de football 2016"},"content":{"rendered":"<p><span style=\"font-size: 14px\"><span style=\"font-family: comic sans ms,cursive\">Le <span style=\"color: #a52a2a\"><strong><span style=\"font-size: 16px\">samedi 19 mars<\/span><\/strong><\/span>, comme chaque ann\u00e9e, <span style=\"color: #800000\"><strong><span style=\"font-size: 16px\">le tournoi de football<\/span><\/strong><\/span> a r\u00e9uni les \u00e9l\u00e8ves pour une rencontre conviviale entre les \u00e9quipes africaines repr\u00e9sent\u00e9es.<\/span><\/span><\/p>\n<p><span style=\"font-size: 14px\"><span style=\"font-family: comic sans ms,cursive\">Au total, seize \u00e9quipes se sont disput\u00e9 la coupe.<\/span><\/span><\/p>\n<p><span style=\"font-size: 14px\"><span style=\"font-family: comic sans ms,cursive\">Dans une premi\u00e8re partie, les quatre terrains trac\u00e9s pour l&rsquo;occasion \u00e0 l&rsquo;EPC ont accueilli chacun une poule :<\/span><\/span><\/p>\n<p><span style=\"font-size: 14px\"><span style=\"font-family: comic sans ms,cursive\">Sur le <strong><u>terrain n\u00b01<\/u><\/strong>, la poule A a vu s&rsquo;affronter : l&rsquo;<strong><em><span style=\"font-size: 18px\"><span style=\"color: #800080\">Angola<\/span><\/span><\/em><\/strong>, l&rsquo;<strong><em><span style=\"font-size: 18px\"><span style=\"color: #800080\">Alg\u00e9rie<\/span><\/span><\/em><\/strong>, l&rsquo;<strong><em><span style=\"font-size: 18px\"><span style=\"color: #800080\">Afrique du Sud<\/span><\/span><\/em><\/strong> et le <strong><em><span style=\"font-size: 18px\"><span style=\"color: #800080\">B\u00e9nin<\/span><\/span><\/em><\/strong>.<\/span><\/span><\/p>\n<p><span style=\"font-size: 14px\"><span style=\"font-family: comic sans ms,cursive\">Sur le <strong><u>terrain n\u00b02<\/u><\/strong>, ce sont les \u00e9quipes du <strong><em><span style=\"font-size: 18px\"><span style=\"color: #800080\">Burkina Faso<\/span><\/span><\/em><\/strong>, du <strong><em><span style=\"font-size: 18px\"><span style=\"color: #800080\">Cameroun<\/span><\/span><\/em><\/strong>, du <strong><em><span style=\"font-size: 18px\"><span style=\"color: #800080\">Congo<\/span><\/span><\/em><\/strong> et de l&rsquo;<strong><em><span style=\"font-size: 18px\"><span style=\"color: #800080\">Egypte<\/span><\/span><\/em><\/strong> qui composaient la poule B.<\/span><\/span><\/p>\n<p><span style=\"font-size: 14px\"><span style=\"font-family: comic sans ms,cursive\">Sur le <strong><u>terrain n\u00b03<\/u><\/strong>, le <strong><em><span style=\"font-size: 18px\"><span style=\"color: #800080\">Gabon<\/span><\/span><\/em><\/strong>, le <strong><em><span style=\"font-size: 18px\"><span style=\"color: #800080\">Kenya<\/span><\/span><\/em><\/strong>, le <strong><em><span style=\"font-size: 18px\"><span style=\"color: #800080\">Ghana<\/span><\/span><\/em><\/strong> et le <strong><em><span style=\"font-size: 18px\"><span style=\"color: #800080\">Maroc<\/span><\/span><\/em><\/strong> ont relev\u00e9s le d\u00e9fi de la poule C.<\/span><\/span><\/p>\n<p><span style=\"font-size: 14px\"><span style=\"font-family: comic sans ms,cursive\">Enfin, sur le <strong><u>terrain n\u00b04<\/u><\/strong>, la poule D, compos\u00e9e du<span style=\"color: #800080\"><span style=\"font-size: 18px\"><strong><em> Nigeria<\/em><\/strong><\/span><\/span>, du <span style=\"color: #800080\"><span style=\"font-size: 18px\"><strong><em>S\u00e9n\u00e9gal<\/em><\/strong><\/span><\/span>, du <span style=\"color: #800080\"><span style=\"font-size: 18px\"><strong><em>Soudan<\/em><\/strong><\/span><\/span> et de la <span style=\"color: #800080\"><span style=\"font-size: 18px\"><strong><em>Tanzanie<\/em><\/strong><\/span><\/span> a pu se d\u00e9rouler sans incident.<\/span><\/span><\/p>\n<p>&nbsp;<\/p>\n<p><span style=\"font-size: 14px\"><span style=\"font-family: comic sans ms,cursive\">Apr\u00e8s les rencontres de chaque \u00e9quipe avec ses trois rivales, un classement a \u00e9t\u00e9 \u00e9tabli, et les meilleures \u00e9quipes de chaque poule ont \u00e9t\u00e9 retenues pour les demi-finales.<\/span><\/span><\/p>\n<p><span style=\"font-size: 14px\"><span style=\"font-family: comic sans ms,cursive\">Pendant cette pause, les \u00e9l\u00e8ves reprenaient des forces gr\u00e2ce au go\u00fbter offert par l&rsquo;A.P.E.<\/span><\/span><\/p>\n<p><span style=\"font-size: 14px\"><span style=\"font-family: comic sans ms,cursive\">Apr\u00e8s la pause, <span style=\"font-size: 16px\"><strong><span style=\"color: #0000cd\">la premi\u00e8re demi-finale<\/span><\/strong><\/span> a vu l&rsquo;<span style=\"font-size: 16px\"><strong><span style=\"color: #0000cd\">Afrique du Sud<\/span><\/strong><\/span> (vainqueur de la poule A) s&rsquo;imposer 1 \u00e0 0 face \u00e0 l&rsquo;<span style=\"font-size: 16px\"><strong><span style=\"color: #0000cd\">Egypte<\/span><\/strong><\/span> (vainqueur de la poule B).<\/span><\/span><\/p>\n<p><span style=\"font-size: 14px\"><span style=\"font-family: comic sans ms,cursive\">La <strong><span style=\"color: #0000cd\"><span style=\"font-size: 16px\">deuxi\u00e8me demi-finale<\/span><\/span><\/strong>, <strong><span style=\"color: #0000cd\"><span style=\"font-size: 16px\">Gabon<\/span><\/span><\/strong>(vainqueur de la poule C) &#8211; <strong><span style=\"color: #0000cd\"><span style=\"font-size: 16px\">Soudan<\/span><\/span><\/strong>(Vainqueur de la poule D) s&rsquo;est sold\u00e9e par un match nul et les p\u00e9naltys ont donc d\u00e9partag\u00e9 ces \u00e9quipes. Score final : 4 \u00e0 3 pour le Soudan.<\/span><\/span><\/p>\n<p><span style=\"font-size: 14px\"><span style=\"font-family: comic sans ms,cursive\">Lors du match de<strong><span style=\"color: #008000\"> la petite finale, L&rsquo;Egypte a vaincu le Gabon 2 \u00e0 0<\/span><\/strong>.<\/span><\/span><\/p>\n<p><span style=\"font-size: 14px\"><span style=\"font-family: comic sans ms,cursive\">Enfin, c&rsquo;est <span style=\"font-size: 18px\"><strong><span style=\"color: #b22222\">le <\/span><u><span style=\"font-size: 20px\"><span style=\"color: #ff0000\">Soudan <\/span><\/span><\/u><span style=\"color: #b22222\">qui est sorti grand vainqueur de ce tournoi, en battant l&rsquo;Afrique du Sud<\/span><\/strong><\/span> lors des prolongations, 2 buts \u00e0 1.<\/span><\/span><\/p>\n<p>Tous les r\u00e9sultats en cliquant ici :<\/p>\n<p><a href=\"http:\/\/ee.mlfmonde.org\/moanda-comilog\/wp-content\/uploads\/sites\/10\/2016\/03\/FOOT2016-22.jpg\" rel=\"attachment wp-att-398\"><img fetchpriority=\"high\" decoding=\"async\" class=\"alignnone wp-image-398\" src=\"http:\/\/ee.mlfmonde.org\/moanda-comilog\/wp-content\/uploads\/sites\/10\/2016\/03\/FOOT2016-22-300x212.jpg\" alt=\"FOOT2016-22\" width=\"321\" height=\"227\" srcset=\"https:\/\/ee.mlfmonde.org\/moanda-comilog\/wp-content\/uploads\/sites\/10\/2016\/03\/FOOT2016-22-300x212.jpg 300w, https:\/\/ee.mlfmonde.org\/moanda-comilog\/wp-content\/uploads\/sites\/10\/2016\/03\/FOOT2016-22-768x543.jpg 768w, https:\/\/ee.mlfmonde.org\/moanda-comilog\/wp-content\/uploads\/sites\/10\/2016\/03\/FOOT2016-22-1024x724.jpg 1024w\" sizes=\"(max-width: 321px) 100vw, 321px\" \/><\/a><\/p>\n<p><span style=\"font-size: 22px\"><span style=\"color: #000000\"><span style=\"font-family: comic sans ms,cursive\">Un grand bravo \u00e0 tous les \u00e9l\u00e8ves pour leur fair-play et leur participation !<\/span><\/span><\/span><\/p>\n<p><span style=\"text-decoration: underline\"><span style=\"font-family: comic sans ms,cursive;color: #ff0000;text-decoration: underline\">Des photos de la rencontre :<\/span><\/span><\/p>\n<div id=\"su_slider_69d64a097f6b4\" class=\"su-slider su-slider-centered su-slider-pages-yes su-slider-responsive-yes\" style=\"width:100%\" data-autoplay=\"3000\" data-speed=\"1000\" data-mousewheel=\"true\"><div class=\"su-slider-slides\"><div class=\"su-slider-slide\"><a><img decoding=\"async\" src=\"https:\/\/ee.mlfmonde.org\/moanda-comilog\/wp-content\/uploads\/sites\/10\/2016\/03\/FOOT2016-10.jpg\" alt=\"FOOT2016-10\" \/><\/a><\/div><div class=\"su-slider-slide\"><a><img decoding=\"async\" src=\"https:\/\/ee.mlfmonde.org\/moanda-comilog\/wp-content\/uploads\/sites\/10\/2016\/03\/FOOT2016-02.jpg\" alt=\"FOOT2016-02\" \/><\/a><\/div><div class=\"su-slider-slide\"><a><img decoding=\"async\" src=\"https:\/\/ee.mlfmonde.org\/moanda-comilog\/wp-content\/uploads\/sites\/10\/2016\/03\/FOOT2016-03.jpg\" alt=\"FOOT2016-03\" \/><\/a><\/div><div class=\"su-slider-slide\"><a><img decoding=\"async\" src=\"https:\/\/ee.mlfmonde.org\/moanda-comilog\/wp-content\/uploads\/sites\/10\/2016\/03\/FOOT2016-01-1.jpg\" alt=\"FOOT2016-01\" \/><\/a><\/div><div class=\"su-slider-slide\"><a><img decoding=\"async\" src=\"https:\/\/ee.mlfmonde.org\/moanda-comilog\/wp-content\/uploads\/sites\/10\/2016\/03\/FOOT2016-04-e1459372594523.jpg\" alt=\"FOOT2016-04\" \/><\/a><\/div><div class=\"su-slider-slide\"><a><img decoding=\"async\" src=\"https:\/\/ee.mlfmonde.org\/moanda-comilog\/wp-content\/uploads\/sites\/10\/2016\/03\/FOOT2016-12.jpg\" alt=\"FOOT2016-12\" \/><\/a><\/div><div class=\"su-slider-slide\"><a><img decoding=\"async\" src=\"https:\/\/ee.mlfmonde.org\/moanda-comilog\/wp-content\/uploads\/sites\/10\/2016\/03\/FOOT2016-09-e1459372273825.jpg\" alt=\"FOOT2016-09\" \/><\/a><\/div><div class=\"su-slider-slide\"><a><img decoding=\"async\" src=\"https:\/\/ee.mlfmonde.org\/moanda-comilog\/wp-content\/uploads\/sites\/10\/2016\/03\/FOOT2016-13.jpg\" alt=\"FOOT2016-13\" \/><\/a><\/div><div class=\"su-slider-slide\"><a><img decoding=\"async\" src=\"https:\/\/ee.mlfmonde.org\/moanda-comilog\/wp-content\/uploads\/sites\/10\/2016\/03\/FOOT2016-14.jpg\" alt=\"FOOT2016-14\" \/><\/a><\/div><div class=\"su-slider-slide\"><a><img decoding=\"async\" src=\"https:\/\/ee.mlfmonde.org\/moanda-comilog\/wp-content\/uploads\/sites\/10\/2016\/03\/FOOT2016-21-e1459371786102.jpg\" alt=\"FOOT2016-21\" \/><\/a><\/div><div class=\"su-slider-slide\"><a><img decoding=\"async\" src=\"https:\/\/ee.mlfmonde.org\/moanda-comilog\/wp-content\/uploads\/sites\/10\/2016\/03\/FOOT2016-19.jpg\" alt=\"FOOT2016-19\" \/><\/a><\/div><div class=\"su-slider-slide\"><a><img decoding=\"async\" src=\"https:\/\/ee.mlfmonde.org\/moanda-comilog\/wp-content\/uploads\/sites\/10\/2016\/03\/FOOT2016-17.jpg\" alt=\"FOOT2016-17\" \/><\/a><\/div><div class=\"su-slider-slide\"><a><img decoding=\"async\" src=\"https:\/\/ee.mlfmonde.org\/moanda-comilog\/wp-content\/uploads\/sites\/10\/2016\/03\/FOOT2016-16.jpg\" alt=\"FOOT2016-16\" \/><\/a><\/div><div class=\"su-slider-slide\"><a><img decoding=\"async\" src=\"https:\/\/ee.mlfmonde.org\/moanda-comilog\/wp-content\/uploads\/sites\/10\/2016\/03\/FOOT2016-18-e1459371741155.jpg\" alt=\"FOOT2016-18\" \/><\/a><\/div><div class=\"su-slider-slide\"><a><img decoding=\"async\" src=\"https:\/\/ee.mlfmonde.org\/moanda-comilog\/wp-content\/uploads\/sites\/10\/2016\/03\/FOOT2016-15-e1459371832529.jpg\" alt=\"FOOT2016-15\" \/><\/a><\/div><div class=\"su-slider-slide\"><a><img decoding=\"async\" src=\"https:\/\/ee.mlfmonde.org\/moanda-comilog\/wp-content\/uploads\/sites\/10\/2016\/03\/FOOT2016-08-e1459372386510.jpg\" alt=\"FOOT2016-08\" \/><\/a><\/div><div class=\"su-slider-slide\"><a><img decoding=\"async\" src=\"https:\/\/ee.mlfmonde.org\/moanda-comilog\/wp-content\/uploads\/sites\/10\/2016\/03\/FOOT2016-07-e1459372457562.jpg\" alt=\"FOOT2016-07\" \/><\/a><\/div><div class=\"su-slider-slide\"><a><img decoding=\"async\" src=\"https:\/\/ee.mlfmonde.org\/moanda-comilog\/wp-content\/uploads\/sites\/10\/2016\/03\/FOOT2016-11-e1459371971415.jpg\" alt=\"FOOT2016-11\" \/><\/a><\/div><div class=\"su-slider-slide\"><a><img decoding=\"async\" src=\"https:\/\/ee.mlfmonde.org\/moanda-comilog\/wp-content\/uploads\/sites\/10\/2016\/03\/FOOT2016-05.jpg\" alt=\"FOOT2016-05\" \/><\/a><\/div><div class=\"su-slider-slide\"><a><img decoding=\"async\" src=\"https:\/\/ee.mlfmonde.org\/moanda-comilog\/wp-content\/uploads\/sites\/10\/2016\/03\/FOOT2016-06-e1459372535870.jpg\" alt=\"FOOT2016-06\" \/><\/a><\/div><\/div><div class=\"su-slider-nav\"><div class=\"su-slider-direction\"><span class=\"su-slider-prev\"><\/span><span class=\"su-slider-next\"><\/span><\/div><div class=\"su-slider-pagination\"><\/div><\/div><\/div>\n<p><span style=\"font-size: 14px;color: #0000ff\"><span style=\"font-family: comic sans ms,cursive;font-size: 26px\">A l&rsquo;ann\u00e9e prochaine !<\/span><\/span><\/p>\n<p>&nbsp;<\/p>\n","protected":false},"excerpt":{"rendered":"<p>Le samedi 19 mars, comme chaque ann\u00e9e, le tournoi de football a r\u00e9uni les \u00e9l\u00e8ves pour une rencontre conviviale entre les \u00e9quipes africaines repr\u00e9sent\u00e9es. Au total, seize \u00e9quipes se sont disput\u00e9 la coupe. Dans une premi\u00e8re partie, les quatre terrains trac\u00e9s pour l&rsquo;occasion \u00e0 l&rsquo;EPC ont accueilli chacun une poule : Sur le terrain n\u00b01, [&hellip;]<\/p>\n","protected":false},"author":59,"featured_media":391,"parent":0,"menu_order":0,"comment_status":"closed","ping_status":"closed","template":"","meta":{"_acf_changed":false,"footnotes":""},"class_list":["post-354","page","type-page","status-publish","has-post-thumbnail","czr-hentry"],"acf":[],"_links":{"self":[{"href":"https:\/\/ee.mlfmonde.org\/moanda-comilog\/wp-json\/wp\/v2\/pages\/354","targetHints":{"allow":["GET"]}}],"collection":[{"href":"https:\/\/ee.mlfmonde.org\/moanda-comilog\/wp-json\/wp\/v2\/pages"}],"about":[{"href":"https:\/\/ee.mlfmonde.org\/moanda-comilog\/wp-json\/wp\/v2\/types\/page"}],"author":[{"embeddable":true,"href":"https:\/\/ee.mlfmonde.org\/moanda-comilog\/wp-json\/wp\/v2\/users\/59"}],"replies":[{"embeddable":true,"href":"https:\/\/ee.mlfmonde.org\/moanda-comilog\/wp-json\/wp\/v2\/comments?post=354"}],"version-history":[{"count":9,"href":"https:\/\/ee.mlfmonde.org\/moanda-comilog\/wp-json\/wp\/v2\/pages\/354\/revisions"}],"predecessor-version":[{"id":481,"href":"https:\/\/ee.mlfmonde.org\/moanda-comilog\/wp-json\/wp\/v2\/pages\/354\/revisions\/481"}],"wp:featuredmedia":[{"embeddable":true,"href":"https:\/\/ee.mlfmonde.org\/moanda-comilog\/wp-json\/wp\/v2\/media\/391"}],"wp:attachment":[{"href":"https:\/\/ee.mlfmonde.org\/moanda-comilog\/wp-json\/wp\/v2\/media?parent=354"}],"curies":[{"name":"wp","href":"https:\/\/api.w.org\/{rel}","templated":true}]}}