{"id":351,"date":"2016-03-29T10:51:23","date_gmt":"2016-03-29T10:51:23","guid":{"rendered":"http:\/\/ee.mlfmonde.org\/moanda-comilog\/?page_id=351"},"modified":"2016-05-12T06:58:08","modified_gmt":"2016-05-12T06:58:08","slug":"note-de-rentree","status":"publish","type":"page","link":"https:\/\/ee.mlfmonde.org\/moanda-comilog\/note-de-rentree","title":{"rendered":"Note de rentr\u00e9e"},"content":{"rendered":"<p><span style=\"font-family: tahoma,arial,helvetica,sans-serif\"><span style=\"text-decoration: underline\"><span style=\"color: #800000\"><strong><span style=\"font-size: 18pt\">Quelques informations pour les nouveaux parents d&rsquo;\u00e9l\u00e8ves<\/span><\/strong><\/span><\/span><\/span><br \/>\n<span style=\"font-family: comic sans ms,sans-serif;color: #ff0000;font-size: large\"><span style=\"font-size: 20pt\">Bienvenue ! Mbolo !<\/span><\/span><\/p>\n<p style=\"text-align: justify\"><span style=\"font-family: tahoma,arial,helvetica,sans-serif\"><br \/>\n<span style=\"color: #0000ff;font-size: 12pt\"><span style=\"color: #000080\"><strong><span style=\"text-decoration: underline\">Rappel<\/span><\/strong><\/span> :<\/span><br \/>\n<span style=\"color: #0000ff;font-size: 12pt\">L&rsquo;\u00e9cole primaire COMILOG de Moanda ou EPC est une \u00e9cole priv\u00e9e et homologu\u00e9e de la moyenne section au CM2 par le minist\u00e8re de l&rsquo;Education Nationale fran\u00e7ais. Les programmes enseign\u00e9s sont les programmes scolaires fran\u00e7ais, et son fonctionnement est similaire \u00e0 une \u00e9cole fran\u00e7aise. Elle<br \/>\naccueille des \u00e9l\u00e8ves de la moyenne section au CM2. Elle a pour vocation d&rsquo;accueillir les enfants des cadres de la COMILOG. Le directeur affecte les nouveaux \u00e9l\u00e8ves dans les classes en fonction de leur ann\u00e9e de naissance et de leur niveau scolaire, un test de niveau pouvant \u00eatre effectu\u00e9 si n\u00e9cessaire.<\/span><\/span><\/p>\n<p style=\"text-align: justify\"><span style=\"font-family: tahoma,arial,helvetica,sans-serif\"><br \/>\n<span style=\"text-decoration: underline\"><strong><span style=\"font-size: large\"><span style=\"font-size: 12pt;color: #0000ff\">1) <span style=\"color: #000080\">Les horaires <\/span>:<\/span><\/span><\/strong><\/span><br \/>\n<span style=\"font-size: 12pt;color: #0000ff\">Les classes fonctionnent le matin de 7h30 \u00e0 11h30 et l&rsquo;apr\u00e8s-midi de 14h00 \u00e0 16h00, le lundi, mardi, jeudi et vendredi. Le mercredi matin, de 9h30 \u00e0<br \/>\n11h30 est consacr\u00e9 uniquement \u00e0 l&rsquo;aide personnalis\u00e9e pour les \u00e9l\u00e8ves qui doivent b\u00e9n\u00e9ficier d&rsquo;un soutien scolaire. La surveillance est assur\u00e9e \u00e0 partir de 7h20 et de 13h50. Elle ne s&rsquo;exerce que dans l&rsquo;enceinte de l&rsquo;\u00e9cole et pendant les heures r\u00e9glementaires. En dehors de ces horaires, la responsabilit\u00e9 des enseignants ne pourra \u00eatre engag\u00e9e.<br \/>\nLes \u00e9l\u00e8ves ne peuvent ni p\u00e9n\u00e9trer dans la cour avant l&rsquo;heure fix\u00e9e, ni rester dans l&rsquo;enceinte de l&rsquo;\u00e9cole une fois les cours achev\u00e9s. Les parents des \u00e9l\u00e8ves de maternelle doivent accompagner leur(s) enfant(s) dans la classe, et venir le(s) chercher dans la classe. S&rsquo;ils ne peuvent effectuer eux-m\u00eames cette prise en charge, ils doivent obligatoirement renseigner un formulaire \u00ab autorisation de prise en charge d&rsquo;un enfant \u00e0 l&rsquo;\u00e9cole maternelle \u00bb et le remettre \u00e0 l&rsquo;enseignant de leur enfant. Une garderie gratuite assur\u00e9e par du personnel de l&rsquo;\u00e9cole est mise en place de 11h30 \u00e0 12h00 et de 16h00 \u00e0 16h30 les lundis, mardis, jeudis et vendredis. En cas de n\u00e9gligence r\u00e9p\u00e9t\u00e9e ou de mauvaise volont\u00e9 de la part des parents pour venir reprendre leur(s) enfant(s) \u00e0 l&rsquo;heure de sortie par ce r\u00e8glement, des sanctions seront appliqu\u00e9es.<\/span><\/span><\/p>\n<p style=\"text-align: justify\"><span style=\"font-family: tahoma,arial,helvetica,sans-serif\"><br \/>\n<span style=\"font-size: large\"><span style=\"text-decoration: underline\"><strong><span style=\"font-size: 12pt;color: #0000ff\">2) Assiduit\u00e9\/ Ponctualit\u00e9<\/span><\/strong><\/span><\/span><br \/>\n<span style=\"font-size: 12pt;color: #0000ff\">Les absences et les retards doivent \u00eatre exceptionnels. La ponctualit\u00e9 et l&rsquo;assiduit\u00e9 contribuent \u00e0 la r\u00e9ussite des \u00e9l\u00e8ves. Toute absence doit \u00eatre justifi\u00e9e par les parents par une note \u00e9crite sur le cahier de liaison, et pour une absence de plus de 72 heures, un certificat m\u00e9dical sera exig\u00e9. Il est conseill\u00e9 de rattraper le travail effectu\u00e9 en classe pendant l&rsquo;absence de l&rsquo;\u00e9l\u00e8ve. Tous les retards doivent \u00eatre justifi\u00e9s par les parents soit par t\u00e9l\u00e9phone, soit par une note manuscrite. Les \u00e9l\u00e8ves en retard doivent passer au bureau du directeur pour r\u00e9cup\u00e9rer un billet de retard.<\/span><\/span><\/p>\n<p style=\"text-align: justify\"><span style=\"font-family: tahoma,arial,helvetica,sans-serif\"><br \/>\n<span style=\"text-decoration: underline\"><strong><span style=\"color: #000080\"><span style=\"font-size: 12pt\">3) Fournitures scolaires :<\/span><\/span><\/strong><\/span><br \/>\n<span style=\"font-size: 12pt;color: #0000ff\">L&rsquo;\u00e9cole remet \u00e0 chaque \u00e9l\u00e8ve les fournitures scolaires n\u00e9cessaires \u00e0 la scolarit\u00e9. Les parents s&rsquo;acquitteront d&rsquo;une somme de 35 000 FCFA pour l&rsquo;achat de ce trousseau \u00e0 la rentr\u00e9e scolaire. Un re\u00e7u sera alors remis aux payeurs. Cette somme est d\u00e9gressive en fonction du nombre d&rsquo;enfants de la m\u00eame famille<\/span> <span style=\"font-size: 12pt;color: #0000ff\">(65 000 FCFA pour 2 enfants, 90 000 FCFA pour 3 enfants de la m\u00eame famille, 120 000 FCFA pour 4 enfants de la m\u00eame famille).<\/span><br \/>\n<span style=\"font-size: 12pt;color: #0000ff\">Tout mat\u00e9riel scolaire (manuel, jeu \u00e9ducatif) non rendu, d\u00e9truit ou d\u00e9t\u00e9rior\u00e9 par les \u00e9l\u00e8ves sera factur\u00e9 aux familles des \u00e9l\u00e8ves concern\u00e9s.<\/span><br \/>\n<span style=\"font-size: 12pt;color: #0000ff\">Tout livre pr\u00eat\u00e9 par l&rsquo;\u00e9cole (en classe ou par la biblioth\u00e8que), perdu ou ab\u00eem\u00e9 devra \u00eatre remplac\u00e9 \u00e0 l&rsquo;identique ou rembours\u00e9 (de 5 000 FCFA \u00e0 15<br \/>\n000 FCFA).<\/span><\/span><\/p>\n<p style=\"text-align: justify\"><span style=\"font-family: tahoma,arial,helvetica,sans-serif;color: #000080;font-size: medium\"><span style=\"text-decoration: underline\"><strong><span style=\"font-size: 12pt\">4) Maladies infectieuses &#8211; hygi\u00e8ne:<\/span><\/strong><\/span><\/span><span style=\"font-family: tahoma,arial,helvetica,sans-serif\"><br \/>\n<span style=\"font-size: 12pt;color: #0000ff\">En cas de maladie contagieuse, l&rsquo;enfant victime devra rester \u00e0 la maison, l&rsquo;\u00e9viction scolaire s&rsquo;appliquant. Il ne pourra revenir en classe qu&rsquo;apr\u00e8s gu\u00e9rison totale et sur avis m\u00e9dical.<\/span><br \/>\n<span style=\"font-size: 12pt;color: #0000ff\">En cas de signalement de la pr\u00e9sence de poux ou autre parasitose, une information sera distribu\u00e9e aux \u00e9l\u00e8ves et affich\u00e9e pr\u00e9conisant la n\u00e9cessit\u00e9 d&rsquo;effectuer un traitement antiparasitaire.<\/span><br \/>\n<span style=\"font-size: 12pt;color: #0000ff\">Il appartient aux parents d&rsquo;informer les enseignants et le directeur par \u00e9crit sur la sant\u00e9 de leur enfant. En cas de n\u00e9cessit\u00e9 absolue pour leur enfant de prendre des m\u00e9dicaments pendant le temps scolaire, \u00e0 la demande des parents un protocole devra \u00eatre au pr\u00e9alable sign\u00e9 entre les parents et l&rsquo;\u00e9cole.<\/span><\/span><\/p>\n<p style=\"text-align: justify\"><span style=\"font-family: tahoma,arial,helvetica,sans-serif\"><span style=\"text-decoration: underline\"><strong><span style=\"color: #000080;font-size: large\"><span style=\"font-size: 12pt\">5) Contr\u00f4le du travail par les parents :<\/span><\/span><\/strong><\/span><br \/>\n<span style=\"font-size: 12pt;color: #0000ff\">P\u00e9riodiquement, l&rsquo;enseignant(e) remet aux \u00e9l\u00e8ves leurs cahiers, leurs contr\u00f4les portant une appr\u00e9ciation sur le travail et \u00e9ventuellement sur le comportement de l&rsquo;enfant. Les parents doivent les signer apr\u00e8s en avoir pris connaissance et les rendre aux enfants afin qu&rsquo;ils les rapportent ensuite en classe.<\/span><\/span><\/p>\n<p style=\"text-align: justify\"><span style=\"font-family: tahoma,arial,helvetica,sans-serif\"><span style=\"color: #000080;font-size: large\"><span style=\"text-decoration: underline\"><strong><span style=\"font-size: 12pt\">6) Accueil des parents :<\/span><\/strong><\/span><\/span><br \/>\n<span style=\"font-size: 12pt;color: #0000ff\">Afin de ne pas perturber le bon fonctionnement de la classe, les parents ne rencontreront les enseignants qu&rsquo;en dehors des heures de classe apr\u00e8s avoir convenu avec eux d&rsquo;un rendez-vous au pr\u00e9alable.<\/span><\/span><\/p>\n<p style=\"text-align: justify\"><span style=\"font-family: tahoma,arial,helvetica,sans-serif;color: #000080\"><span style=\"text-decoration: underline\"><strong><span style=\"font-size: large\"><span style=\"font-size: 12pt\">7) Divers :<\/span><\/span><\/strong><\/span><\/span><span style=\"font-family: tahoma,arial,helvetica,sans-serif\"><br \/>\n<span style=\"color: #800080\"><em><span style=\"font-size: 12pt\"><span style=\"text-decoration: underline\">Le r\u00f4le de l&rsquo;Assistante maternelle <\/span>:<\/span><\/em><\/span><span style=\"font-size: 12pt;color: #0000ff\">Ce n&rsquo;est pas une enseignante, elle n&rsquo;est pas responsable p\u00e9dagogique de la classe, cette responsabilit\u00e9 incombe \u00e0 l&rsquo;enseignant(e) de la classe. Elle aide la ma\u00eetresse \u00e0 pr\u00e9parer sa classe, peut diriger un atelier dans la classe, participe \u00e0 la surveillance des \u00e9l\u00e8ves.<\/span><br \/>\n<span style=\"color: #800080\"><span style=\"font-size: 12pt\"><span style=\"text-decoration: underline\"><em>Le r\u00f4le de l&rsquo;enseignant(e)<\/em><\/span> :<\/span><\/span><span style=\"font-size: 12pt;color: #0000ff\">Il est le responsable de la classe et de la p\u00e9dagogie mise en place. Il accompagne les \u00e9l\u00e8ves dans les apprentissages. C&rsquo;est \u00e0 lui que vous devez vous adresser pour le suivi scolaire de votre enfant.<\/span><br \/>\n<span style=\"font-size: 12pt;color: #0000ff\"><em><span style=\"text-decoration: underline\"><span style=\"color: #800080\">Les niveaux de classe<\/span><\/span><span style=\"color: #800080\"> :<\/span><\/em> \u00e0 la <span style=\"color: #ff0000\"><strong>rentr\u00e9e 2016<\/strong><\/span><\/span><\/span><\/p>\n<table style=\"text-align: center\" border=\"4\" width=\"600\" rules=\"all\">\n<tbody>\n<tr>\n<td><span style=\"font-family: tahoma,arial,helvetica,sans-serif\"><span style=\"font-size: 12pt;color: #0000ff\"><span style=\"color: #ff0000\"><strong>Ann\u00e9e de naissance des \u00e9l\u00e8ves\u00a0<\/strong><\/span><br \/>\n<\/span><\/span><\/td>\n<td><span style=\"font-family: tahoma,arial,helvetica,sans-serif;color: #ff0000\"><strong><span style=\"font-size: 12pt\">Classe fran\u00e7aise<\/span><\/strong><\/span><\/td>\n<td><span style=\"font-family: tahoma,arial,helvetica,sans-serif;color: #ff0000\"><strong><span style=\"font-size: 12pt\">Classe gabonaise<\/span><\/strong><\/span><\/td>\n<\/tr>\n<tr>\n<td><span style=\"font-family: tahoma,arial,helvetica,sans-serif;color: #0000ff;font-size: 12pt\"><span style=\"font-size: 12pt;color: #0000ff\">2012<\/span><\/span><\/td>\n<td><span style=\"font-family: tahoma,arial,helvetica,sans-serif;color: #0000ff;font-size: 12pt\">MS<\/span><\/td>\n<td><span style=\"font-family: tahoma,arial,helvetica,sans-serif;color: #0000ff;font-size: 12pt\"><span style=\"font-size: 12pt;color: #0000ff\">Classe de 4 ans<\/span><\/span><\/td>\n<\/tr>\n<tr>\n<td><span style=\"font-family: tahoma,arial,helvetica,sans-serif;color: #0000ff;font-size: 12pt\"><span style=\"font-size: 12pt;color: #0000ff\">2011<\/span><\/span><\/td>\n<td><span style=\"font-family: tahoma,arial,helvetica,sans-serif;color: #0000ff;font-size: 12pt\">GS<\/span><\/td>\n<td><span style=\"font-family: tahoma,arial,helvetica,sans-serif;color: #0000ff;font-size: 12pt\"><span style=\"font-size: 12pt;color: #0000ff\">Classe de 5 ans<\/span><\/span><\/td>\n<\/tr>\n<tr>\n<td><span style=\"font-family: tahoma,arial,helvetica,sans-serif;color: #0000ff;font-size: 12pt\"><span style=\"font-size: 12pt;color: #0000ff\">2010<\/span><\/span><\/td>\n<td><span style=\"font-family: tahoma,arial,helvetica,sans-serif;color: #0000ff;font-size: 12pt\">CP<\/span><\/td>\n<td><span style=\"font-family: tahoma,arial,helvetica,sans-serif;color: #0000ff;font-size: 12pt\">1\u00e8re ann\u00e9e<br \/>\n<\/span><\/td>\n<\/tr>\n<tr>\n<td><span style=\"font-family: tahoma,arial,helvetica,sans-serif;color: #0000ff;font-size: 12pt\"><span style=\"font-size: 12pt;color: #0000ff\">2009<\/span><span style=\"font-size: 12pt;color: #0000ff\"><br \/>\n<\/span><\/span><\/td>\n<td><span style=\"font-family: tahoma,arial,helvetica,sans-serif;color: #0000ff;font-size: 12pt\">CE1<\/span><\/td>\n<td><span style=\"font-family: tahoma,arial,helvetica,sans-serif;color: #0000ff;font-size: 12pt\">2\u00e8me ann\u00e9e<br \/>\n<\/span><\/td>\n<\/tr>\n<tr>\n<td><span style=\"font-family: tahoma,arial,helvetica,sans-serif;color: #0000ff;font-size: 12pt\">2008<\/span><\/td>\n<td><span style=\"font-family: tahoma,arial,helvetica,sans-serif;color: #0000ff;font-size: 12pt\">CE2<\/span><\/td>\n<td><span style=\"font-family: tahoma,arial,helvetica,sans-serif;color: #0000ff;font-size: 12pt\">3\u00e8me ann\u00e9e<\/span><\/td>\n<\/tr>\n<tr>\n<td><span style=\"font-family: tahoma,arial,helvetica,sans-serif;color: #0000ff;font-size: 12pt\">2007<br \/>\n<\/span><\/td>\n<td><span style=\"font-family: tahoma,arial,helvetica,sans-serif;color: #0000ff;font-size: 12pt\">CM1<\/span><\/td>\n<td><span style=\"font-family: tahoma,arial,helvetica,sans-serif;color: #0000ff;font-size: 12pt\">4\u00e8me ann\u00e9e<\/span><\/td>\n<\/tr>\n<tr>\n<td><span style=\"font-family: tahoma,arial,helvetica,sans-serif;color: #0000ff;font-size: 12pt\">2006<\/span><\/td>\n<td><span style=\"font-family: tahoma,arial,helvetica,sans-serif;color: #0000ff;font-size: 12pt\">CM2<\/span><\/td>\n<td><span style=\"font-family: tahoma,arial,helvetica,sans-serif;color: #0000ff;font-size: 12pt\">5\u00e8me ann\u00e9e<\/span><\/td>\n<\/tr>\n<\/tbody>\n<\/table>\n<p style=\"text-align: justify\"><span style=\"font-family: tahoma,arial,helvetica,sans-serif\"><span style=\"text-decoration: underline;color: #800080\"><em><span style=\"font-size: 12pt\">Coordonn\u00e9es t\u00e9l\u00e9phoniques des parents ou tuteurs :<\/span><\/em><\/span><br \/>\n<span style=\"font-size: 12pt;color: #0000ff\">Merci de d\u00e9livrer \u00e0 l&rsquo;\u00e9cole des coordonn\u00e9es t\u00e9l\u00e9phoniques fiables. En cas de changement de num\u00e9ro de t\u00e9l\u00e9phone, il est <strong>indispensable <\/strong>de pr\u00e9venir le secr\u00e9tariat de l&rsquo;\u00e9cole.<\/span><br \/>\n<\/span><\/p>\n<p><span style=\"font-family: tahoma,arial,helvetica,sans-serif\"><span style=\"color: #800080\"><em><span style=\"text-decoration: underline\"><span style=\"font-size: 12pt\">Coordonn\u00e9es de l&rsquo;\u00e9cole :<\/span><\/span><\/em><\/span><br \/>\n<span style=\"font-size: 12pt;color: #0000ff\">ECOLE PRIMAIRE COMILOG BP 27\/28 MOANDA &#8211; GABON T\u00e9l : 00 241 O1 66 52 18<\/span><br \/>\n<span style=\"font-size: 12pt;color: #0000ff\">Site internet : <a href=\"http:\/\/ee.mlfmonde.org\/moanda-comilog\/\">http:\/\/ee.mlfmonde.org\/moanda-comilog\/<\/a><\/span><\/span><\/p>\n<p><span style=\"font-family: tahoma,arial,helvetica,sans-serif\"><span style=\"text-decoration: underline\"><br \/>\n<\/span><span style=\"font-size: 12pt;color: #0000ff\"><span style=\"text-decoration: underline\"><em><span style=\"color: #800080\">Calendrier des vacances scolaires :<\/span><\/em><\/span><br \/>\n<\/span><\/span><\/p>\n<p>Vacances d&rsquo;automne : du vendredi 28 octobre 2016 apr\u00e8s la classe au lundi 7 novembre 2016 au matin (1 semaine)<\/p>\n<p>Vacances de fin d&rsquo;ann\u00e9e : du mardi 20 d\u00e9cembre 2016 apr\u00e8s la classe au jeudi 5 janvier 2017 au matin (2 semaines)<\/p>\n<p>Vacances d&rsquo;hiver : du vendredi 24 f\u00e9vrier 2017 apr\u00e8s la classe au lundi 6 mars 2017 au matin (1 semaine)<\/p>\n<p>Vacances de printemps : du vendredi 21 avril 2017 apr\u00e8s la classe au lundi 8 mai 2017 au matin (2 semaines)<\/p>\n<p>Fin des cours vendredi 30 juin 2017 apr\u00e8s la classe<\/p>\n<p><span style=\"font-family: tahoma,arial,helvetica,sans-serif\"><br \/>\n<span style=\"font-size: 12pt;color: #0000ff\">La rentr\u00e9e des classes aura lieu <strong>lundi 12 septembre 2016 \u00e0 7h30<br \/>\n<\/strong><\/span><\/span><\/p>\n<p><span style=\"font-family: tahoma,arial,helvetica,sans-serif\"><br \/>\n<span style=\"font-size: 12pt;color: #0000ff\">Le directeur G. FARINEAU<\/span><\/span><\/p>\n<p>&nbsp;<\/p>\n","protected":false},"excerpt":{"rendered":"<p>Quelques informations pour les nouveaux parents d&rsquo;\u00e9l\u00e8ves Bienvenue ! Mbolo ! Rappel : L&rsquo;\u00e9cole primaire COMILOG de Moanda ou EPC est une \u00e9cole priv\u00e9e et homologu\u00e9e de la moyenne section au CM2 par le minist\u00e8re de l&rsquo;Education Nationale fran\u00e7ais. Les programmes enseign\u00e9s sont les programmes scolaires fran\u00e7ais, et son fonctionnement est similaire \u00e0 une \u00e9cole [&hellip;]<\/p>\n","protected":false},"author":59,"featured_media":0,"parent":0,"menu_order":0,"comment_status":"closed","ping_status":"closed","template":"","meta":{"_acf_changed":false,"footnotes":""},"class_list":["post-351","page","type-page","status-publish","czr-hentry"],"acf":[],"_links":{"self":[{"href":"https:\/\/ee.mlfmonde.org\/moanda-comilog\/wp-json\/wp\/v2\/pages\/351","targetHints":{"allow":["GET"]}}],"collection":[{"href":"https:\/\/ee.mlfmonde.org\/moanda-comilog\/wp-json\/wp\/v2\/pages"}],"about":[{"href":"https:\/\/ee.mlfmonde.org\/moanda-comilog\/wp-json\/wp\/v2\/types\/page"}],"author":[{"embeddable":true,"href":"https:\/\/ee.mlfmonde.org\/moanda-comilog\/wp-json\/wp\/v2\/users\/59"}],"replies":[{"embeddable":true,"href":"https:\/\/ee.mlfmonde.org\/moanda-comilog\/wp-json\/wp\/v2\/comments?post=351"}],"version-history":[{"count":3,"href":"https:\/\/ee.mlfmonde.org\/moanda-comilog\/wp-json\/wp\/v2\/pages\/351\/revisions"}],"predecessor-version":[{"id":664,"href":"https:\/\/ee.mlfmonde.org\/moanda-comilog\/wp-json\/wp\/v2\/pages\/351\/revisions\/664"}],"wp:attachment":[{"href":"https:\/\/ee.mlfmonde.org\/moanda-comilog\/wp-json\/wp\/v2\/media?parent=351"}],"curies":[{"name":"wp","href":"https:\/\/api.w.org\/{rel}","templated":true}]}}