{"id":290,"date":"2016-03-02T10:15:44","date_gmt":"2016-03-02T10:15:44","guid":{"rendered":"http:\/\/ee.mlfmonde.org\/moanda-comilog\/?page_id=290"},"modified":"2020-03-12T08:58:08","modified_gmt":"2020-03-12T08:58:08","slug":"administration","status":"publish","type":"page","link":"https:\/\/ee.mlfmonde.org\/moanda-comilog\/administration","title":{"rendered":"Administration"},"content":{"rendered":"<p><!-- [if gte mso 9]&gt;--><\/p>\n<p><strong>Mot d&rsquo;activation du Groupe WHATSAPP<\/strong><\/p>\n<p>&nbsp;<\/p>\n<p>Madame, Monsieur, chers parents.<\/p>\n<p>L&rsquo;EPC a activ\u00e9 les comptes classe what&rsquo;s app afin de pouvoir diffuser les informations importantes concernant notre communaut\u00e9 scolaire. Ce n&rsquo;est pas un forum, ni un lieu de discussion. Vous ne pourrez donc pas utiliser ce canal pour \u00e9changer avec les enseignants ou l&rsquo;administration.<\/p>\n<p>Les diffusions g\u00e9n\u00e9rales seront doubl\u00e9es sur l&rsquo;application educartable:\u00a0<a href=\"https:\/\/app.educartable.com\/home\">https:\/\/app.educartable.com\/home<\/a>\u00a0\u00e0 votre adresse personnelle sous l&rsquo;onglet \u00ab\u00a0message\u00a0\u00bb.<\/p>\n<p>&nbsp;<\/p>\n<p>Pour nous contacter et \u00e9changer, vous pourrez utiliser d&rsquo;autres canaux plus appropri\u00e9s:<\/p>\n<p>&#8211; pour contacter l&rsquo;administration, les mails et le t\u00e9l\u00e9phone: secretaire.moanda@mlfmonde.org, direction.moanda.ecole@mlfmonde.org, et le t\u00e9l\u00e9phone suivant 01 66 52 18<\/p>\n<p>&#8211; pour contacter les enseignants: l&rsquo;application educartable:\u00a0<a href=\"https:\/\/app.educartable.com\/home\">https:\/\/app.educartable.com\/home<\/a>\u00a0\u00e0 votre adresse personnelle sous l&rsquo;onglet \u00ab\u00a0message\u00a0\u00bb, <strong>les cahiers jaunes<\/strong><\/p>\n<p>&nbsp;<\/p>\n<p>Rappel pour avoir acc\u00e8s \u00e0 l&rsquo;application Educartable sur t\u00e9l\u00e9phone et\/ou ordinateur:<\/p>\n<ol>\n<li>Charger l&rsquo;adresse suivante sur votre ordinateur <a href=\"https:\/\/www.educartable.com\/\">https:\/\/www.educartable.com<\/a> ou t\u00e9l\u00e9charger \u00ab\u00a0Educartable &#8211; Portail Familles\u00a0\u00bb sur Google Play et l&rsquo;Apple Store.<\/li>\n<li>\u00c0 votre premi\u00e8re connexion, l&rsquo;application vous proposera de cr\u00e9er un compte parent avec l&rsquo;adresse email de votre choix. Si vous avez plusieurs enfants, seul un compte est n\u00e9cessaire: Cliquer sur \u00ab\u00a0Inscription\u00a0\u00bb<\/li>\n<li>Remplir le formulaire en utilisant une adresse mail que vous pouvez utiliser facilement en particulier sur les t\u00e9l\u00e9phones portables<\/li>\n<li>Choisir un mot de passe simple: par exemple: papa123. Ce n&rsquo;est pas un compte bancaire!<\/li>\n<li>Confirmer ensuite votre inscription en allant sur votre boite mail et cliquer\u00a0sur le lien re\u00e7u<\/li>\n<li>Connectez vous sur <a href=\"http:\/\/www.educartable.com\/\">www.educartable.com<\/a> \u00e0 nouveau en mettant votre adresse mail et votre mot de passe<\/li>\n<li>Enregistrer ce mot de passe et vous n&rsquo;aurez plus \u00e0 ressaisir ni le mail, ni l&rsquo;adresse<\/li>\n<li>Dans l&rsquo;onglet \u00ab\u00a0Enfants\u00a0\u00bb cliquez sur \u00ab\u00a0Ajouter un nouvel enfant\u00a0\u00bbpuis saisissez les informations ci-dessous :<\/li>\n<\/ol>\n<p>Identifiant : ELEVE&#8230;&#8230;&#8230;.<\/p>\n<p>Mot de passe: &#8230;&#8230;.<\/p>\n<p>qui vous ont \u00e9t\u00e9 communiqu\u00e9es en d\u00e9but d&rsquo;ann\u00e9e et dont les feuilles sont coll\u00e9es dans les cahiers jaunes!<\/p>\n<p>C&rsquo;est tout ! Vous n&rsquo;aurez plus besoin de code ensuite.<\/p>\n<p>Toutes les familles doivent se connecter sur cette application pour avoir acc\u00e8s aux informations suivantes durant toute la scolarit\u00e9 des enfants \u00e0 l&rsquo;EPC:<\/p>\n<p>&#8211; Acc\u00e8s \u00e0 la messagerie pour \u00e9changer avec les enseignants<\/p>\n<p>&#8211; Acc\u00e8s\u00a0au cahier de texte pour les devoirs des \u00e9l\u00e8ves<\/p>\n<p>&#8211; Acc\u00e8s aux livrets scolaires dont la signature num\u00e9rique est obligatoire (un clique suffit), indiquant le d\u00e9roulement de la scolarit\u00e9 de l&rsquo;enfant et son admission en classe sup\u00e9rieure.<\/p>\n<p>&nbsp;<\/p>\n<p>A bient\u00f4t \u00e0 l&rsquo;EPC<\/p>\n<p>Le directeur<\/p>\n<p>St\u00e9phane MIAUX<\/p>\n<p>&nbsp;<\/p>\n<p>&nbsp;<\/p>\n<p>&nbsp;<\/p>\n<p class=\"MsoNormal\"><span style=\"font-size: 12.0pt;line-height: 115%;font-family: 'Tahoma','sans-serif'\">Voici l\u2019essentiel des <b><u><span style=\"color: red\">informations administratives<\/span><\/u><\/b> relatives \u00e0 notre \u00e9cole\u00a0:<\/span><\/p>\n<ul>\n<li class=\"MsoListParagraphCxSpFirst\" style=\"text-indent: -18.0pt;line-height: 150%\"><span style=\"font-size: 12.0pt;line-height: 150%;font-family: Symbol;color: #006600\">\u00b7<span style=\"font: 7.0pt 'Times New Roman'\">\u00a0\u00a0\u00a0\u00a0\u00a0\u00a0 <\/span><\/span><a href=\"http:\/\/ee.mlfmonde.org\/moanda-comilog\/organigramme\"><b><span style=\"font-size: 12.0pt;line-height: 150%;font-family: 'Tahoma','sans-serif';color: #006600\">l\u2019organigramme<\/span><\/b><\/a><\/li>\n<li class=\"MsoListParagraphCxSpMiddle\" style=\"text-indent: -18.0pt;line-height: 150%\">\u00b7<span style=\"font: 7.0pt 'Times New Roman'\">\u00a0\u00a0\u00a0\u00a0\u00a0\u00a0 <\/span><b><a href=\"http:\/\/ee.mlfmonde.org\/moanda-comilog\/projet-decole\"><span style=\"font-size: 12.0pt;line-height: 150%;font-family: 'Tahoma','sans-serif';color: #4b0082\">le projet d\u2019\u00e9cole<\/span><\/a><\/b><\/li>\n<li class=\"MsoListParagraphCxSpMiddle\" style=\"text-indent: -18.0pt;line-height: 150%\">\u00b7<span style=\"font: 7.0pt 'Times New Roman'\">\u00a0\u00a0\u00a0\u00a0\u00a0\u00a0 <\/span><b><a href=\"http:\/\/ee.mlfmonde.org\/moanda-comilog\/reglement-interieur\"><span style=\"font-size: 12.0pt;line-height: 150%;font-family: 'Tahoma','sans-serif';color: #842e1b\">le r\u00e8glement int\u00e9rieur<\/span><\/a><\/b><\/li>\n<li class=\"MsoListParagraphCxSpLast\" style=\"text-indent: -18.0pt;line-height: 150%\">\u00b7<span style=\"font: 7.0pt 'Times New Roman'\">\u00a0\u00a0\u00a0\u00a0\u00a0\u00a0 <\/span><b><a href=\"http:\/\/les conseils d\u2019\u00e9cole\"><span style=\"font-size: 12.0pt;line-height: 150%;font-family: 'Tahoma','sans-serif';color: #730800\">les conseils d\u2019\u00e9cole<\/span><\/a><\/b><\/li>\n<\/ul>\n","protected":false},"excerpt":{"rendered":"<p>Mot d&rsquo;activation du Groupe WHATSAPP &nbsp; Madame, Monsieur, chers parents. L&rsquo;EPC a activ\u00e9 les comptes classe what&rsquo;s app afin de pouvoir diffuser les informations importantes concernant notre communaut\u00e9 scolaire. Ce n&rsquo;est pas un forum, ni un lieu de discussion. Vous ne pourrez donc pas utiliser ce canal pour \u00e9changer avec les enseignants ou l&rsquo;administration. Les [&hellip;]<\/p>\n","protected":false},"author":59,"featured_media":300,"parent":0,"menu_order":0,"comment_status":"closed","ping_status":"closed","template":"","meta":{"_acf_changed":false,"footnotes":""},"class_list":["post-290","page","type-page","status-publish","has-post-thumbnail","czr-hentry"],"acf":[],"_links":{"self":[{"href":"https:\/\/ee.mlfmonde.org\/moanda-comilog\/wp-json\/wp\/v2\/pages\/290","targetHints":{"allow":["GET"]}}],"collection":[{"href":"https:\/\/ee.mlfmonde.org\/moanda-comilog\/wp-json\/wp\/v2\/pages"}],"about":[{"href":"https:\/\/ee.mlfmonde.org\/moanda-comilog\/wp-json\/wp\/v2\/types\/page"}],"author":[{"embeddable":true,"href":"https:\/\/ee.mlfmonde.org\/moanda-comilog\/wp-json\/wp\/v2\/users\/59"}],"replies":[{"embeddable":true,"href":"https:\/\/ee.mlfmonde.org\/moanda-comilog\/wp-json\/wp\/v2\/comments?post=290"}],"version-history":[{"count":10,"href":"https:\/\/ee.mlfmonde.org\/moanda-comilog\/wp-json\/wp\/v2\/pages\/290\/revisions"}],"predecessor-version":[{"id":1726,"href":"https:\/\/ee.mlfmonde.org\/moanda-comilog\/wp-json\/wp\/v2\/pages\/290\/revisions\/1726"}],"wp:featuredmedia":[{"embeddable":true,"href":"https:\/\/ee.mlfmonde.org\/moanda-comilog\/wp-json\/wp\/v2\/media\/300"}],"wp:attachment":[{"href":"https:\/\/ee.mlfmonde.org\/moanda-comilog\/wp-json\/wp\/v2\/media?parent=290"}],"curies":[{"name":"wp","href":"https:\/\/api.w.org\/{rel}","templated":true}]}}