{"id":216,"date":"2016-02-29T17:08:04","date_gmt":"2016-02-29T17:08:04","guid":{"rendered":"http:\/\/ee.mlfmonde.org\/moanda-comilog\/?page_id=216"},"modified":"2020-03-12T08:35:45","modified_gmt":"2020-03-12T08:35:45","slug":"a-la-une","status":"publish","type":"page","link":"https:\/\/ee.mlfmonde.org\/moanda-comilog\/a-la-une","title":{"rendered":"A la une"},"content":{"rendered":"<p><strong>Mot du Directeur de l&rsquo;EPC<\/strong><\/p>\n<p>Madame, Monsieur, chers parents,<\/p>\n<p>La progression du nombre de personnes affect\u00e9es en France et dans le monde par le coronavirus conna\u00eet une progression constante.<\/p>\n<p>De fait, le Gabon a d\u00e9cid\u00e9 ce samedi 7 mars de mesures afin de circonscrire la propagation du Covid-19 sur son territoire. Ces mesures seront communiqu\u00e9es officiellement tr\u00e8s prochainement.<\/p>\n<p>Selon les indications orales donn\u00e9es par les autorit\u00e9s gabonaises \u00e0 l&rsquo;ambassade de France, certaines de ces mesures touchent les \u00e9tablissements scolaires relevant du calendrier scolaire fran\u00e7ais, et dont les vacances d\u2019hiver prennent fin ce dimanche 08 mars.<\/p>\n<p>Un certain nombre d\u2019\u00e9l\u00e8ves, de familles et d\u2019enseignants de ces \u00e9tablissements sont de retour de France (ou d&rsquo;autres \u00ab\u00a0zones \u00e0 risque\u00a0\u00bb), o\u00f9 ils ont s\u00e9journ\u00e9 pendant ces vacances. Face au risque qu&rsquo;ils soient porteurs du coronavirus, ces enseignants et \u00e9l\u00e8ves seront invit\u00e9s \u00e0 rester confin\u00e9s \u00e0 domicile pendant la p\u00e9riode de potentielle incubation de 14 jours \u00e0 compter de leur retour sur le territoire gabonais.<\/p>\n<p>Pour permettre l\u2019identification de ces \u00e9l\u00e8ves et enseignants et \u00e9viter tout risque, d&rsquo;ici l\u00e0, de contamination de l\u2019ensemble de la communaut\u00e9 scolaire, nos \u00e9tablissements resteront ferm\u00e9s jusqu&rsquo;au lundi 16 mars, sur d\u00e9cision des autorit\u00e9s gabonaises.<\/p>\n<p>L&rsquo;ambassade de France attire votre attention sur la n\u00e9cessit\u00e9 de cette mesure, dans un esprit de responsabilit\u00e9, de pr\u00e9vention et de prudence, pour l\u2019ensemble de la communaut\u00e9 \u00e9ducative et de la population r\u00e9sidant au Gabon.<\/p>\n<p><strong>D\u00e8s le 9 mars, tous les parents sont pri\u00e9s de se pr\u00e9senter \u00e0 l\u2019EPC pour signer les d\u00e9clarations concernant leur d\u00e9placement ou non durant les derniers 15 jours.<\/strong><\/p>\n<p>L&rsquo;ambassade de France remercie l&rsquo;ensemble des parents pour leur engagement dans la mise \u0153uvre de cette proc\u00e9dure dont le respect permettra la r\u00e9ouverture le 16 mars de chacun de nos \u00e9tablissement.<\/p>\n<p>St\u00e9phane MIAUX<\/p>\n<p>Chef d&rsquo;\u00e9tablissement<\/p>\n<p>Ecole Primaire COMILOG<\/p>\n<p>Mission La\u00efque Fran\u00e7aise<\/p>\n<p>&nbsp;<\/p>\n","protected":false},"excerpt":{"rendered":"<p>Mot du Directeur de l&rsquo;EPC Madame, Monsieur, chers parents, La progression du nombre de personnes affect\u00e9es en France et dans le monde par le coronavirus conna\u00eet une progression constante. De fait, le Gabon a d\u00e9cid\u00e9 ce samedi 7 mars de mesures afin de circonscrire la propagation du Covid-19 sur son territoire. Ces mesures seront communiqu\u00e9es [&hellip;]<\/p>\n","protected":false},"author":59,"featured_media":267,"parent":0,"menu_order":0,"comment_status":"closed","ping_status":"closed","template":"","meta":{"_acf_changed":false,"footnotes":""},"class_list":["post-216","page","type-page","status-publish","has-post-thumbnail","czr-hentry"],"acf":[],"_links":{"self":[{"href":"https:\/\/ee.mlfmonde.org\/moanda-comilog\/wp-json\/wp\/v2\/pages\/216","targetHints":{"allow":["GET"]}}],"collection":[{"href":"https:\/\/ee.mlfmonde.org\/moanda-comilog\/wp-json\/wp\/v2\/pages"}],"about":[{"href":"https:\/\/ee.mlfmonde.org\/moanda-comilog\/wp-json\/wp\/v2\/types\/page"}],"author":[{"embeddable":true,"href":"https:\/\/ee.mlfmonde.org\/moanda-comilog\/wp-json\/wp\/v2\/users\/59"}],"replies":[{"embeddable":true,"href":"https:\/\/ee.mlfmonde.org\/moanda-comilog\/wp-json\/wp\/v2\/comments?post=216"}],"version-history":[{"count":24,"href":"https:\/\/ee.mlfmonde.org\/moanda-comilog\/wp-json\/wp\/v2\/pages\/216\/revisions"}],"predecessor-version":[{"id":1720,"href":"https:\/\/ee.mlfmonde.org\/moanda-comilog\/wp-json\/wp\/v2\/pages\/216\/revisions\/1720"}],"wp:featuredmedia":[{"embeddable":true,"href":"https:\/\/ee.mlfmonde.org\/moanda-comilog\/wp-json\/wp\/v2\/media\/267"}],"wp:attachment":[{"href":"https:\/\/ee.mlfmonde.org\/moanda-comilog\/wp-json\/wp\/v2\/media?parent=216"}],"curies":[{"name":"wp","href":"https:\/\/api.w.org\/{rel}","templated":true}]}}