{"id":190,"date":"2016-02-29T16:05:45","date_gmt":"2016-02-29T16:05:45","guid":{"rendered":"http:\/\/ee.mlfmonde.org\/moanda-comilog\/?page_id=190"},"modified":"2016-02-29T16:05:45","modified_gmt":"2016-02-29T16:05:45","slug":"bureau-de-la-p-e","status":"publish","type":"page","link":"https:\/\/ee.mlfmonde.org\/moanda-comilog\/bureau-de-la-p-e","title":{"rendered":"Bureau de l&rsquo;A.P.E."},"content":{"rendered":"<p><span style=\"text-decoration: underline\"><b><span style=\"color: red;text-decoration: underline\">BUREAU DE L\u2019APE<\/span><\/b><\/span><\/p>\n<p><span style=\"color: #000000\"><b>Comment int\u00e9grer le bureau&nbsp;?<\/b><\/span><\/p>\n<p><span style=\"color: #000000\">En d\u00e9but d\u2019ann\u00e9e scolaire, une Assembl\u00e9e G\u00e9n\u00e9rale est convoqu\u00e9e pour faire le bilan de l\u2019ann\u00e9e pr\u00e9c\u00e9dente et \u00e9lire le nouveau bureau.<\/span><\/p>\n<p><span style=\"color: #000000\">Les membres du bureau se r\u00e9unissent environ une fois par mois pour l\u2019organisation des diff\u00e9rents \u00e9v\u00e8nements.<\/span><\/p>\n<p style=\"margin-bottom: 0.0001pt;line-height: normal\"><span style=\"color: #000000\"><b>Composition du bureau :<\/b><\/span><\/p>\n<p style=\"margin-bottom: 0.0001pt;line-height: normal\"><span style=\"color: #000000\">Pr\u00e9sidente&nbsp;: Delphine MASSARD<\/span><\/p>\n<p style=\"margin-bottom: 0.0001pt;line-height: normal\"><span style=\"color: #000000\">Vice-Pr\u00e9sident&nbsp;: Kevin MONDJO<\/span><\/p>\n<p style=\"margin-bottom: 0.0001pt;line-height: normal\"><span style=\"color: #000000\">Secr\u00e9taire&nbsp;: Karine KOMBE<\/span><\/p>\n<p style=\"margin-bottom: 0.0001pt;line-height: normal\"><span style=\"color: #000000\">Secr\u00e9taire Adjoint&nbsp;: Bereng\u00e8re DE PORTZAMPARC<\/span><\/p>\n<p style=\"margin-bottom: 0.0001pt;line-height: normal\"><span style=\"color: #000000\">Tr\u00e9sorier&nbsp;: La\u00ebtitia DUBOZE<\/span><\/p>\n<p style=\"margin-bottom: 0.0001pt;line-height: normal\"><span style=\"color: #000000\">Tr\u00e9sorier Adjoint&nbsp;: Linda OLLENDE<\/span><\/p>\n<p style=\"margin-bottom: 0.0001pt;line-height: normal\"><span style=\"color: #000000\">Commissaire aux comptes&nbsp;: F\u00e9licit\u00e9 KOUMBA<\/span><\/p>\n<p style=\"margin-bottom: 0.0001pt;line-height: normal\"><span style=\"color: #000000\">Commissaire aux comptes&nbsp;: Beno\u00eet RENDJOGO<\/span><\/p>\n<p style=\"margin-bottom: 0.0001pt;line-height: normal\"><span style=\"color: #000000\"><b><span style=\"text-decoration: underline\">Membres actifs&nbsp;:<\/span><\/b><\/span><\/p>\n<p style=\"margin-bottom: 0.0001pt;line-height: normal\"><span style=\"color: #000000\">Mme Luciane APARI<\/span><\/p>\n<p style=\"margin-bottom: 0.0001pt;line-height: normal\"><span style=\"color: #000000\">Mme Mounya ANGUELE<\/span><\/p>\n<p style=\"margin-bottom: 0.0001pt;line-height: normal\"><span style=\"color: #000000\">Mme Mireille BATOLO<\/span><\/p>\n<p style=\"margin-bottom: 0.0001pt;line-height: normal\"><span style=\"color: #000000\">M. BAYARI<\/span><\/p>\n<p style=\"margin-bottom: 0.0001pt;line-height: normal\"><span style=\"color: #000000\">M. Parfait BEKUI MOTO<\/span><\/p>\n<p style=\"margin-bottom: 0.0001pt;line-height: normal\"><span style=\"color: #000000\">M. Guy Roger DOUMINGOU<\/span><\/p>\n<p style=\"margin-bottom: 0.0001pt;line-height: normal\"><span style=\"color: #000000\">M. Rodrigue GNAMALENGOUGOU<\/span><\/p>\n<p style=\"margin-bottom: 0.0001pt;line-height: normal\"><span style=\"color: #000000\">Mme Chriss LABOUBA,<\/span><\/p>\n<p style=\"margin-bottom: 0.0001pt;line-height: normal\"><span style=\"color: #000000\">Mme Marie Claude LENDIRA<\/span><\/p>\n<p style=\"margin-bottom: 0.0001pt;line-height: normal\"><span style=\"color: #000000\">M. Macaire LEYAMA<\/span><\/p>\n<p style=\"margin-bottom: 0.0001pt;line-height: normal\"><span style=\"color: #000000\">Mme Pamela MACKELET<\/span><\/p>\n<p style=\"margin-bottom: 0.0001pt;line-height: normal\"><span style=\"color: #000000\">M.Rodrigue MAKOSSO<\/span><\/p>\n<p style=\"margin-bottom: 0.0001pt;line-height: normal\"><span style=\"color: #000000\">M.Jean Fernand MOUKOUANGUI<\/span><\/p>\n<p style=\"margin-bottom: 0.0001pt;line-height: normal\"><span style=\"color: #000000\">Mme MOUPAYA<\/span><\/p>\n<p style=\"margin-bottom: 0.0001pt;line-height: normal\"><span style=\"color: #000000\">Mme Eug\u00e9nie NGABIMA<\/span><\/p>\n<p style=\"margin-bottom: 0.0001pt;line-height: normal\"><span style=\"color: #000000\">Mme Philippine OLIBIGUI<\/span><\/p>\n<p style=\"margin-bottom: 0.0001pt;line-height: normal\"><span style=\"color: #000000\">Mme G\u00e9raldine PAMBOU<\/span><\/p>\n<p style=\"margin-bottom: 0.0001pt;line-height: normal\"><span style=\"color: #000000\">M. SANGOUETABA<\/span><\/p>\n","protected":false},"excerpt":{"rendered":"<p>BUREAU DE L\u2019APE Comment int\u00e9grer le bureau&nbsp;? En d\u00e9but d\u2019ann\u00e9e scolaire, une Assembl\u00e9e G\u00e9n\u00e9rale est convoqu\u00e9e pour faire le bilan de l\u2019ann\u00e9e pr\u00e9c\u00e9dente et \u00e9lire le nouveau bureau. Les membres du bureau se r\u00e9unissent environ une fois par mois pour l\u2019organisation des diff\u00e9rents \u00e9v\u00e8nements. Composition du bureau : Pr\u00e9sidente&nbsp;: Delphine MASSARD Vice-Pr\u00e9sident&nbsp;: Kevin MONDJO Secr\u00e9taire&nbsp;: [&hellip;]<\/p>\n","protected":false},"author":59,"featured_media":0,"parent":0,"menu_order":0,"comment_status":"closed","ping_status":"closed","template":"","meta":{"_acf_changed":false,"footnotes":""},"class_list":["post-190","page","type-page","status-publish","czr-hentry"],"acf":[],"_links":{"self":[{"href":"https:\/\/ee.mlfmonde.org\/moanda-comilog\/wp-json\/wp\/v2\/pages\/190","targetHints":{"allow":["GET"]}}],"collection":[{"href":"https:\/\/ee.mlfmonde.org\/moanda-comilog\/wp-json\/wp\/v2\/pages"}],"about":[{"href":"https:\/\/ee.mlfmonde.org\/moanda-comilog\/wp-json\/wp\/v2\/types\/page"}],"author":[{"embeddable":true,"href":"https:\/\/ee.mlfmonde.org\/moanda-comilog\/wp-json\/wp\/v2\/users\/59"}],"replies":[{"embeddable":true,"href":"https:\/\/ee.mlfmonde.org\/moanda-comilog\/wp-json\/wp\/v2\/comments?post=190"}],"version-history":[{"count":2,"href":"https:\/\/ee.mlfmonde.org\/moanda-comilog\/wp-json\/wp\/v2\/pages\/190\/revisions"}],"predecessor-version":[{"id":1873,"href":"https:\/\/ee.mlfmonde.org\/moanda-comilog\/wp-json\/wp\/v2\/pages\/190\/revisions\/1873"}],"wp:attachment":[{"href":"https:\/\/ee.mlfmonde.org\/moanda-comilog\/wp-json\/wp\/v2\/media?parent=190"}],"curies":[{"name":"wp","href":"https:\/\/api.w.org\/{rel}","templated":true}]}}