{"id":188,"date":"2016-02-29T16:04:32","date_gmt":"2016-02-29T16:04:32","guid":{"rendered":"http:\/\/ee.mlfmonde.org\/moanda-comilog\/?page_id=188"},"modified":"2016-02-29T16:04:32","modified_gmt":"2016-02-29T16:04:32","slug":"lassociation","status":"publish","type":"page","link":"https:\/\/ee.mlfmonde.org\/moanda-comilog\/lassociation","title":{"rendered":"L&rsquo;association"},"content":{"rendered":"<p><span style=\"color: #ff0000;font-size: 18pt\"><b>L&rsquo;Association des Parents d&rsquo;El\u00e8ves : A.P.E.<br \/><\/b><\/span><\/p>\n<p><span style=\"color: #000000\">L\u2019association des Parents d\u2019El\u00e8ves de l\u2019EPC est une association \u00e0 but non lucratif.<\/span><\/p>\n<p><span style=\"color: #000000\">Elle a pour objectif, non seulement, de contribuer \u00e0 la vie sociale de l\u2019\u00e9cole par l\u2019organisation d\u2019\u00e9v\u00e8nements extra-scolaires pour nos enfants, mais aussi, de cr\u00e9er un lien entre les parents et les professeurs en dehors des \u00ab&nbsp;obligations scolaires&nbsp;\u00bb.<\/span><\/p>\n<p><span style=\"color: #000000\">Les fonds de l\u2019APE proviennent, essentiellement, de trois sources&nbsp;:<\/span><\/p>\n<p style=\"text-indent: -18pt\"><span style=\"color: #000000\">&#8211;<span style=\"font: 7pt 'Times New Roman'\">&nbsp;&nbsp;&nbsp;&nbsp;&nbsp;&nbsp;&nbsp;&nbsp;&nbsp; <\/span>La cotisation annuelle de 5000 F par famille (inclue dans le paiement des frais de scolarit\u00e9 et revers\u00e9e par l\u2019EPC \u00e0 l\u2019APE)<\/span><\/p>\n<p style=\"text-indent: -18pt\"><span style=\"color: #000000\">&#8211;<span style=\"font: 7pt 'Times New Roman'\">&nbsp;&nbsp;&nbsp;&nbsp;&nbsp;&nbsp;&nbsp;&nbsp;&nbsp; <\/span>Les b\u00e9n\u00e9fices r\u00e9colt\u00e9s par des activit\u00e9s telles que le Loto,<\/span><\/p>\n<p style=\"text-indent: -18pt\"><span style=\"color: #000000\">&#8211;<span style=\"font: 7pt 'Times New Roman'\">&nbsp;&nbsp;&nbsp;&nbsp;&nbsp;&nbsp;&nbsp;&nbsp;&nbsp; <\/span>ou de divers donateurs&nbsp;: m\u00e9c\u00e8nes et sponsors.<\/span><\/p>\n<p><span style=\"color: #000000\">Ces fonds servent en priorit\u00e9, \u00e0&nbsp;:<\/span><\/p>\n<p style=\"text-indent: -18pt\"><span style=\"color: #000000\">&#8211;<span style=\"font: 7pt 'Times New Roman'\">&nbsp;&nbsp;&nbsp;&nbsp;&nbsp;&nbsp;&nbsp;&nbsp;&nbsp; <\/span>Organiser les sorties de classe,<\/span><\/p>\n<p style=\"text-indent: -18pt\"><span style=\"color: #000000\">&#8211;<span style=\"font: 7pt 'Times New Roman'\">&nbsp;&nbsp;&nbsp;&nbsp;&nbsp;&nbsp;&nbsp;&nbsp;&nbsp; <\/span>Equipement les classes et les cours de r\u00e9cr\u00e9ation, en dehors des investissements pr\u00e9vus par la COMILOG,<\/span><\/p>\n<p style=\"text-indent: -18pt\"><span style=\"color: #000000\">&#8211;<span style=\"font: 7pt 'Times New Roman'\">&nbsp;&nbsp;&nbsp;&nbsp;&nbsp;&nbsp;&nbsp;&nbsp;&nbsp; <\/span>L\u2019achat de livres et de mat\u00e9riels p\u00e9dagogiques<\/span><\/p>\n<p><span style=\"color: #000000\">Tout parent d\u2019\u00e9l\u00e8ve de l\u2019EPC est, de droit, membre de l\u2019APE.<\/span><\/p>\n<p><span style=\"color: #000000\">Aussi, c\u2019est avec plaisir que nous accueillerons tout parent volontaire et motiv\u00e9 que ce soit pour int\u00e9grer le bureau, participer aux manifestations, apporter son aide en fonction de son domaine de comp\u00e9tences\u2026 ou tout simplement donner de nouvelles id\u00e9es.<\/span><\/p>\n<p><span style=\"color: #000000\">Pour cela, vous pouvez nous contacter par mail, \u00e0 l\u2019adresse suivante&nbsp;:<\/span> <a href=\"mailto:apeepccomilog@yahoo.fr\"><\/a><a href=\"mailto:apeepccomilog@yahoo.fr\">apeepccomilog@yahoo.fr<\/a><\/p>\n<p style=\"text-align: center\" align=\"center\"><span style=\"color: #000080\"><b><span style=\"font-family: 'Segoe Print'\">REPONDRE PRESENT A L\u2019APE C\u2019EST PARTICIPER AU BIEN ETRE ET A L\u2019EPANOUISSEMENT DE NOS ENFANTS&nbsp;!<\/span><\/b><\/span><\/p>\n","protected":false},"excerpt":{"rendered":"<p>L&rsquo;Association des Parents d&rsquo;El\u00e8ves : A.P.E. L\u2019association des Parents d\u2019El\u00e8ves de l\u2019EPC est une association \u00e0 but non lucratif. Elle a pour objectif, non seulement, de contribuer \u00e0 la vie sociale de l\u2019\u00e9cole par l\u2019organisation d\u2019\u00e9v\u00e8nements extra-scolaires pour nos enfants, mais aussi, de cr\u00e9er un lien entre les parents et les professeurs en dehors des [&hellip;]<\/p>\n","protected":false},"author":59,"featured_media":0,"parent":0,"menu_order":0,"comment_status":"closed","ping_status":"closed","template":"","meta":{"_acf_changed":false,"footnotes":""},"class_list":["post-188","page","type-page","status-publish","czr-hentry"],"acf":[],"_links":{"self":[{"href":"https:\/\/ee.mlfmonde.org\/moanda-comilog\/wp-json\/wp\/v2\/pages\/188","targetHints":{"allow":["GET"]}}],"collection":[{"href":"https:\/\/ee.mlfmonde.org\/moanda-comilog\/wp-json\/wp\/v2\/pages"}],"about":[{"href":"https:\/\/ee.mlfmonde.org\/moanda-comilog\/wp-json\/wp\/v2\/types\/page"}],"author":[{"embeddable":true,"href":"https:\/\/ee.mlfmonde.org\/moanda-comilog\/wp-json\/wp\/v2\/users\/59"}],"replies":[{"embeddable":true,"href":"https:\/\/ee.mlfmonde.org\/moanda-comilog\/wp-json\/wp\/v2\/comments?post=188"}],"version-history":[{"count":1,"href":"https:\/\/ee.mlfmonde.org\/moanda-comilog\/wp-json\/wp\/v2\/pages\/188\/revisions"}],"predecessor-version":[{"id":189,"href":"https:\/\/ee.mlfmonde.org\/moanda-comilog\/wp-json\/wp\/v2\/pages\/188\/revisions\/189"}],"wp:attachment":[{"href":"https:\/\/ee.mlfmonde.org\/moanda-comilog\/wp-json\/wp\/v2\/media?parent=188"}],"curies":[{"name":"wp","href":"https:\/\/api.w.org\/{rel}","templated":true}]}}