{"id":128,"date":"2016-02-29T09:54:23","date_gmt":"2016-02-29T09:54:23","guid":{"rendered":"http:\/\/ee.mlfmonde.org\/moanda-comilog\/?page_id=128"},"modified":"2016-05-03T10:10:07","modified_gmt":"2016-05-03T10:10:07","slug":"projet-decole","status":"publish","type":"page","link":"https:\/\/ee.mlfmonde.org\/moanda-comilog\/projet-decole","title":{"rendered":"Projet d&rsquo;\u00e9cole"},"content":{"rendered":"<h1 style=\"text-align: center\"><span style=\"color: #333399\">Le projet d&rsquo;\u00e9cole de l&rsquo;EPC 2015\/2018<\/span><\/h1>\n<p style=\"text-align: center\">\n<h4>Comme chaque \u00e9tablissement scolaire\u00a0 homologu\u00e9 par le minist\u00e8re fran\u00e7ais de l&rsquo;Education Nationale, l&rsquo;EPC doit se doter d&rsquo;un projet d&rsquo;\u00e9cole.<\/h4>\n<h4>Pour le r\u00e9diger, l&rsquo;\u00e9quipe p\u00e9dagogique a r\u00e9alis\u00e9 une analyse de la situation de l&rsquo;\u00e9cole, un bilan du projet d&rsquo;\u00e9cole pr\u00e9c\u00e9dent et a d\u00e9termin\u00e9 plusieurs priorit\u00e9s.<\/h4>\n<h4>La priorit\u00e9 principale est,\u00a0 et restera d&rsquo;apporter \u00e0 tous les \u00e9l\u00e8ves un enseignement de qualit\u00e9, rigoureux et ouvert sur le monde dans un cadre conforme aux lois et aux orientations du minist\u00e8re fran\u00e7ais de l&rsquo;Education Nationale.<\/h4>\n<h4>Apr\u00e8s r\u00e9flexion et concertation, l&rsquo;\u00e9quipe p\u00e9dagogique a retenu 4 axes prioritaires sans hi\u00e9rarchie entre eux :<\/h4>\n<h4><span style=\"color: #ff0000\">axe 1 : la ma\u00eetrise de la langue et des langues<\/span><\/h4>\n<h4><span style=\"color: #ff0000\">axe 2 : l&rsquo;\u00e9ducation \u00e0 la citoyennet\u00e9 : vivre ensemble<\/span><\/h4>\n<h4><span style=\"color: #ff0000\">axe 3 : l&rsquo;aide apport\u00e9e aux \u00e9l\u00e8ves en difficult\u00e9<\/span><\/h4>\n<h4><span style=\"color: #ff0000\">axe 4 : le d\u00e9veloppement de la culture scientifique<\/span><\/h4>\n<h4><\/h4>\n<h4>De nombreuses actions seront mises en place dans le cadre de ce projet et seront \u00e9valu\u00e9es, les parents seront r\u00e9guli\u00e8rement inform\u00e9s \u00e0 ce sujet au cours\u00a0 des conseils d&rsquo;\u00e9cole.<\/h4>\n<h4>Ce projet d&rsquo;\u00e9cole est \u00e9labor\u00e9 pour une p\u00e9riode de trois ans.<\/h4>\n<p>&nbsp;<\/p>\n<p>&nbsp;<\/p>\n<p>&nbsp;<\/p>\n","protected":false},"excerpt":{"rendered":"<p>Le projet d&rsquo;\u00e9cole de l&rsquo;EPC 2015\/2018 Comme chaque \u00e9tablissement scolaire\u00a0 homologu\u00e9 par le minist\u00e8re fran\u00e7ais de l&rsquo;Education Nationale, l&rsquo;EPC doit se doter d&rsquo;un projet d&rsquo;\u00e9cole. Pour le r\u00e9diger, l&rsquo;\u00e9quipe p\u00e9dagogique a r\u00e9alis\u00e9 une analyse de la situation de l&rsquo;\u00e9cole, un bilan du projet d&rsquo;\u00e9cole pr\u00e9c\u00e9dent et a d\u00e9termin\u00e9 plusieurs priorit\u00e9s. La priorit\u00e9 principale est,\u00a0 et [&hellip;]<\/p>\n","protected":false},"author":59,"featured_media":0,"parent":0,"menu_order":0,"comment_status":"closed","ping_status":"closed","template":"","meta":{"_acf_changed":false,"footnotes":""},"class_list":["post-128","page","type-page","status-publish","czr-hentry"],"acf":[],"_links":{"self":[{"href":"https:\/\/ee.mlfmonde.org\/moanda-comilog\/wp-json\/wp\/v2\/pages\/128","targetHints":{"allow":["GET"]}}],"collection":[{"href":"https:\/\/ee.mlfmonde.org\/moanda-comilog\/wp-json\/wp\/v2\/pages"}],"about":[{"href":"https:\/\/ee.mlfmonde.org\/moanda-comilog\/wp-json\/wp\/v2\/types\/page"}],"author":[{"embeddable":true,"href":"https:\/\/ee.mlfmonde.org\/moanda-comilog\/wp-json\/wp\/v2\/users\/59"}],"replies":[{"embeddable":true,"href":"https:\/\/ee.mlfmonde.org\/moanda-comilog\/wp-json\/wp\/v2\/comments?post=128"}],"version-history":[{"count":3,"href":"https:\/\/ee.mlfmonde.org\/moanda-comilog\/wp-json\/wp\/v2\/pages\/128\/revisions"}],"predecessor-version":[{"id":658,"href":"https:\/\/ee.mlfmonde.org\/moanda-comilog\/wp-json\/wp\/v2\/pages\/128\/revisions\/658"}],"wp:attachment":[{"href":"https:\/\/ee.mlfmonde.org\/moanda-comilog\/wp-json\/wp\/v2\/media?parent=128"}],"curies":[{"name":"wp","href":"https:\/\/api.w.org\/{rel}","templated":true}]}}