{"id":126,"date":"2016-02-29T09:53:37","date_gmt":"2016-02-29T09:53:37","guid":{"rendered":"http:\/\/ee.mlfmonde.org\/moanda-comilog\/?page_id=126"},"modified":"2017-06-16T15:06:17","modified_gmt":"2017-06-16T15:06:17","slug":"conseils-decole","status":"publish","type":"page","link":"https:\/\/ee.mlfmonde.org\/moanda-comilog\/conseils-decole","title":{"rendered":"Conseils d&rsquo;\u00e9cole"},"content":{"rendered":"<p><span style=\"text-decoration: underline\"><strong><span style=\"color: #800000\"><em>Conseils d&rsquo;\u00e9cole de l&rsquo;ann\u00e9e 2016-2017<\/em><\/span><\/strong><\/span><\/p>\n<p><span style=\"color: #0000ff\"><a style=\"color: #0000ff\" href=\"http:\/\/ee.mlfmonde.org\/moanda-comilog\/wp-content\/uploads\/sites\/10\/2016\/02\/2016-2017-conseil-1.pdf\"><span style=\"text-decoration: underline\">Proc\u00e8s verbal du conseil d&rsquo;\u00e9cole n\u00b01 du 24 novembre 2016<\/span><\/a><\/span><\/p>\n<div class=\"su-document su-u-responsive-media-yes\"><iframe src=\"\/\/docs.google.com\/viewer?embedded=true&url=http:\/\/ee.mlfmonde.org\/moanda-comilog\/wp-content\/uploads\/sites\/10\/2016\/02\/2016-2017-conseil-1.pdf\" width=\"600\" height=\"400\" class=\"su-document\" title=\"\"><\/iframe><\/div>\n<p><span style=\"color: #0000ff\"><a style=\"color: #0000ff\" href=\"http:\/\/ee.mlfmonde.org\/moanda-comilog\/wp-content\/uploads\/sites\/10\/2017\/06\/Conseil-Ecole-Mars-2017.pdf\"><span style=\"text-decoration: underline\">Proc\u00e8s verbal du conseil d&rsquo;\u00e9cole n\u00b02 du 16 mars 2017<\/span><\/a><\/span><\/p>\n<div class=\"su-document su-u-responsive-media-yes\"><iframe src=\"\/\/docs.google.com\/viewer?embedded=true&url=http:\/\/ee.mlfmonde.org\/moanda-comilog\/wp-content\/uploads\/sites\/10\/2017\/06\/Conseil-Ecole-Mars-2017.pdf\" width=\"600\" height=\"400\" class=\"su-document\" title=\"\"><\/iframe><\/div>\n<p>Proc\u00e8s verbal du conseil d&rsquo;\u00e9cole n\u00b03 du 13 juin 2017<\/p>\n<p><a href=\"http:\/\/&lt;div class=&quot;su-document su-u-responsive-media-yes&quot;&gt;&lt;iframe src=&quot;\/\/docs.google.com\/viewer?embedded=true&amp;url=&quot;http:\/\/ee.mlfmonde.org\/moanda-comilog\/wp-content\/uploads\/sites\/10\/2017\/06\/PV-conseil-d\u00e9cole-du-13-juin.pdf&quot;&quot; width=&quot;600&quot; height=&quot;400&quot; class=&quot;su-document&quot; title=&quot;&quot;&gt;&lt;\/iframe&gt;&lt;\/div&gt;\"><div class=\"su-document su-u-responsive-media-yes\"><iframe src=\"\/\/docs.google.com\/viewer?embedded=true&url=http:\/\/ee.mlfmonde.org\/moanda-comilog\/wp-content\/uploads\/sites\/10\/2017\/06\/PV-conseil-d\u00e9cole-du-13-juin.pdf\" width=\"600\" height=\"400\" class=\"su-document\" title=\"\"><\/iframe><\/div><\/a><\/p>\n<p>&nbsp;<\/p>\n<p>&nbsp;<\/p>\n<p><span style=\"text-decoration: underline\"><strong><span style=\"color: #800000\"><em>Conseils d&rsquo;\u00e9cole de l&rsquo;ann\u00e9e 2015-2016<\/em><\/span><\/strong><\/span><\/p>\n<p><span style=\"text-decoration: underline\"><span style=\"color: #003300;text-decoration: underline\"><a href=\"http:\/\/ee.mlfmonde.org\/moanda-comilog\/wp-content\/uploads\/sites\/10\/2016\/02\/2015-2016-conseil1.pdf\">Proc\u00e8s verbal du conseil d&rsquo;\u00e9cole n\u00b01 du 26 novembre 2015<\/a><\/span><\/span><\/p>\n<div class=\"su-document su-u-responsive-media-yes\"><iframe src=\"\/\/docs.google.com\/viewer?embedded=true&url=http:\/\/ee.mlfmonde.org\/moanda-comilog\/wp-content\/uploads\/sites\/10\/2016\/02\/2015-2016-conseil1.pdf\" width=\"600\" height=\"400\" class=\"su-document\" title=\"\"><\/iframe><\/div>\n<p><span style=\"text-decoration: underline\"><span style=\"color: #003300;text-decoration: underline\"><a href=\"http:\/\/ee.mlfmonde.org\/moanda-comilog\/wp-content\/uploads\/sites\/10\/2016\/03\/2015-2016-conseil2.pdf\">Proc\u00e8s verbal du conseil d&rsquo;\u00e9cole n\u00b02 du 10 mars 2016<\/a><\/span><\/span><\/p>\n<div class=\"su-document su-u-responsive-media-yes\"><iframe src=\"\/\/docs.google.com\/viewer?embedded=true&url=http:\/\/ee.mlfmonde.org\/moanda-comilog\/wp-content\/uploads\/sites\/10\/2016\/03\/2015-2016-conseil2.pdf\" width=\"600\" height=\"400\" class=\"su-document\" title=\"\"><\/iframe><\/div>\n<p><span style=\"text-decoration: underline\"><span style=\"color: #003300;text-decoration: underline\"><a href=\"http:\/\/ee.mlfmonde.org\/moanda-comilog\/wp-content\/uploads\/sites\/10\/2016\/02\/PV-du-Conseil-d\u00e9cole-du-14-juin.pdf\">Proc\u00e8s verbal du conseil d&rsquo;\u00e9cole n\u00b03\u00a0 du 14 juin 2016<\/a><\/span><\/span><\/p>\n<div class=\"su-document su-u-responsive-media-yes\"><iframe src=\"\/\/docs.google.com\/viewer?embedded=true&url=http:\/\/ee.mlfmonde.org\/moanda-comilog\/wp-content\/uploads\/sites\/10\/2016\/02\/PV-du-Conseil-d\u00e9cole-du-14-juin.pdf\" width=\"600\" height=\"400\" class=\"su-document\" title=\"\"><\/iframe><\/div>\n<p><strong><span style=\"text-decoration: underline\"><span style=\"color: #000000;text-decoration: underline\">Archives<\/span> <\/span>:<\/strong><\/p>\n<p><strong><span style=\"text-decoration: underline\"><span style=\"color: #800000\"><em>Conseils d&rsquo;\u00e9cole de l&rsquo;ann\u00e9e 2014-2015<\/em><\/span><\/span><\/strong><\/p>\n<p><span style=\"text-decoration: underline\"><span style=\"color: #003300;text-decoration: underline\"><a href=\"http:\/\/ee.mlfmonde.org\/moanda-comilog\/wp-content\/uploads\/sites\/10\/2016\/02\/20142015-conseil1.pdf\">Proc\u00e8s verbal du conseil d&rsquo;\u00e9cole du 26 novembre 2014<\/a><\/span><\/span><\/p>\n<div class=\"su-document su-u-responsive-media-yes\"><iframe src=\"\/\/docs.google.com\/viewer?embedded=true&url=http:\/\/ee.mlfmonde.org\/moanda-comilog\/wp-content\/uploads\/sites\/10\/2016\/02\/20142015-conseil1.pdf\" width=\"600\" height=\"400\" class=\"su-document\" title=\"\"><\/iframe><\/div>\n<p><span style=\"text-decoration: underline;color: #003300\"><a href=\"http:\/\/ee.mlfmonde.org\/moanda-comilog\/wp-content\/uploads\/sites\/10\/2016\/02\/20142015-conseil2.pdf\">Proc\u00e8s verbal du conseil d&rsquo;\u00e9cole du 12 mars 2015<\/a><\/span><\/p>\n<div class=\"su-document su-u-responsive-media-yes\"><iframe src=\"\/\/docs.google.com\/viewer?embedded=true&url=http:\/\/ee.mlfmonde.org\/moanda-comilog\/wp-content\/uploads\/sites\/10\/2016\/02\/20142015-conseil2.pdf\" width=\"600\" height=\"400\" class=\"su-document\" title=\"\"><\/iframe><\/div>\n<p><span style=\"text-decoration: underline;color: #003300\"><a href=\"http:\/\/ee.mlfmonde.org\/moanda-comilog\/wp-content\/uploads\/sites\/10\/2016\/02\/20142015-conseil3.pdf\">Proc\u00e8s verbal du conseil d&rsquo;\u00e9cole du 18 juin 2015<\/a><\/span><\/p>\n<div class=\"su-document su-u-responsive-media-yes\"><iframe src=\"\/\/docs.google.com\/viewer?embedded=true&url=http:\/\/ee.mlfmonde.org\/moanda-comilog\/wp-content\/uploads\/sites\/10\/2016\/02\/20142015-conseil3.pdf\" width=\"600\" height=\"400\" class=\"su-document\" title=\"\"><\/iframe><\/div>\n<p>&nbsp;<\/p>\n","protected":false},"excerpt":{"rendered":"<p>Conseils d&rsquo;\u00e9cole de l&rsquo;ann\u00e9e 2016-2017 Proc\u00e8s verbal du conseil d&rsquo;\u00e9cole n\u00b01 du 24 novembre 2016 Proc\u00e8s verbal du conseil d&rsquo;\u00e9cole n\u00b02 du 16 mars 2017 Proc\u00e8s verbal du conseil d&rsquo;\u00e9cole n\u00b03 du 13 juin 2017 &nbsp; &nbsp; Conseils d&rsquo;\u00e9cole de l&rsquo;ann\u00e9e 2015-2016 Proc\u00e8s verbal du conseil d&rsquo;\u00e9cole n\u00b01 du 26 novembre 2015 Proc\u00e8s verbal du [&hellip;]<\/p>\n","protected":false},"author":59,"featured_media":0,"parent":0,"menu_order":0,"comment_status":"closed","ping_status":"closed","template":"","meta":{"_acf_changed":false,"footnotes":""},"class_list":["post-126","page","type-page","status-publish","czr-hentry"],"acf":[],"_links":{"self":[{"href":"https:\/\/ee.mlfmonde.org\/moanda-comilog\/wp-json\/wp\/v2\/pages\/126","targetHints":{"allow":["GET"]}}],"collection":[{"href":"https:\/\/ee.mlfmonde.org\/moanda-comilog\/wp-json\/wp\/v2\/pages"}],"about":[{"href":"https:\/\/ee.mlfmonde.org\/moanda-comilog\/wp-json\/wp\/v2\/types\/page"}],"author":[{"embeddable":true,"href":"https:\/\/ee.mlfmonde.org\/moanda-comilog\/wp-json\/wp\/v2\/users\/59"}],"replies":[{"embeddable":true,"href":"https:\/\/ee.mlfmonde.org\/moanda-comilog\/wp-json\/wp\/v2\/comments?post=126"}],"version-history":[{"count":13,"href":"https:\/\/ee.mlfmonde.org\/moanda-comilog\/wp-json\/wp\/v2\/pages\/126\/revisions"}],"predecessor-version":[{"id":791,"href":"https:\/\/ee.mlfmonde.org\/moanda-comilog\/wp-json\/wp\/v2\/pages\/126\/revisions\/791"}],"wp:attachment":[{"href":"https:\/\/ee.mlfmonde.org\/moanda-comilog\/wp-json\/wp\/v2\/media?parent=126"}],"curies":[{"name":"wp","href":"https:\/\/api.w.org\/{rel}","templated":true}]}}