{"id":12,"date":"2016-02-16T09:33:59","date_gmt":"2016-02-16T09:33:59","guid":{"rendered":"http:\/\/ee.mlfmonde.org\/moanda-comilog\/?page_id=12"},"modified":"2016-02-29T07:51:02","modified_gmt":"2016-02-29T07:51:02","slug":"bienvenue","status":"publish","type":"page","link":"https:\/\/ee.mlfmonde.org\/moanda-comilog\/lecole-en-bref\/bienvenue","title":{"rendered":"Bienvenue"},"content":{"rendered":"<p dir=\"rtl\" style=\"text-align: left\"><strong><span style=\"text-decoration: underline;color: #ff00ff;font-size: 12pt\"><span style=\"text-decoration: underline\"><span style=\"font-family: arial,helvetica,sans-serif\"><span style=\"color: #ff00ff;text-decoration: underline\">Bienvenue sur le site internet de l&rsquo;\u00e9cole<\/span><\/span><\/span><\/span><\/strong><\/p>\n<p><span style=\"color: #333333;font-family: arial,helvetica,sans-serif;font-size: 12pt\"><span style=\"font-family: arial,helvetica,sans-serif;font-size: 12pt\"><span style=\"font-size: 10pt\"><span style=\"color: #333333;font-family: arial,helvetica,sans-serif\"><span style=\"color: #0000ff\">V\u00e9ritable vitrine de la vie de notre \u00e9cole,\u00a0 sur ce site vous y trouverez divers renseignements, vous pourrez aussi consulter des compte-rendus<\/span><\/span><br \/>\n<\/span><br \/>\n<span style=\"font-size: 10pt\"><span style=\"color: #333333;font-family: arial,helvetica,sans-serif\"><span style=\"color: #0000ff\">Bonne lecture et n&rsquo;h\u00e9sitez pas \u00e0 nous contacter pour nous apporter des conseils et des critiques<\/span><\/span><br \/>\n<\/span><\/span><em><span style=\"color: #3366ff;text-decoration: underline\"><span style=\"font-family: arial,helvetica,sans-serif;font-size: 12pt\"><span style=\"font-size: 10pt\"><span style=\"text-decoration: underline\"><br \/>\n<span style=\"color: #ff9900;text-decoration: underline\"><a href=\"mailto:direction.ecole.moanda@mlfmonde.fr\"><span style=\"color: #ff9900;text-decoration: underline\">direction.ecole.moanda@mlfmonde.fr<\/span><br \/>\n<\/a><br \/>\n<\/span><\/span><\/span><\/span><\/span><\/em><span style=\"font-size: 10pt\"><span style=\"color: #3366ff\"><span style=\"text-decoration: underline\"><strong><span style=\"text-decoration: underline\">T\u00e9l<\/span> <\/strong> <\/span> : (00 241) 01 66 52 18 <\/span><br \/>\n<\/span> <\/span><\/p>\n","protected":false},"excerpt":{"rendered":"<p>Bienvenue sur le site internet de l&rsquo;\u00e9cole V\u00e9ritable vitrine de la vie de notre \u00e9cole,\u00a0 sur ce site vous y trouverez divers renseignements, vous pourrez aussi consulter des compte-rendus Bonne lecture et n&rsquo;h\u00e9sitez pas \u00e0 nous contacter pour nous apporter des conseils et des critiques direction.ecole.moanda@mlfmonde.fr T\u00e9l : (00 241) 01 66 52 18<\/p>\n","protected":false},"author":1,"featured_media":0,"parent":10,"menu_order":0,"comment_status":"closed","ping_status":"closed","template":"","meta":{"_acf_changed":false,"footnotes":""},"class_list":["post-12","page","type-page","status-publish","czr-hentry"],"acf":[],"_links":{"self":[{"href":"https:\/\/ee.mlfmonde.org\/moanda-comilog\/wp-json\/wp\/v2\/pages\/12","targetHints":{"allow":["GET"]}}],"collection":[{"href":"https:\/\/ee.mlfmonde.org\/moanda-comilog\/wp-json\/wp\/v2\/pages"}],"about":[{"href":"https:\/\/ee.mlfmonde.org\/moanda-comilog\/wp-json\/wp\/v2\/types\/page"}],"author":[{"embeddable":true,"href":"https:\/\/ee.mlfmonde.org\/moanda-comilog\/wp-json\/wp\/v2\/users\/1"}],"replies":[{"embeddable":true,"href":"https:\/\/ee.mlfmonde.org\/moanda-comilog\/wp-json\/wp\/v2\/comments?post=12"}],"version-history":[{"count":4,"href":"https:\/\/ee.mlfmonde.org\/moanda-comilog\/wp-json\/wp\/v2\/pages\/12\/revisions"}],"predecessor-version":[{"id":99,"href":"https:\/\/ee.mlfmonde.org\/moanda-comilog\/wp-json\/wp\/v2\/pages\/12\/revisions\/99"}],"up":[{"embeddable":true,"href":"https:\/\/ee.mlfmonde.org\/moanda-comilog\/wp-json\/wp\/v2\/pages\/10"}],"wp:attachment":[{"href":"https:\/\/ee.mlfmonde.org\/moanda-comilog\/wp-json\/wp\/v2\/media?parent=12"}],"curies":[{"name":"wp","href":"https:\/\/api.w.org\/{rel}","templated":true}]}}