{"id":109,"date":"2016-02-29T08:21:51","date_gmt":"2016-02-29T08:21:51","guid":{"rendered":"http:\/\/ee.mlfmonde.org\/moanda-comilog\/?page_id=109"},"modified":"2016-02-29T10:46:20","modified_gmt":"2016-02-29T10:46:20","slug":"nous-contacter","status":"publish","type":"page","link":"https:\/\/ee.mlfmonde.org\/moanda-comilog\/lecole-en-bref\/nous-contacter","title":{"rendered":"Nous contacter"},"content":{"rendered":"<p><span style=\"text-decoration: underline\"><strong><span style=\"color: #0000ff;text-decoration: underline\"><span style=\"font-size: 14pt\">Pour nous contacter :<\/span><\/span><\/strong><\/span><\/p>\n<p><span style=\"text-decoration: underline\"><strong><span style=\"color: #0000ff;text-decoration: underline\"><span style=\"font-size: 14pt\">\u00a0<\/span><\/span><\/strong><\/span><\/p>\n<p><span style=\"font-size: 14pt\"><em><span style=\"color: #008080\">par mail :<\/span><\/em><\/span><\/p>\n<p><span style=\"text-decoration: underline;font-size: 14pt\"><span style=\"color: #800000;text-decoration: underline\"><a>gerard.farineau@mlfmonde.org<\/a><\/span><\/span><\/p>\n<p><span style=\"text-decoration: underline;font-size: 14pt\"><span style=\"color: #800000;text-decoration: underline\"><span style=\"color: #800000;text-decoration: underline\">\u00a0<\/span><\/span><\/span><\/p>\n<p><span style=\"color: #000000;font-size: 14pt\"><em><span style=\"color: #008080\">par courrier :<\/span><\/em><\/span><\/p>\n<p><span style=\"color: #800000;font-size: 14pt;background-color: #ffff00\">Ecole EPC &#8211; COMILOG<\/span><\/p>\n<p><span style=\"color: #800000;font-size: 14pt;background-color: #ffff00\">Cit\u00e9 Cadres<\/span><\/p>\n<p><span style=\"color: #800000;font-size: 14pt;background-color: #ffff00\">BP2728<\/span><\/p>\n<p><span style=\"color: #800000;font-size: 14pt;background-color: #ffff00\">MOANDA<\/span><\/p>\n<p><span style=\"color: #800000;font-size: 14pt;background-color: #ffff00\">GABON<\/span><\/p>\n<p><span style=\"color: #000000;font-size: 14pt\">\u00a0<\/span><\/p>\n<p><span style=\"font-size: 14pt\"><em><span style=\"color: #008080\">par t\u00e9l\u00e9phone :<\/span><\/em> <\/span><\/p>\n<p><span style=\"color: #800000;font-size: 14pt\">+241 (0)1 66 52 18<\/span><\/p>\n<p>&nbsp;<\/p>\n<p><strong><span style=\"text-decoration: underline\"><span style=\"color: #ff0000;text-decoration: underline\"><span style=\"color: #000000;text-decoration: underline\">\u00e0 propos du site&#8230;<\/span><br \/>\n<\/span><\/span><\/strong><\/p>\n<p><span style=\"text-decoration: underline\"><strong><span style=\"color: #ff0000;text-decoration: underline\">Responsable de publication<\/span><\/strong><\/span> : <span style=\"color: #000000\">G\u00e9rard Farineau<\/span><\/p>\n<p><span style=\"text-decoration: underline\"><strong><span style=\"color: #ff0000;text-decoration: underline\">Administration \/ Mise \u00e0 jour<\/span><\/strong><\/span> :<span style=\"color: #000000\"> Olivier Alfonsi<\/span><\/p>\n","protected":false},"excerpt":{"rendered":"<p>Pour nous contacter : \u00a0 par mail : gerard.farineau@mlfmonde.org \u00a0 par courrier : Ecole EPC &#8211; COMILOG Cit\u00e9 Cadres BP2728 MOANDA GABON \u00a0 par t\u00e9l\u00e9phone : +241 (0)1 66 52 18 &nbsp; \u00e0 propos du site&#8230; Responsable de publication : G\u00e9rard Farineau Administration \/ Mise \u00e0 jour : Olivier Alfonsi<\/p>\n","protected":false},"author":59,"featured_media":0,"parent":10,"menu_order":0,"comment_status":"closed","ping_status":"closed","template":"","meta":{"_acf_changed":false,"footnotes":""},"class_list":["post-109","page","type-page","status-publish","czr-hentry"],"acf":[],"_links":{"self":[{"href":"https:\/\/ee.mlfmonde.org\/moanda-comilog\/wp-json\/wp\/v2\/pages\/109","targetHints":{"allow":["GET"]}}],"collection":[{"href":"https:\/\/ee.mlfmonde.org\/moanda-comilog\/wp-json\/wp\/v2\/pages"}],"about":[{"href":"https:\/\/ee.mlfmonde.org\/moanda-comilog\/wp-json\/wp\/v2\/types\/page"}],"author":[{"embeddable":true,"href":"https:\/\/ee.mlfmonde.org\/moanda-comilog\/wp-json\/wp\/v2\/users\/59"}],"replies":[{"embeddable":true,"href":"https:\/\/ee.mlfmonde.org\/moanda-comilog\/wp-json\/wp\/v2\/comments?post=109"}],"version-history":[{"count":4,"href":"https:\/\/ee.mlfmonde.org\/moanda-comilog\/wp-json\/wp\/v2\/pages\/109\/revisions"}],"predecessor-version":[{"id":149,"href":"https:\/\/ee.mlfmonde.org\/moanda-comilog\/wp-json\/wp\/v2\/pages\/109\/revisions\/149"}],"up":[{"embeddable":true,"href":"https:\/\/ee.mlfmonde.org\/moanda-comilog\/wp-json\/wp\/v2\/pages\/10"}],"wp:attachment":[{"href":"https:\/\/ee.mlfmonde.org\/moanda-comilog\/wp-json\/wp\/v2\/media?parent=109"}],"curies":[{"name":"wp","href":"https:\/\/api.w.org\/{rel}","templated":true}]}}