{"id":10,"date":"2016-02-16T09:33:42","date_gmt":"2016-02-16T09:33:42","guid":{"rendered":"http:\/\/ee.mlfmonde.org\/moanda-comilog\/?page_id=10"},"modified":"2016-02-29T08:06:16","modified_gmt":"2016-02-29T08:06:16","slug":"lecole-en-bref","status":"publish","type":"page","link":"https:\/\/ee.mlfmonde.org\/moanda-comilog\/lecole-en-bref","title":{"rendered":"L&rsquo;\u00e9cole en Bref !"},"content":{"rendered":"<p>Aper\u00e7u du site de l&rsquo;\u00e9cole<\/p>\n","protected":false},"excerpt":{"rendered":"<p>Aper\u00e7u du site de l&rsquo;\u00e9cole<\/p>\n","protected":false},"author":1,"featured_media":0,"parent":0,"menu_order":0,"comment_status":"closed","ping_status":"closed","template":"","meta":{"_acf_changed":false,"footnotes":""},"class_list":["post-10","page","type-page","status-publish","czr-hentry"],"acf":[],"_links":{"self":[{"href":"https:\/\/ee.mlfmonde.org\/moanda-comilog\/wp-json\/wp\/v2\/pages\/10","targetHints":{"allow":["GET"]}}],"collection":[{"href":"https:\/\/ee.mlfmonde.org\/moanda-comilog\/wp-json\/wp\/v2\/pages"}],"about":[{"href":"https:\/\/ee.mlfmonde.org\/moanda-comilog\/wp-json\/wp\/v2\/types\/page"}],"author":[{"embeddable":true,"href":"https:\/\/ee.mlfmonde.org\/moanda-comilog\/wp-json\/wp\/v2\/users\/1"}],"replies":[{"embeddable":true,"href":"https:\/\/ee.mlfmonde.org\/moanda-comilog\/wp-json\/wp\/v2\/comments?post=10"}],"version-history":[{"count":3,"href":"https:\/\/ee.mlfmonde.org\/moanda-comilog\/wp-json\/wp\/v2\/pages\/10\/revisions"}],"predecessor-version":[{"id":102,"href":"https:\/\/ee.mlfmonde.org\/moanda-comilog\/wp-json\/wp\/v2\/pages\/10\/revisions\/102"}],"wp:attachment":[{"href":"https:\/\/ee.mlfmonde.org\/moanda-comilog\/wp-json\/wp\/v2\/media?parent=10"}],"curies":[{"name":"wp","href":"https:\/\/api.w.org\/{rel}","templated":true}]}}