{"id":2111,"date":"2023-10-15T10:25:07","date_gmt":"2023-10-15T09:25:07","guid":{"rendered":"http:\/\/ee.mlfmonde.org\/moanda-comilog-lhs\/?page_id=2111"},"modified":"2023-10-15T10:25:07","modified_gmt":"2023-10-15T09:25:07","slug":"le-bien-etre-au-lhs","status":"publish","type":"page","link":"https:\/\/ee.mlfmonde.org\/moanda-comilog-lhs\/le-bien-etre-au-lhs\/","title":{"rendered":"Le bien-\u00eatre au LHS"},"content":{"rendered":"<h2><img fetchpriority=\"high\" decoding=\"async\" class=\"aligncenter size-large wp-image-2112\" src=\"http:\/\/ee.mlfmonde.org\/moanda-comilog-lhs\/wp-content\/uploads\/sites\/11\/2023\/10\/Banniere-pHARe-1024x256.jpg\" alt=\"\" width=\"1024\" height=\"256\" srcset=\"https:\/\/ee.mlfmonde.org\/moanda-comilog-lhs\/wp-content\/uploads\/sites\/11\/2023\/10\/Banniere-pHARe-1024x256.jpg 1024w, https:\/\/ee.mlfmonde.org\/moanda-comilog-lhs\/wp-content\/uploads\/sites\/11\/2023\/10\/Banniere-pHARe-300x75.jpg 300w, https:\/\/ee.mlfmonde.org\/moanda-comilog-lhs\/wp-content\/uploads\/sites\/11\/2023\/10\/Banniere-pHARe-768x192.jpg 768w, https:\/\/ee.mlfmonde.org\/moanda-comilog-lhs\/wp-content\/uploads\/sites\/11\/2023\/10\/Banniere-pHARe-570x143.jpg 570w, https:\/\/ee.mlfmonde.org\/moanda-comilog-lhs\/wp-content\/uploads\/sites\/11\/2023\/10\/Banniere-pHARe.jpg 1584w\" sizes=\"(max-width: 1024px) 100vw, 1024px\" \/><\/h2>\n<h2><\/h2>\n<h2 style=\"padding-left: 30px\">Le programme pHARe, c&rsquo;est quoi ?<\/h2>\n<p>pHARe est l&rsquo;acronyme de <span style=\"color: #ff9900\">P<\/span>r\u00e9venir le <span style=\"color: #ff9900\">H<\/span>arc\u00e8lement et <span style=\"color: #ff9900\">A<\/span>gir avec <span style=\"color: #ff9900\">Re<\/span>spect. C&rsquo;est un protocole bas\u00e9 sur un\u00a0<em>corpus<\/em> scientifique et officiel d\u00e9velopp\u00e9 au sein de l&rsquo;\u00e9tablissement afin de promouvoir le bien-\u00eatre \u00e0 l&rsquo;\u00e9cole pour tou.te.s les \u00e9l\u00e8ves et pr\u00e9venir les situations de harc\u00e8lement.\u00a0<span class=\"OYPEnA text-decoration-none text-strikethrough-none\">Le harc\u00e8lement scolaire se caract\u00e9rise par des activit\u00e9s n\u00e9gatives <\/span><strong><span class=\"OYPEnA text-decoration-none text-strikethrough-none\">r\u00e9p\u00e9t\u00e9es<\/span><\/strong><span class=\"OYPEnA text-decoration-none text-strikethrough-none\">, des <strong>attaques<\/strong>, des <\/span><strong><span class=\"OYPEnA text-decoration-none text-strikethrough-none\">mises \u00e0 l&rsquo;\u00e9cart<\/span><\/strong><span class=\"OYPEnA text-decoration-none text-strikethrough-none\"><strong> d&rsquo;un groupe<\/strong>, qui sont dirig\u00e9es contre une personne par <\/span><strong><span class=\"OYPEnA text-decoration-none text-strikethrough-none\">deux individus ou plus<\/span><span class=\"OYPEnA text-decoration-none text-strikethrough-none\"> qui <\/span><span class=\"OYPEnA text-decoration-none text-strikethrough-none\">interagissent<\/span><\/strong><span class=\"OYPEnA text-decoration-none text-strikethrough-none\"><strong> entre eux<\/strong>.<br \/>\n<\/span>Le coeur du dispositif repose sur la m\u00e9thode de la pr\u00e9occupation partag\u00e9e, expliqu\u00e9e dans la vid\u00e9o ci-dessous :<\/p>\n<div class=\"su-youtube su-u-responsive-media-yes\"><iframe width=\"480\" height=\"320\" src=\"https:\/\/www.youtube.com\/embed\/qDrJgwpeF0I?\" frameborder=\"0\" allowfullscreen allow=\"autoplay; encrypted-media; picture-in-picture\" title=\"\"><\/iframe><\/div>\n<p>&nbsp;<\/p>\n<p>Outre ce protocole, l&rsquo;\u00e9quipe bien-\u00eatre du LHS va mener un certain nombre d&rsquo;action : enqu\u00eate sur le climat scolaire, action de pr\u00e9vention, sensibilisation de l&rsquo;ensemble des enseignants et personnels, mise \u00e0 disposition de ressources num\u00e9riques, &#8230;<\/p>\n<hr \/>\n<h2 style=\"padding-left: 30px\">Le programme pHARe au LHS, c&rsquo;est qui ?<\/h2>\n<p>Sous la houlette de Mme Jouan, proviseure de l&rsquo;\u00e9tablissement, l&rsquo;\u00e9quipe pHARe se compose de :<\/p>\n<ul>\n<li><span class=\"OYPEnA text-decoration-none text-strikethrough-none\">Guy-Serge Mbama, CPE<\/span><\/li>\n<li><span class=\"OYPEnA text-decoration-none text-strikethrough-none\">Cl\u00e9lie Charlet, enseignante d&rsquo;histoire-g\u00e9ographie et EMC<\/span><\/li>\n<li><span class=\"OYPEnA text-decoration-none text-strikethrough-none\">Mack Dowell Komba, enseignant de math\u00e9matiques<\/span><\/li>\n<li><span class=\"OYPEnA text-decoration-none text-strikethrough-none\">Alexandra Mengue, assistante sociale<\/span><\/li>\n<li><span class=\"OYPEnA text-decoration-none text-strikethrough-none\">Paule Ghislaine Mombo, assistante sociale<\/span><\/li>\n<li><span class=\"OYPEnA text-decoration-none text-strikethrough-none\">Laurentine Etsiliga, infirmi\u00e8re<\/span><\/li>\n<\/ul>\n<p>En plus des personnels adultes, des ambassadeurs et ambassadrices bien-\u00eatre seront sensibilis\u00e9s aux probl\u00e9matiques li\u00e9es au harc\u00e8lement, \u00e0 l&rsquo;exclusion scolaire et au bien-\u00eatre afin d&rsquo;\u00eatre des relais actifs aupr\u00e8s de leurs camarades. La vid\u00e9o ci-dessous vous pr\u00e9sente ce r\u00f4le bien particulier :<\/p>\n<div class=\"su-youtube su-u-responsive-media-yes\"><iframe width=\"480\" height=\"320\" src=\"https:\/\/www.youtube.com\/embed\/Uat2IGbbx8o?\" frameborder=\"0\" allowfullscreen allow=\"autoplay; encrypted-media; picture-in-picture\" title=\"\"><\/iframe><\/div>\n<hr \/>\n<h2 style=\"padding-left: 30px\">Le programme pHARe au LHS, c&rsquo;est quand ?<\/h2>\n<p>Mis en place cette ann\u00e9e par une \u00e9quipe fra\u00eechement auto-form\u00e9e, le programme pHARe va se d\u00e9ployer tout au long de l&rsquo;ann\u00e9e au LHS et se p\u00e9renniser dans les ann\u00e9es \u00e0 venir. Voici les moments forts qui jalonneront cette ann\u00e9e scolaire :<\/p>\n<ul>\n<li>septembre : enqu\u00eate sur le climat scolaire et formation de l&rsquo;\u00e9quipe en interne<\/li>\n<li>19 octobre : formation des ambassadrices et ambassadeurs bien-\u00eatre<\/li>\n<li>09 novembre : journ\u00e9e de lutte contre le harc\u00e8lement<\/li>\n<li>06 f\u00e9vrier :\u00a0<em>Safer Internet Day<\/em><\/li>\n<li>tout au long de l&rsquo;ann\u00e9e : chaque classe se verra propos\u00e9e un film qui traite du harc\u00e8lement, film qui sera suivi d&rsquo;un d\u00e9bat pris en charge par l&rsquo;\u00e9quipe bien-\u00eatre de l&rsquo;\u00e9tablissement.<\/li>\n<\/ul>\n<hr \/>\n<h2 style=\"padding-left: 30px\">Le programme pHARe, en r\u00e9sum\u00e9 ?<\/h2>\n<p><img decoding=\"async\" class=\"aligncenter size-large wp-image-2115\" src=\"http:\/\/ee.mlfmonde.org\/moanda-comilog-lhs\/wp-content\/uploads\/sites\/11\/2023\/10\/Protocole-externe-dispositif-pHARe-741x1024.png\" alt=\"\" width=\"741\" height=\"1024\" srcset=\"https:\/\/ee.mlfmonde.org\/moanda-comilog-lhs\/wp-content\/uploads\/sites\/11\/2023\/10\/Protocole-externe-dispositif-pHARe-741x1024.png 741w, https:\/\/ee.mlfmonde.org\/moanda-comilog-lhs\/wp-content\/uploads\/sites\/11\/2023\/10\/Protocole-externe-dispositif-pHARe-217x300.png 217w, https:\/\/ee.mlfmonde.org\/moanda-comilog-lhs\/wp-content\/uploads\/sites\/11\/2023\/10\/Protocole-externe-dispositif-pHARe-768x1061.png 768w, https:\/\/ee.mlfmonde.org\/moanda-comilog-lhs\/wp-content\/uploads\/sites\/11\/2023\/10\/Protocole-externe-dispositif-pHARe-570x787.png 570w, https:\/\/ee.mlfmonde.org\/moanda-comilog-lhs\/wp-content\/uploads\/sites\/11\/2023\/10\/Protocole-externe-dispositif-pHARe.png 905w\" sizes=\"(max-width: 741px) 100vw, 741px\" \/><\/p>\n<p>&nbsp;<\/p>\n","protected":false},"excerpt":{"rendered":"<p>Le programme pHARe, c&rsquo;est quoi ? pHARe est l&rsquo;acronyme de Pr\u00e9venir le Harc\u00e8lement et Agir avec Respect. C&rsquo;est un protocole bas\u00e9 sur un\u00a0corpus scientifique et officiel d\u00e9velopp\u00e9 au sein de l&rsquo;\u00e9tablissement afin de promouvoir le bien-\u00eatre \u00e0 l&rsquo;\u00e9cole pour tou.te.s les \u00e9l\u00e8ves et pr\u00e9venir les situations de harc\u00e8lement.\u00a0Le harc\u00e8lement scolaire se caract\u00e9rise par des activit\u00e9s [&hellip;]<\/p>\n","protected":false},"author":161,"featured_media":0,"parent":0,"menu_order":0,"comment_status":"closed","ping_status":"closed","template":"","meta":{"_acf_changed":false,"footnotes":""},"class_list":["post-2111","page","type-page","status-publish","czr-hentry"],"acf":[],"_links":{"self":[{"href":"https:\/\/ee.mlfmonde.org\/moanda-comilog-lhs\/wp-json\/wp\/v2\/pages\/2111","targetHints":{"allow":["GET"]}}],"collection":[{"href":"https:\/\/ee.mlfmonde.org\/moanda-comilog-lhs\/wp-json\/wp\/v2\/pages"}],"about":[{"href":"https:\/\/ee.mlfmonde.org\/moanda-comilog-lhs\/wp-json\/wp\/v2\/types\/page"}],"author":[{"embeddable":true,"href":"https:\/\/ee.mlfmonde.org\/moanda-comilog-lhs\/wp-json\/wp\/v2\/users\/161"}],"replies":[{"embeddable":true,"href":"https:\/\/ee.mlfmonde.org\/moanda-comilog-lhs\/wp-json\/wp\/v2\/comments?post=2111"}],"version-history":[{"count":4,"href":"https:\/\/ee.mlfmonde.org\/moanda-comilog-lhs\/wp-json\/wp\/v2\/pages\/2111\/revisions"}],"predecessor-version":[{"id":2117,"href":"https:\/\/ee.mlfmonde.org\/moanda-comilog-lhs\/wp-json\/wp\/v2\/pages\/2111\/revisions\/2117"}],"wp:attachment":[{"href":"https:\/\/ee.mlfmonde.org\/moanda-comilog-lhs\/wp-json\/wp\/v2\/media?parent=2111"}],"curies":[{"name":"wp","href":"https:\/\/api.w.org\/{rel}","templated":true}]}}